{"id":5122,"date":"2026-04-29T14:16:20","date_gmt":"2026-04-29T12:16:20","guid":{"rendered":"https:\/\/www.ctchotelverona.com\/verona\/was-man-in-verona-unternehmen-kann\/"},"modified":"2026-05-11T14:54:58","modified_gmt":"2026-05-11T12:54:58","slug":"was-man-verona-unternehmen","status":"publish","type":"page","link":"https:\/\/www.ctchotelverona.com\/de\/verona\/was-man-verona-unternehmen\/","title":{"rendered":"Was man in Verona unternehmen kann"},"content":{"rendered":"\t\t<div data-elementor-type=\"wp-page\" data-elementor-id=\"5122\" class=\"elementor elementor-5122 elementor-5008\" data-elementor-post-type=\"page\">\n\t\t\t\t<div class=\"elementor-element elementor-element-bffe1a7 e-flex e-con-boxed e-con e-parent\" data-id=\"bffe1a7\" data-element_type=\"container\" data-e-type=\"container\" data-settings=\"{&quot;background_background&quot;:&quot;classic&quot;,&quot;shape_divider_bottom&quot;:&quot;curve&quot;}\">\n\t\t\t\t\t<div class=\"e-con-inner\">\n\t\t\t\t<div class=\"elementor-shape elementor-shape-bottom\" aria-hidden=\"true\" data-negative=\"false\">\n\t\t\t<svg xmlns=\"http:\/\/www.w3.org\/2000\/svg\" viewBox=\"0 0 1000 100\" preserveAspectRatio=\"none\">\n    <path class=\"elementor-shape-fill\" d=\"M1000,4.3V0H0v4.3C0.9,23.1,126.7,99.2,500,100S1000,22.7,1000,4.3z\"\/>\n<\/svg>\t\t<\/div>\n\t\t\t\t\t<\/div>\n\t\t\t\t<\/div>\n\t\t<div class=\"elementor-element elementor-element-b34ac09 e-flex e-con-boxed e-con e-parent\" data-id=\"b34ac09\" data-element_type=\"container\" data-e-type=\"container\">\n\t\t\t\t\t<div class=\"e-con-inner\">\n\t\t\t\t<div class=\"elementor-element elementor-element-c6eca05 elementor-widget elementor-widget-heading\" data-id=\"c6eca05\" data-element_type=\"widget\" data-e-type=\"widget\" data-widget_type=\"heading.default\">\n\t\t\t\t<div class=\"elementor-widget-container\">\n\t\t\t\t\t<h1 class=\"elementor-heading-title elementor-size-default\">Was man in Verona unternehmen kann<\/h1>\t\t\t\t<\/div>\n\t\t\t\t<\/div>\n\t\t\t\t<div class=\"elementor-element elementor-element-7517b33 elementor-widget elementor-widget-heading\" data-id=\"7517b33\" data-element_type=\"widget\" data-e-type=\"widget\" data-widget_type=\"heading.default\">\n\t\t\t\t<div class=\"elementor-widget-container\">\n\t\t\t\t\t<h2 class=\"elementor-heading-title elementor-size-default\">Erlebnisse und Aktivit\u00e4ten in der Stadt<\/h2>\t\t\t\t<\/div>\n\t\t\t\t<\/div>\n\t\t\t\t<div class=\"elementor-element elementor-element-4284551 elementor-widget-divider--view-line elementor-widget elementor-widget-divider\" data-id=\"4284551\" data-element_type=\"widget\" data-e-type=\"widget\" data-widget_type=\"divider.default\">\n\t\t\t\t<div class=\"elementor-widget-container\">\n\t\t\t\t\t\t\t<div class=\"elementor-divider\">\n\t\t\t<span class=\"elementor-divider-separator\">\n\t\t\t\t\t\t<\/span>\n\t\t<\/div>\n\t\t\t\t\t\t<\/div>\n\t\t\t\t<\/div>\n\t\t\t\t<div class=\"elementor-element elementor-element-17da3e5 elementor-widget elementor-widget-text-editor\" data-id=\"17da3e5\" data-element_type=\"widget\" data-e-type=\"widget\" data-widget_type=\"text-editor.default\">\n\t\t\t\t<div class=\"elementor-widget-container\">\n\t\t\t\t\t\t\t\t\t<p>Verona besichtigt man nicht nur \u2013 man erlebt die Stadt mit allen Sinnen. Hinter dem Marmor der Monumente schl\u00e4gt das Herz einer <strong>lebendigen Stadt<\/strong>, die dazu einl\u00e4dt, innezuhalten, teilzunehmen und anzusto\u00dfen.<br>Von den unvergesslichen N\u00e4chten der <strong>Oper<\/strong> unter den Sternen bis zu den authentischen Aromen der versteckten <strong>Osterien<\/strong> in den Gassen, von der Energie des <strong>Sports<\/strong> entlang der Etsch bis zu den gro\u00dfen<strong> Festivals<\/strong>, die die Pl\u00e4tze beleben \u2013 jeder Moment l\u00e4dt dazu ein, die dynamische und gastfreundliche Seele Veronas zu entdecken. <\/p><p>Entdecken Sie die folgenden Bereiche, um alle unverzichtbaren <strong>Erlebnisse und Aktivit\u00e4ten <\/strong>kennenzulernen und Verona in all seinen Facetten zu erleben.<\/p>\t\t\t\t\t\t\t\t<\/div>\n\t\t\t\t<\/div>\n\t\t\t\t\t<\/div>\n\t\t\t\t<\/div>\n\t\t<div class=\"elementor-element elementor-element-c7e0351 e-flex e-con-boxed e-con e-parent\" data-id=\"c7e0351\" data-element_type=\"container\" data-e-type=\"container\" data-settings=\"{&quot;background_background&quot;:&quot;classic&quot;}\">\n\t\t\t\t\t<div class=\"e-con-inner\">\n\t\t<div class=\"elementor-element elementor-element-386ab68 e-con-full e-flex elementor-invisible e-con e-child\" data-id=\"386ab68\" data-element_type=\"container\" data-e-type=\"container\" data-settings=\"{&quot;animation&quot;:&quot;fadeInLeft&quot;,&quot;animation_mobile&quot;:&quot;none&quot;,&quot;animation_tablet&quot;:&quot;none&quot;}\">\n\t\t\t\t<div class=\"elementor-element elementor-element-85d2ee3 elementor-widget elementor-widget-heading\" data-id=\"85d2ee3\" data-element_type=\"widget\" data-e-type=\"widget\" data-widget_type=\"heading.default\">\n\t\t\t\t<div class=\"elementor-widget-container\">\n\t\t\t\t\t<h3 class=\"elementor-heading-title elementor-size-default\">Shows, Konzerte und Oper<\/h3>\t\t\t\t<\/div>\n\t\t\t\t<\/div>\n\t\t\t\t<div class=\"elementor-element elementor-element-8b83bda elementor-widget elementor-widget-text-editor\" data-id=\"8b83bda\" data-element_type=\"widget\" data-e-type=\"widget\" data-widget_type=\"text-editor.default\">\n\t\t\t\t<div class=\"elementor-widget-container\">\n\t\t\t\t\t\t\t\t\t<p>Verona ist eine Musikmetropole, in der jedes Ereignis zu einem kollektiven Ritual unter dem Sternenhimmel wird. Das pulsierende Herz ist die <a href=\"https:\/\/www.ctchotelverona.com\/de\/hotel-verona-arena\/\"><strong>Arena<\/strong><\/a>, die w\u00e4hrend des Sommers das prestigetr\u00e4chtige <strong>Opernfestival<\/strong> beherbergt und monumentale Inszenierungen vor Tausenden von Zuschauern aus aller Welt pr\u00e4sentiert. <\/p><p>Doch Musik endet hier nicht: Das Amphitheater z\u00e4hlt auch zu den wichtigsten B\u00fchnen f\u00fcr <strong>die gro\u00dfen Namen des<br>internationalen Pop- und Rockmusik<\/strong>. Dank der einzigartigen nat\u00fcrlichen Akustik finden hier unvergessliche Konzerte statt. <br>Ein ganzes Jahr \u00fcber bietet die Arena au\u00dferdem <strong>Tanz- und Prosa-Festivals<\/strong>, w\u00e4hrend das <strong>Teatro Filarmonico<\/strong> der Tempel der <strong>winterlichen Konzertsaison<\/strong> ist.<\/p>\t\t\t\t\t\t\t\t<\/div>\n\t\t\t\t<\/div>\n\t\t\t\t<\/div>\n\t\t<div class=\"elementor-element elementor-element-97ff4ee e-con-full e-flex elementor-invisible e-con e-child\" data-id=\"97ff4ee\" data-element_type=\"container\" data-e-type=\"container\" data-settings=\"{&quot;animation&quot;:&quot;fadeInRight&quot;,&quot;animation_mobile&quot;:&quot;none&quot;,&quot;background_background&quot;:&quot;classic&quot;,&quot;animation_tablet&quot;:&quot;none&quot;}\">\n\t\t\t\t<\/div>\n\t\t\t\t\t<\/div>\n\t\t\t\t<\/div>\n\t\t<div class=\"elementor-element elementor-element-eb438bd e-flex e-con-boxed e-con e-parent\" data-id=\"eb438bd\" data-element_type=\"container\" data-e-type=\"container\" data-settings=\"{&quot;background_background&quot;:&quot;classic&quot;}\">\n\t\t\t\t\t<div class=\"e-con-inner\">\n\t\t<div class=\"elementor-element elementor-element-bb4a3a4 e-con-full e-flex elementor-invisible e-con e-child\" data-id=\"bb4a3a4\" data-element_type=\"container\" data-e-type=\"container\" data-settings=\"{&quot;animation&quot;:&quot;fadeInRight&quot;,&quot;animation_mobile&quot;:&quot;none&quot;,&quot;animation_tablet&quot;:&quot;none&quot;}\">\n\t\t\t\t<div class=\"elementor-element elementor-element-eda1423 elementor-widget elementor-widget-heading\" data-id=\"eda1423\" data-element_type=\"widget\" data-e-type=\"widget\" data-widget_type=\"heading.default\">\n\t\t\t\t<div class=\"elementor-widget-container\">\n\t\t\t\t\t<h3 class=\"elementor-heading-title elementor-size-default\">Osterien, Restaurants und Weinlokale im Zentrum<\/h3>\t\t\t\t<\/div>\n\t\t\t\t<\/div>\n\t\t\t\t<div class=\"elementor-element elementor-element-1fa1919 elementor-widget elementor-widget-text-editor\" data-id=\"1fa1919\" data-element_type=\"widget\" data-e-type=\"widget\" data-widget_type=\"text-editor.default\">\n\t\t\t\t<div class=\"elementor-widget-container\">\n\t\t\t\t\t\t\t\t\t<p>Verona zu erleben bedeutet, sich in den D\u00fcften seiner <strong>Osterien<\/strong> und der Eleganz der <strong>Weinlokale<\/strong> im Zentrum zu verlieren, wo der <strong>Aperitivo<\/strong> zu einem echten Ritual der Geselligkeit wird.<\/p><p>Begleitet von unverzichtbaren <strong>Cicchetti <\/strong>und einem Glas Wein aus Venetien ist dies der perfekte Moment, bevor man sich den ikonischen Gerichten der Tradition widmet: vom ber\u00fchmten <strong>Risotto all\u2019Amarone<\/strong> \u00fcber handgemachte <strong>Gnocchi<\/strong> bis hin zur <strong>Pastissada de caval<\/strong>.<\/p><p>Jede versteckte Ecke zwischen Piazza Erbe und der Etsch birgt eine Gastfreundschaft, die jede Verkostung zu einem unvergesslichen Erlebnis macht.<\/p>\t\t\t\t\t\t\t\t<\/div>\n\t\t\t\t<\/div>\n\t\t\t\t<\/div>\n\t\t<div class=\"elementor-element elementor-element-c45a3ad e-con-full e-flex elementor-invisible e-con e-child\" data-id=\"c45a3ad\" data-element_type=\"container\" data-e-type=\"container\" data-settings=\"{&quot;animation&quot;:&quot;fadeInLeft&quot;,&quot;animation_mobile&quot;:&quot;none&quot;,&quot;background_background&quot;:&quot;classic&quot;,&quot;animation_tablet&quot;:&quot;none&quot;}\">\n\t\t\t\t<\/div>\n\t\t\t\t\t<\/div>\n\t\t\t\t<\/div>\n\t\t<div class=\"elementor-element elementor-element-0603e86 e-flex e-con-boxed e-con e-parent\" data-id=\"0603e86\" data-element_type=\"container\" data-e-type=\"container\" data-settings=\"{&quot;background_background&quot;:&quot;classic&quot;}\">\n\t\t\t\t\t<div class=\"e-con-inner\">\n\t\t<div class=\"elementor-element elementor-element-1b63093 e-con-full e-flex elementor-invisible e-con e-child\" data-id=\"1b63093\" data-element_type=\"container\" data-e-type=\"container\" data-settings=\"{&quot;animation&quot;:&quot;fadeInLeft&quot;,&quot;animation_mobile&quot;:&quot;none&quot;,&quot;animation_tablet&quot;:&quot;none&quot;}\">\n\t\t\t\t<div class=\"elementor-element elementor-element-2c4b235 elementor-widget elementor-widget-heading\" data-id=\"2c4b235\" data-element_type=\"widget\" data-e-type=\"widget\" data-widget_type=\"heading.default\">\n\t\t\t\t<div class=\"elementor-widget-container\">\n\t\t\t\t\t<h3 class=\"elementor-heading-title elementor-size-default\">Sport und Outdoor-Aktivit\u00e4ten<\/h3>\t\t\t\t<\/div>\n\t\t\t\t<\/div>\n\t\t\t\t<div class=\"elementor-element elementor-element-f57ab13 elementor-widget elementor-widget-text-editor\" data-id=\"f57ab13\" data-element_type=\"widget\" data-e-type=\"widget\" data-widget_type=\"text-editor.default\">\n\t\t\t\t<div class=\"elementor-widget-container\">\n\t\t\t\t\t\t\t\t\t<p>Verona ist ein<strong> Fitnessstudio unter freiem Himmel<\/strong>, das zu Bewegung zwischen Kunst und Natur einl\u00e4dt.<\/p><p>Die ideale Art, die Stadt aktiv zu erleben, ist eine<strong> panoramische Fahrradtour <\/strong>oder ein<strong> Urban Trekking<\/strong> auf den H\u00fcgel von Castel San Pietro, das mit spektakul\u00e4ren Ausblicken nach einem regenerierenden Spaziergang belohnt.<br>F\u00fcr Laufbegeisterte bieten die<strong> Stadtmauern und Parks Routen<\/strong> entlang der \u201emajest\u00e4tischen Stadt\u201c, w\u00e4hrend der Fluss selbst zum Protagonisten f\u00fcr alle wird, die das <strong>Urban Rafting <\/strong>ausprobieren und die historischen Br\u00fccken aus einer einzigartigen Perspektive bewundern m\u00f6chten.<\/p><p>Ob gem\u00fctlicher Spaziergang, Sonnenuntergangslauf oder Yoga- Session in den historischen G\u00e4rten \u2013 Verona bietet die perfekte Balance zwischen Dynamik und Sch\u00f6nheit.<\/p>\t\t\t\t\t\t\t\t<\/div>\n\t\t\t\t<\/div>\n\t\t\t\t<\/div>\n\t\t<div class=\"elementor-element elementor-element-ab5afc4 e-con-full e-flex elementor-invisible e-con e-child\" data-id=\"ab5afc4\" data-element_type=\"container\" data-e-type=\"container\" data-settings=\"{&quot;animation&quot;:&quot;fadeInRight&quot;,&quot;animation_mobile&quot;:&quot;none&quot;,&quot;background_background&quot;:&quot;classic&quot;,&quot;animation_tablet&quot;:&quot;none&quot;}\">\n\t\t\t\t<\/div>\n\t\t\t\t\t<\/div>\n\t\t\t\t<\/div>\n\t\t\t\t<\/div>\n\t\t","protected":false},"excerpt":{"rendered":"<p>Was man in Verona unternehmen kann Erlebnisse und Aktivit\u00e4ten in der Stadt Verona besichtigt man nicht nur \u2013 man erlebt die Stadt mit allen Sinnen. Hinter dem Marmor der Monumente schl\u00e4gt das Herz einer lebendigen Stadt, die dazu einl\u00e4dt, innezuhalten, teilzunehmen und anzusto\u00dfen.Von den unvergesslichen N\u00e4chten der Oper unter den Sternen bis zu den authentischen [&hellip;]<\/p>\n","protected":false},"author":6,"featured_media":5016,"parent":3480,"menu_order":0,"comment_status":"closed","ping_status":"closed","template":"","meta":{"footnotes":""},"class_list":["post-5122","page","type-page","status-publish","has-post-thumbnail","hentry"],"yoast_head":"<!-- This site is optimized with the Yoast SEO plugin v27.3 - https:\/\/yoast.com\/product\/yoast-seo-wordpress\/ -->\n<title>Aktivit\u00e4ten in Verona: Konzerte, Restaurants und Sport \u2013 CTC Hotel Verona<\/title>\n<meta name=\"description\" content=\"Entdecken Sie Shows, Restaurants, Weinbars und Sportaktivit\u00e4ten in Verona: Mit den Tipps des CTC Hotels wird die Erkundung der Stadt zum Kinderspiel!\" \/>\n<meta name=\"robots\" content=\"index, follow, max-snippet:-1, max-image-preview:large, max-video-preview:-1\" \/>\n<link rel=\"canonical\" href=\"https:\/\/www.ctchotelverona.com\/de\/verona\/was-man-verona-unternehmen\/\" \/>\n<meta property=\"og:locale\" content=\"de_DE\" \/>\n<meta property=\"og:type\" content=\"article\" \/>\n<meta property=\"og:title\" content=\"Aktivit\u00e4ten in Verona: Konzerte, Restaurants und Sport \u2013 CTC Hotel Verona\" \/>\n<meta property=\"og:description\" content=\"Entdecken Sie Shows, Restaurants, Weinbars und Sportaktivit\u00e4ten in Verona: Mit den Tipps des CTC Hotels wird die Erkundung der Stadt zum Kinderspiel!\" \/>\n<meta property=\"og:url\" content=\"https:\/\/www.ctchotelverona.com\/de\/verona\/was-man-verona-unternehmen\/\" \/>\n<meta property=\"og:site_name\" content=\"98326 CTC Verona\" \/>\n<meta property=\"article:modified_time\" content=\"2026-05-11T12:54:58+00:00\" \/>\n<meta property=\"og:image\" content=\"https:\/\/www.ctchotelverona.com\/wp-content\/uploads\/sites\/176\/2026\/04\/Cosa-fare-verona.webp\" \/>\n\t<meta property=\"og:image:width\" content=\"1920\" \/>\n\t<meta property=\"og:image:height\" content=\"1080\" \/>\n\t<meta property=\"og:image:type\" content=\"image\/webp\" \/>\n<meta name=\"twitter:card\" content=\"summary_large_image\" \/>\n<meta name=\"twitter:label1\" content=\"Gesch\u00e4tzte Lesezeit\" \/>\n\t<meta name=\"twitter:data1\" content=\"2\u00a0Minuten\" \/>\n<script type=\"application\/ld+json\" class=\"yoast-schema-graph\">{\"@context\":\"https:\\\/\\\/schema.org\",\"@graph\":[{\"@type\":\"WebPage\",\"@id\":\"https:\\\/\\\/www.ctchotelverona.com\\\/de\\\/verona\\\/was-man-verona-unternehmen\\\/\",\"url\":\"https:\\\/\\\/www.ctchotelverona.com\\\/de\\\/verona\\\/was-man-verona-unternehmen\\\/\",\"name\":\"Aktivit\u00e4ten in Verona: Konzerte, Restaurants und Sport \u2013 CTC Hotel Verona\",\"isPartOf\":{\"@id\":\"https:\\\/\\\/www.ctchotelverona.com\\\/de\\\/#website\"},\"primaryImageOfPage\":{\"@id\":\"https:\\\/\\\/www.ctchotelverona.com\\\/de\\\/verona\\\/was-man-verona-unternehmen\\\/#primaryimage\"},\"image\":{\"@id\":\"https:\\\/\\\/www.ctchotelverona.com\\\/de\\\/verona\\\/was-man-verona-unternehmen\\\/#primaryimage\"},\"thumbnailUrl\":\"https:\\\/\\\/www.ctchotelverona.com\\\/wp-content\\\/uploads\\\/sites\\\/176\\\/2026\\\/04\\\/Cosa-fare-verona.webp\",\"datePublished\":\"2026-04-29T12:16:20+00:00\",\"dateModified\":\"2026-05-11T12:54:58+00:00\",\"description\":\"Entdecken Sie Shows, Restaurants, Weinbars und Sportaktivit\u00e4ten in Verona: Mit den Tipps des CTC Hotels wird die Erkundung der Stadt zum Kinderspiel!\",\"breadcrumb\":{\"@id\":\"https:\\\/\\\/www.ctchotelverona.com\\\/de\\\/verona\\\/was-man-verona-unternehmen\\\/#breadcrumb\"},\"inLanguage\":\"de\",\"potentialAction\":[{\"@type\":\"ReadAction\",\"target\":[\"https:\\\/\\\/www.ctchotelverona.com\\\/de\\\/verona\\\/was-man-verona-unternehmen\\\/\"]}]},{\"@type\":\"ImageObject\",\"inLanguage\":\"de\",\"@id\":\"https:\\\/\\\/www.ctchotelverona.com\\\/de\\\/verona\\\/was-man-verona-unternehmen\\\/#primaryimage\",\"url\":\"https:\\\/\\\/www.ctchotelverona.com\\\/wp-content\\\/uploads\\\/sites\\\/176\\\/2026\\\/04\\\/Cosa-fare-verona.webp\",\"contentUrl\":\"https:\\\/\\\/www.ctchotelverona.com\\\/wp-content\\\/uploads\\\/sites\\\/176\\\/2026\\\/04\\\/Cosa-fare-verona.webp\",\"width\":1920,\"height\":1080,\"caption\":\"Cosa fare a Verona - CTC Hotel Verona\"},{\"@type\":\"BreadcrumbList\",\"@id\":\"https:\\\/\\\/www.ctchotelverona.com\\\/de\\\/verona\\\/was-man-verona-unternehmen\\\/#breadcrumb\",\"itemListElement\":[{\"@type\":\"ListItem\",\"position\":1,\"name\":\"Home\",\"item\":\"https:\\\/\\\/www.ctchotelverona.com\\\/de\\\/home\\\/\"},{\"@type\":\"ListItem\",\"position\":2,\"name\":\"Verona &amp; Umgebung\",\"item\":\"https:\\\/\\\/www.ctchotelverona.com\\\/de\\\/verona\\\/\"},{\"@type\":\"ListItem\",\"position\":3,\"name\":\"Was man in Verona unternehmen kann\"}]},{\"@type\":\"WebSite\",\"@id\":\"https:\\\/\\\/www.ctchotelverona.com\\\/de\\\/#website\",\"url\":\"https:\\\/\\\/www.ctchotelverona.com\\\/de\\\/\",\"name\":\"98326 CTC Verona\",\"description\":\"\",\"publisher\":{\"@id\":\"https:\\\/\\\/www.ctchotelverona.com\\\/de\\\/#organization\"},\"potentialAction\":[{\"@type\":\"SearchAction\",\"target\":{\"@type\":\"EntryPoint\",\"urlTemplate\":\"https:\\\/\\\/www.ctchotelverona.com\\\/de\\\/?s={search_term_string}\"},\"query-input\":{\"@type\":\"PropertyValueSpecification\",\"valueRequired\":true,\"valueName\":\"search_term_string\"}}],\"inLanguage\":\"de\"},{\"@type\":\"Organization\",\"@id\":\"https:\\\/\\\/www.ctchotelverona.com\\\/de\\\/#organization\",\"name\":\"98326 CTC Verona\",\"url\":\"https:\\\/\\\/www.ctchotelverona.com\\\/de\\\/\",\"logo\":{\"@type\":\"ImageObject\",\"inLanguage\":\"de\",\"@id\":\"https:\\\/\\\/www.ctchotelverona.com\\\/de\\\/#\\\/schema\\\/logo\\\/image\\\/\",\"url\":\"https:\\\/\\\/www.ctchotelverona.com\\\/wp-content\\\/uploads\\\/sites\\\/176\\\/2024\\\/07\\\/BW-core.png\",\"contentUrl\":\"https:\\\/\\\/www.ctchotelverona.com\\\/wp-content\\\/uploads\\\/sites\\\/176\\\/2024\\\/07\\\/BW-core.png\",\"width\":2500,\"height\":916,\"caption\":\"98326 CTC Verona\"},\"image\":{\"@id\":\"https:\\\/\\\/www.ctchotelverona.com\\\/de\\\/#\\\/schema\\\/logo\\\/image\\\/\"}}]}<\/script>\n<!-- \/ Yoast SEO plugin. -->","yoast_head_json":{"title":"Aktivit\u00e4ten in Verona: Konzerte, Restaurants und Sport \u2013 CTC Hotel Verona","description":"Entdecken Sie Shows, Restaurants, Weinbars und Sportaktivit\u00e4ten in Verona: Mit den Tipps des CTC Hotels wird die Erkundung der Stadt zum Kinderspiel!","robots":{"index":"index","follow":"follow","max-snippet":"max-snippet:-1","max-image-preview":"max-image-preview:large","max-video-preview":"max-video-preview:-1"},"canonical":"https:\/\/www.ctchotelverona.com\/de\/verona\/was-man-verona-unternehmen\/","og_locale":"de_DE","og_type":"article","og_title":"Aktivit\u00e4ten in Verona: Konzerte, Restaurants und Sport \u2013 CTC Hotel Verona","og_description":"Entdecken Sie Shows, Restaurants, Weinbars und Sportaktivit\u00e4ten in Verona: Mit den Tipps des CTC Hotels wird die Erkundung der Stadt zum Kinderspiel!","og_url":"https:\/\/www.ctchotelverona.com\/de\/verona\/was-man-verona-unternehmen\/","og_site_name":"98326 CTC Verona","article_modified_time":"2026-05-11T12:54:58+00:00","og_image":[{"width":1920,"height":1080,"url":"https:\/\/www.ctchotelverona.com\/wp-content\/uploads\/sites\/176\/2026\/04\/Cosa-fare-verona.webp","type":"image\/webp"}],"twitter_card":"summary_large_image","twitter_misc":{"Gesch\u00e4tzte Lesezeit":"2\u00a0Minuten"},"schema":{"@context":"https:\/\/schema.org","@graph":[{"@type":"WebPage","@id":"https:\/\/www.ctchotelverona.com\/de\/verona\/was-man-verona-unternehmen\/","url":"https:\/\/www.ctchotelverona.com\/de\/verona\/was-man-verona-unternehmen\/","name":"Aktivit\u00e4ten in Verona: Konzerte, Restaurants und Sport \u2013 CTC Hotel Verona","isPartOf":{"@id":"https:\/\/www.ctchotelverona.com\/de\/#website"},"primaryImageOfPage":{"@id":"https:\/\/www.ctchotelverona.com\/de\/verona\/was-man-verona-unternehmen\/#primaryimage"},"image":{"@id":"https:\/\/www.ctchotelverona.com\/de\/verona\/was-man-verona-unternehmen\/#primaryimage"},"thumbnailUrl":"https:\/\/www.ctchotelverona.com\/wp-content\/uploads\/sites\/176\/2026\/04\/Cosa-fare-verona.webp","datePublished":"2026-04-29T12:16:20+00:00","dateModified":"2026-05-11T12:54:58+00:00","description":"Entdecken Sie Shows, Restaurants, Weinbars und Sportaktivit\u00e4ten in Verona: Mit den Tipps des CTC Hotels wird die Erkundung der Stadt zum Kinderspiel!","breadcrumb":{"@id":"https:\/\/www.ctchotelverona.com\/de\/verona\/was-man-verona-unternehmen\/#breadcrumb"},"inLanguage":"de","potentialAction":[{"@type":"ReadAction","target":["https:\/\/www.ctchotelverona.com\/de\/verona\/was-man-verona-unternehmen\/"]}]},{"@type":"ImageObject","inLanguage":"de","@id":"https:\/\/www.ctchotelverona.com\/de\/verona\/was-man-verona-unternehmen\/#primaryimage","url":"https:\/\/www.ctchotelverona.com\/wp-content\/uploads\/sites\/176\/2026\/04\/Cosa-fare-verona.webp","contentUrl":"https:\/\/www.ctchotelverona.com\/wp-content\/uploads\/sites\/176\/2026\/04\/Cosa-fare-verona.webp","width":1920,"height":1080,"caption":"Cosa fare a Verona - CTC Hotel Verona"},{"@type":"BreadcrumbList","@id":"https:\/\/www.ctchotelverona.com\/de\/verona\/was-man-verona-unternehmen\/#breadcrumb","itemListElement":[{"@type":"ListItem","position":1,"name":"Home","item":"https:\/\/www.ctchotelverona.com\/de\/home\/"},{"@type":"ListItem","position":2,"name":"Verona &amp; Umgebung","item":"https:\/\/www.ctchotelverona.com\/de\/verona\/"},{"@type":"ListItem","position":3,"name":"Was man in Verona unternehmen kann"}]},{"@type":"WebSite","@id":"https:\/\/www.ctchotelverona.com\/de\/#website","url":"https:\/\/www.ctchotelverona.com\/de\/","name":"98326 CTC Verona","description":"","publisher":{"@id":"https:\/\/www.ctchotelverona.com\/de\/#organization"},"potentialAction":[{"@type":"SearchAction","target":{"@type":"EntryPoint","urlTemplate":"https:\/\/www.ctchotelverona.com\/de\/?s={search_term_string}"},"query-input":{"@type":"PropertyValueSpecification","valueRequired":true,"valueName":"search_term_string"}}],"inLanguage":"de"},{"@type":"Organization","@id":"https:\/\/www.ctchotelverona.com\/de\/#organization","name":"98326 CTC Verona","url":"https:\/\/www.ctchotelverona.com\/de\/","logo":{"@type":"ImageObject","inLanguage":"de","@id":"https:\/\/www.ctchotelverona.com\/de\/#\/schema\/logo\/image\/","url":"https:\/\/www.ctchotelverona.com\/wp-content\/uploads\/sites\/176\/2024\/07\/BW-core.png","contentUrl":"https:\/\/www.ctchotelverona.com\/wp-content\/uploads\/sites\/176\/2024\/07\/BW-core.png","width":2500,"height":916,"caption":"98326 CTC Verona"},"image":{"@id":"https:\/\/www.ctchotelverona.com\/de\/#\/schema\/logo\/image\/"}}]}},"_links":{"self":[{"href":"https:\/\/www.ctchotelverona.com\/de\/wp-json\/wp\/v2\/pages\/5122","targetHints":{"allow":["GET"]}}],"collection":[{"href":"https:\/\/www.ctchotelverona.com\/de\/wp-json\/wp\/v2\/pages"}],"about":[{"href":"https:\/\/www.ctchotelverona.com\/de\/wp-json\/wp\/v2\/types\/page"}],"author":[{"embeddable":true,"href":"https:\/\/www.ctchotelverona.com\/de\/wp-json\/wp\/v2\/users\/6"}],"replies":[{"embeddable":true,"href":"https:\/\/www.ctchotelverona.com\/de\/wp-json\/wp\/v2\/comments?post=5122"}],"version-history":[{"count":3,"href":"https:\/\/www.ctchotelverona.com\/de\/wp-json\/wp\/v2\/pages\/5122\/revisions"}],"predecessor-version":[{"id":5129,"href":"https:\/\/www.ctchotelverona.com\/de\/wp-json\/wp\/v2\/pages\/5122\/revisions\/5129"}],"up":[{"embeddable":true,"href":"https:\/\/www.ctchotelverona.com\/de\/wp-json\/wp\/v2\/pages\/3480"}],"wp:featuredmedia":[{"embeddable":true,"href":"https:\/\/www.ctchotelverona.com\/de\/wp-json\/wp\/v2\/media\/5016"}],"wp:attachment":[{"href":"https:\/\/www.ctchotelverona.com\/de\/wp-json\/wp\/v2\/media?parent=5122"}],"curies":[{"name":"wp","href":"https:\/\/api.w.org\/{rel}","templated":true}]}}