{"id":3496,"date":"2025-05-20T11:51:15","date_gmt":"2025-05-20T09:51:15","guid":{"rendered":"https:\/\/98326-ctc-verona.tempwebsite.it\/verona\/sigurta-garten-park\/"},"modified":"2025-06-04T15:18:26","modified_gmt":"2025-06-04T13:18:26","slug":"sigurta-garten-park","status":"publish","type":"page","link":"https:\/\/www.ctchotelverona.com\/de\/verona\/sigurta-garten-park\/","title":{"rendered":"Sigurt\u00e0 Garten Park"},"content":{"rendered":"\t\t<div data-elementor-type=\"wp-page\" data-elementor-id=\"3496\" class=\"elementor elementor-3496 elementor-2254\" data-elementor-post-type=\"page\">\n\t\t\t\t<div class=\"elementor-element elementor-element-99a3ea4 e-flex e-con-boxed e-con e-parent\" data-id=\"99a3ea4\" data-element_type=\"container\" data-e-type=\"container\" data-settings=\"{&quot;background_background&quot;:&quot;classic&quot;,&quot;shape_divider_bottom&quot;:&quot;curve&quot;}\">\n\t\t\t\t\t<div class=\"e-con-inner\">\n\t\t\t\t<div class=\"elementor-shape elementor-shape-bottom\" aria-hidden=\"true\" data-negative=\"false\">\n\t\t\t<svg xmlns=\"http:\/\/www.w3.org\/2000\/svg\" viewBox=\"0 0 1000 100\" preserveAspectRatio=\"none\">\n    <path class=\"elementor-shape-fill\" d=\"M1000,4.3V0H0v4.3C0.9,23.1,126.7,99.2,500,100S1000,22.7,1000,4.3z\"\/>\n<\/svg>\t\t<\/div>\n\t\t\t\t\t<\/div>\n\t\t\t\t<\/div>\n\t\t<div class=\"elementor-element elementor-element-71d3e77 e-flex e-con-boxed e-con e-parent\" data-id=\"71d3e77\" data-element_type=\"container\" data-e-type=\"container\">\n\t\t\t\t\t<div class=\"e-con-inner\">\n\t\t\t\t<div class=\"elementor-element elementor-element-dda9a04 elementor-widget elementor-widget-heading\" data-id=\"dda9a04\" data-element_type=\"widget\" data-e-type=\"widget\" data-widget_type=\"heading.default\">\n\t\t\t\t<div class=\"elementor-widget-container\">\n\t\t\t\t\t<h1 class=\"elementor-heading-title elementor-size-default\">Sigurt\u00e0 Garten Park<\/h1>\t\t\t\t<\/div>\n\t\t\t\t<\/div>\n\t\t\t\t<div class=\"elementor-element elementor-element-7d7c75a elementor-widget elementor-widget-heading\" data-id=\"7d7c75a\" data-element_type=\"widget\" data-e-type=\"widget\" data-widget_type=\"heading.default\">\n\t\t\t\t<div class=\"elementor-widget-container\">\n\t\t\t\t\t<h2 class=\"elementor-heading-title elementor-size-default\">Entdecken Sie den Sigurt\u00e0 Garten Park mit dem CTC Hotel Verona<\/h2>\t\t\t\t<\/div>\n\t\t\t\t<\/div>\n\t\t\t\t<div class=\"elementor-element elementor-element-16ed236 elementor-widget-divider--view-line elementor-widget elementor-widget-divider\" data-id=\"16ed236\" data-element_type=\"widget\" data-e-type=\"widget\" data-widget_type=\"divider.default\">\n\t\t\t\t<div class=\"elementor-widget-container\">\n\t\t\t\t\t\t\t<div class=\"elementor-divider\">\n\t\t\t<span class=\"elementor-divider-separator\">\n\t\t\t\t\t\t<\/span>\n\t\t<\/div>\n\t\t\t\t\t\t<\/div>\n\t\t\t\t<\/div>\n\t\t\t\t<div class=\"elementor-element elementor-element-562a578 elementor-widget elementor-widget-text-editor\" data-id=\"562a578\" data-element_type=\"widget\" data-e-type=\"widget\" data-widget_type=\"text-editor.default\">\n\t\t\t\t<div class=\"elementor-widget-container\">\n\t\t\t\t\t\t\t\t\t<p><strong>Nur 30 Minuten <\/strong>vom Best Western CTC Hotel Verona entfernt liegt einer der sch\u00f6nsten Parks in Italien: der <strong>Sigurt\u00e0 Garten Park<\/strong>.<\/p><p>Der Park ist von M\u00e4rz bis November ge\u00f6ffnet und er wechselt w\u00e4hrend des Jahres seine Farben und Blumen. Wenn Sie<strong> Tulpen lieben, sind M\u00e4rz und April<\/strong> die richtigen Monate, um sch\u00f6ne Fotos zu sammeln. Ebenso, ist <strong>Mai<\/strong> der ideale Monat f\u00fcr<strong> Rosen <\/strong>und die<strong> Sommer<\/strong> f\u00fcr <strong>Wasserpflanzen<\/strong>. <\/p>\t\t\t\t\t\t\t\t<\/div>\n\t\t\t\t<\/div>\n\t\t\t\t<div class=\"elementor-element elementor-element-049cf4e elementor-widget elementor-widget-heading\" data-id=\"049cf4e\" data-element_type=\"widget\" data-e-type=\"widget\" data-widget_type=\"heading.default\">\n\t\t\t\t<div class=\"elementor-widget-container\">\n\t\t\t\t\t<h3 class=\"elementor-heading-title elementor-size-default\">Sehensw\u00fcrdigkeiten des Parks, die Sie nicht verpassen sollten<\/h3>\t\t\t\t<\/div>\n\t\t\t\t<\/div>\n\t\t\t\t<div class=\"elementor-element elementor-element-2771a17 elementor-widget elementor-widget-text-editor\" data-id=\"2771a17\" data-element_type=\"widget\" data-e-type=\"widget\" data-widget_type=\"text-editor.default\">\n\t\t\t\t<div class=\"elementor-widget-container\">\n\t\t\t\t\t\t\t\t\t<p>Der Park erstreckt sich \u00fcber<strong> 60 Hektar<\/strong> also gibt es viel zu sehen: <strong>Das Labyrinth<\/strong> &#8211; Es ist nach perfekten Geometrien gebaut worden, die man an der Spitze des Turms in der Mitte sehen kann. Hier kann mann auch eine Kupferkuppel und zwei 2,50 Meter hohe Treppenstufen sehen. <strong>Die Sonnenuhr<\/strong> &#8211; Sie ist ein echtes Kunstwerk, das die Sonne als Symbol des Lebens symbolisiert. <strong>Die Gro\u00dfe Eiche<\/strong> &#8211; Dieser Baum ist 400 Jahre alt und er abzeichnet sich \u00fcber dem Park. <strong>Die Viale delle Rose<\/strong>, die <strong>Eremitage<\/strong> und das <strong>Castelletto<\/strong> &#8211; Alle perfekte Punkte f\u00fcr Liebhaber der Fotografie.    <\/p>\t\t\t\t\t\t\t\t<\/div>\n\t\t\t\t<\/div>\n\t\t<div class=\"elementor-element elementor-element-8a79efe e-con-full e-flex e-con e-child\" data-id=\"8a79efe\" data-element_type=\"container\" data-e-type=\"container\">\n\t\t\t\t<div class=\"elementor-element elementor-element-742f545 elementor-mobile-align-center elementor-widget-mobile__width-inherit elementor-align-center elementor-invisible elementor-widget elementor-widget-button\" data-id=\"742f545\" data-element_type=\"widget\" data-e-type=\"widget\" data-settings=\"{&quot;_animation&quot;:&quot;fadeIn&quot;,&quot;_animation_mobile&quot;:&quot;none&quot;}\" data-widget_type=\"button.default\">\n\t\t\t\t<div class=\"elementor-widget-container\">\n\t\t\t\t\t\t\t\t\t<div class=\"elementor-button-wrapper\">\n\t\t\t\t\t<a class=\"elementor-button elementor-button-link elementor-size-sm\" href=\"https:\/\/book.bestwestern.it\/selectrooms.aspx?language=DE&#038;propid=98326&#038;sob=A128&#038;as=true\" target=\"_blank\">\n\t\t\t\t\t\t<span class=\"elementor-button-content-wrapper\">\n\t\t\t\t\t\t\t\t\t<span class=\"elementor-button-text\">JETZT BUCHEN<\/span>\n\t\t\t\t\t<\/span>\n\t\t\t\t\t<\/a>\n\t\t\t\t<\/div>\n\t\t\t\t\t\t\t\t<\/div>\n\t\t\t\t<\/div>\n\t\t\t\t<\/div>\n\t\t\t\t<div class=\"elementor-element elementor-element-1148a9f elementor-widget elementor-widget-heading\" data-id=\"1148a9f\" data-element_type=\"widget\" data-e-type=\"widget\" data-widget_type=\"heading.default\">\n\t\t\t\t<div class=\"elementor-widget-container\">\n\t\t\t\t\t<h3 class=\"elementor-heading-title elementor-size-default\">Die Mittel, um den Park zu besichtigen:<\/h3>\t\t\t\t<\/div>\n\t\t\t\t<\/div>\n\t\t\t\t<div class=\"elementor-element elementor-element-42367ff elementor-widget elementor-widget-text-editor\" data-id=\"42367ff\" data-element_type=\"widget\" data-e-type=\"widget\" data-widget_type=\"text-editor.default\">\n\t\t\t\t<div class=\"elementor-widget-container\">\n\t\t\t\t\t\t\t\t\t<ul><li><strong>Zu Fu\u00df <\/strong>&#8211; Verlieren Sie sich beim Spazierengehen in den D\u00fcften und Farben des Parks;<\/li><li><strong>Mit dem Fahrrad<\/strong> &#8211; Sie k\u00f6nnen mit Ihre Fahrrad den Park eintreten oder eine Fahrrad mieten;<\/li><li><strong>An Bord eines elektrischen Shuttlebusses<\/strong> &#8211; bequem sitzend (maximal 10 Pl\u00e4tze) k\u00f6nnen Sie mit einer F\u00fchrung von 1 Stunde Dauer den Park besichtigen.<\/li><li>Durch das Mieten eines <strong>elektrischen Golfwagens<\/strong> (4 Pl\u00e4tze) &#8211; Das ist die ideale Wahl, um den Park unabh\u00e4ngig zu besuchen aber mit dem Komfort einer pers\u00f6nlichen und gef\u00fchrten Tour (dank des an Bord GPS Tablet, Sie werden die Geschichte und die Besonderheiten des Gartens entdecken)<\/li><li><strong>Der Panoramazug<\/strong> &#8211; Eine 35 Minuten dauer Route mit eine Stimme, die Sie \u00fcber die Geheimnisse des Parks informiert.<\/li><\/ul>\t\t\t\t\t\t\t\t<\/div>\n\t\t\t\t<\/div>\n\t\t\t\t\t<\/div>\n\t\t\t\t<\/div>\n\t\t<div class=\"elementor-element elementor-element-cb8b6ed e-flex e-con-boxed e-con e-parent\" data-id=\"cb8b6ed\" data-element_type=\"container\" data-e-type=\"container\">\n\t\t\t\t\t<div class=\"e-con-inner\">\n\t\t<div class=\"elementor-element elementor-element-10e60eb e-con-full e-flex e-con e-child\" data-id=\"10e60eb\" data-element_type=\"container\" data-e-type=\"container\">\n\t\t\t\t<div class=\"elementor-element elementor-element-232dfaf elementor-view-default elementor-widget elementor-widget-icon\" data-id=\"232dfaf\" data-element_type=\"widget\" data-e-type=\"widget\" data-widget_type=\"icon.default\">\n\t\t\t\t<div class=\"elementor-widget-container\">\n\t\t\t\t\t\t\t<div class=\"elementor-icon-wrapper\">\n\t\t\t<div class=\"elementor-icon\">\n\t\t\t<svg aria-hidden=\"true\" class=\"e-font-icon-svg e-fas-info-circle\" viewBox=\"0 0 512 512\" xmlns=\"http:\/\/www.w3.org\/2000\/svg\"><path d=\"M256 8C119.043 8 8 119.083 8 256c0 136.997 111.043 248 248 248s248-111.003 248-248C504 119.083 392.957 8 256 8zm0 110c23.196 0 42 18.804 42 42s-18.804 42-42 42-42-18.804-42-42 18.804-42 42-42zm56 254c0 6.627-5.373 12-12 12h-88c-6.627 0-12-5.373-12-12v-24c0-6.627 5.373-12 12-12h12v-64h-12c-6.627 0-12-5.373-12-12v-24c0-6.627 5.373-12 12-12h64c6.627 0 12 5.373 12 12v100h12c6.627 0 12 5.373 12 12v24z\"><\/path><\/svg>\t\t\t<\/div>\n\t\t<\/div>\n\t\t\t\t\t\t<\/div>\n\t\t\t\t<\/div>\n\t\t\t\t<div class=\"elementor-element elementor-element-b99450c elementor-widget elementor-widget-heading\" data-id=\"b99450c\" data-element_type=\"widget\" data-e-type=\"widget\" data-widget_type=\"heading.default\">\n\t\t\t\t<div class=\"elementor-widget-container\">\n\t\t\t\t\t<h3 class=\"elementor-heading-title elementor-size-default\">N\u00fctzliche Informationen<\/h3>\t\t\t\t<\/div>\n\t\t\t\t<\/div>\n\t\t\t\t<div class=\"elementor-element elementor-element-7992451 elementor-widget elementor-widget-text-editor\" data-id=\"7992451\" data-element_type=\"widget\" data-e-type=\"widget\" data-widget_type=\"text-editor.default\">\n\t\t\t\t<div class=\"elementor-widget-container\">\n\t\t\t\t\t\t\t\t\t<p>Der Parco Giardino Sigurt\u00e0 ist vom 8. M\u00e4rz bis 9. November 2025 t\u00e4glich (auch an Feiertagen) von 9:00 bis 19:00 Uhr ge\u00f6ffnet (letzter Einlass um 18:00 Uhr).<br>In den Monaten M\u00e4rz, Oktober und November letzter Einlass um 17:00 Uhr, Schlie\u00dfung um 18:00 Uhr.<\/p><p>Ben\u00f6tigen Sie eine Wegbeschreibung zum Park? <a href=\"https:\/\/www.google.it\/maps\/dir\/Best+Western+CTC+Hotel+Verona,+Via+Monte+Pastello,+28,+37057+San+Giovanni+Lupatoto+VR\/Parco+Giardino+Sigurt%C3%A0,+Via+Cavour,+Valeggio+sul+Mincio,+VR\/@45.3856189,10.8077473,12z\/am=t\/data=!4m14!4m13!1m5!1m1!1s0x477f5e4e100da459:0x16f7c34c7638e38!2m2!1d11.0159739!2d45.3988334!1m5!1m1!1s0x4781c2dec6c46a0d:0xedef2543b598263e!2m2!1d10.7345757!2d45.3578468!3e0?shorturl=1\" target=\"_blank\" rel=\"noopener\">Klicken Sie hier und entdecken Sie die Route vom Hotel aus<\/a>!<\/p>\t\t\t\t\t\t\t\t<\/div>\n\t\t\t\t<\/div>\n\t\t\t\t<\/div>\n\t\t\t\t\t<\/div>\n\t\t\t\t<\/div>\n\t\t\t\t<\/div>\n\t\t","protected":false},"excerpt":{"rendered":"<p>Sigurt\u00e0 Garten Park Entdecken Sie den Sigurt\u00e0 Garten Park mit dem CTC Hotel Verona Nur 30 Minuten vom Best Western CTC Hotel Verona entfernt liegt einer der sch\u00f6nsten Parks in Italien: der Sigurt\u00e0 Garten Park. Der Park ist von M\u00e4rz bis November ge\u00f6ffnet und er wechselt w\u00e4hrend des Jahres seine Farben und Blumen. Wenn Sie [&hellip;]<\/p>\n","protected":false},"author":6,"featured_media":3003,"parent":3480,"menu_order":0,"comment_status":"closed","ping_status":"closed","template":"","meta":{"footnotes":""},"class_list":["post-3496","page","type-page","status-publish","has-post-thumbnail","hentry"],"yoast_head":"<!-- This site is optimized with the Yoast SEO plugin v27.3 - https:\/\/yoast.com\/product\/yoast-seo-wordpress\/ -->\n<title>Hotels in der N\u00e4he des Guardino Sigurt\u00e0 Parks - CTC Hotel Verona<\/title>\n<meta name=\"description\" content=\"Nur 30 Autominuten vom Best Western CTC Hotel Verona entfernt liegt einer der sch\u00f6nsten Parks Italiens: Parco Giardino Sigurt\u00e0.\" \/>\n<meta name=\"robots\" content=\"index, follow, max-snippet:-1, max-image-preview:large, max-video-preview:-1\" \/>\n<link rel=\"canonical\" href=\"https:\/\/www.ctchotelverona.com\/de\/verona\/sigurta-garten-park\/\" \/>\n<meta property=\"og:locale\" content=\"de_DE\" \/>\n<meta property=\"og:type\" content=\"article\" \/>\n<meta property=\"og:title\" content=\"Hotels in der N\u00e4he des Guardino Sigurt\u00e0 Parks - CTC Hotel Verona\" \/>\n<meta property=\"og:description\" content=\"Nur 30 Autominuten vom Best Western CTC Hotel Verona entfernt liegt einer der sch\u00f6nsten Parks Italiens: Parco Giardino Sigurt\u00e0.\" \/>\n<meta property=\"og:url\" content=\"https:\/\/www.ctchotelverona.com\/de\/verona\/sigurta-garten-park\/\" \/>\n<meta property=\"og:site_name\" content=\"98326 CTC Verona\" \/>\n<meta property=\"article:modified_time\" content=\"2025-06-04T13:18:26+00:00\" \/>\n<meta property=\"og:image\" content=\"https:\/\/bwh-cdn.neen.dev\/wp-content\/uploads\/sites\/176\/2025\/05\/sigurta.webp\" \/>\n\t<meta property=\"og:image:width\" content=\"1920\" \/>\n\t<meta property=\"og:image:height\" content=\"1280\" \/>\n\t<meta property=\"og:image:type\" content=\"image\/webp\" \/>\n<meta name=\"twitter:card\" content=\"summary_large_image\" \/>\n<meta name=\"twitter:label1\" content=\"Gesch\u00e4tzte Lesezeit\" \/>\n\t<meta name=\"twitter:data1\" content=\"2\u00a0Minuten\" \/>\n<script type=\"application\/ld+json\" class=\"yoast-schema-graph\">{\"@context\":\"https:\\\/\\\/schema.org\",\"@graph\":[{\"@type\":\"WebPage\",\"@id\":\"https:\\\/\\\/www.ctchotelverona.com\\\/de\\\/verona\\\/sigurta-garten-park\\\/\",\"url\":\"https:\\\/\\\/www.ctchotelverona.com\\\/de\\\/verona\\\/sigurta-garten-park\\\/\",\"name\":\"Hotels in der N\u00e4he des Guardino Sigurt\u00e0 Parks - CTC Hotel Verona\",\"isPartOf\":{\"@id\":\"https:\\\/\\\/www.ctchotelverona.com\\\/de\\\/#website\"},\"primaryImageOfPage\":{\"@id\":\"https:\\\/\\\/www.ctchotelverona.com\\\/de\\\/verona\\\/sigurta-garten-park\\\/#primaryimage\"},\"image\":{\"@id\":\"https:\\\/\\\/www.ctchotelverona.com\\\/de\\\/verona\\\/sigurta-garten-park\\\/#primaryimage\"},\"thumbnailUrl\":\"https:\\\/\\\/www.ctchotelverona.com\\\/wp-content\\\/uploads\\\/sites\\\/176\\\/2025\\\/05\\\/sigurta.webp\",\"datePublished\":\"2025-05-20T09:51:15+00:00\",\"dateModified\":\"2025-06-04T13:18:26+00:00\",\"description\":\"Nur 30 Autominuten vom Best Western CTC Hotel Verona entfernt liegt einer der sch\u00f6nsten Parks Italiens: Parco Giardino Sigurt\u00e0.\",\"breadcrumb\":{\"@id\":\"https:\\\/\\\/www.ctchotelverona.com\\\/de\\\/verona\\\/sigurta-garten-park\\\/#breadcrumb\"},\"inLanguage\":\"de\",\"potentialAction\":[{\"@type\":\"ReadAction\",\"target\":[\"https:\\\/\\\/www.ctchotelverona.com\\\/de\\\/verona\\\/sigurta-garten-park\\\/\"]}]},{\"@type\":\"ImageObject\",\"inLanguage\":\"de\",\"@id\":\"https:\\\/\\\/www.ctchotelverona.com\\\/de\\\/verona\\\/sigurta-garten-park\\\/#primaryimage\",\"url\":\"https:\\\/\\\/www.ctchotelverona.com\\\/wp-content\\\/uploads\\\/sites\\\/176\\\/2025\\\/05\\\/sigurta.webp\",\"contentUrl\":\"https:\\\/\\\/www.ctchotelverona.com\\\/wp-content\\\/uploads\\\/sites\\\/176\\\/2025\\\/05\\\/sigurta.webp\",\"width\":1920,\"height\":1280,\"caption\":\"Garden Park Sigurt\u00e0 - CTC Hotel Verona\"},{\"@type\":\"BreadcrumbList\",\"@id\":\"https:\\\/\\\/www.ctchotelverona.com\\\/de\\\/verona\\\/sigurta-garten-park\\\/#breadcrumb\",\"itemListElement\":[{\"@type\":\"ListItem\",\"position\":1,\"name\":\"Home\",\"item\":\"https:\\\/\\\/www.ctchotelverona.com\\\/de\\\/home\\\/\"},{\"@type\":\"ListItem\",\"position\":2,\"name\":\"Verona\",\"item\":\"https:\\\/\\\/www.ctchotelverona.com\\\/de\\\/verona\\\/\"},{\"@type\":\"ListItem\",\"position\":3,\"name\":\"Sigurt\u00e0 Garten Park\"}]},{\"@type\":\"WebSite\",\"@id\":\"https:\\\/\\\/www.ctchotelverona.com\\\/de\\\/#website\",\"url\":\"https:\\\/\\\/www.ctchotelverona.com\\\/de\\\/\",\"name\":\"98326 CTC Verona\",\"description\":\"\",\"publisher\":{\"@id\":\"https:\\\/\\\/www.ctchotelverona.com\\\/de\\\/#organization\"},\"potentialAction\":[{\"@type\":\"SearchAction\",\"target\":{\"@type\":\"EntryPoint\",\"urlTemplate\":\"https:\\\/\\\/www.ctchotelverona.com\\\/de\\\/?s={search_term_string}\"},\"query-input\":{\"@type\":\"PropertyValueSpecification\",\"valueRequired\":true,\"valueName\":\"search_term_string\"}}],\"inLanguage\":\"de\"},{\"@type\":\"Organization\",\"@id\":\"https:\\\/\\\/www.ctchotelverona.com\\\/de\\\/#organization\",\"name\":\"98326 CTC Verona\",\"url\":\"https:\\\/\\\/www.ctchotelverona.com\\\/de\\\/\",\"logo\":{\"@type\":\"ImageObject\",\"inLanguage\":\"de\",\"@id\":\"https:\\\/\\\/www.ctchotelverona.com\\\/de\\\/#\\\/schema\\\/logo\\\/image\\\/\",\"url\":\"https:\\\/\\\/www.ctchotelverona.com\\\/wp-content\\\/uploads\\\/sites\\\/176\\\/2024\\\/07\\\/BW-core.png\",\"contentUrl\":\"https:\\\/\\\/www.ctchotelverona.com\\\/wp-content\\\/uploads\\\/sites\\\/176\\\/2024\\\/07\\\/BW-core.png\",\"width\":2500,\"height\":916,\"caption\":\"98326 CTC Verona\"},\"image\":{\"@id\":\"https:\\\/\\\/www.ctchotelverona.com\\\/de\\\/#\\\/schema\\\/logo\\\/image\\\/\"}}]}<\/script>\n<!-- \/ Yoast SEO plugin. -->","yoast_head_json":{"title":"Hotels in der N\u00e4he des Guardino Sigurt\u00e0 Parks - CTC Hotel Verona","description":"Nur 30 Autominuten vom Best Western CTC Hotel Verona entfernt liegt einer der sch\u00f6nsten Parks Italiens: Parco Giardino Sigurt\u00e0.","robots":{"index":"index","follow":"follow","max-snippet":"max-snippet:-1","max-image-preview":"max-image-preview:large","max-video-preview":"max-video-preview:-1"},"canonical":"https:\/\/www.ctchotelverona.com\/de\/verona\/sigurta-garten-park\/","og_locale":"de_DE","og_type":"article","og_title":"Hotels in der N\u00e4he des Guardino Sigurt\u00e0 Parks - CTC Hotel Verona","og_description":"Nur 30 Autominuten vom Best Western CTC Hotel Verona entfernt liegt einer der sch\u00f6nsten Parks Italiens: Parco Giardino Sigurt\u00e0.","og_url":"https:\/\/www.ctchotelverona.com\/de\/verona\/sigurta-garten-park\/","og_site_name":"98326 CTC Verona","article_modified_time":"2025-06-04T13:18:26+00:00","og_image":[{"width":1920,"height":1280,"url":"https:\/\/bwh-cdn.neen.dev\/wp-content\/uploads\/sites\/176\/2025\/05\/sigurta.webp","type":"image\/webp"}],"twitter_card":"summary_large_image","twitter_misc":{"Gesch\u00e4tzte Lesezeit":"2\u00a0Minuten"},"schema":{"@context":"https:\/\/schema.org","@graph":[{"@type":"WebPage","@id":"https:\/\/www.ctchotelverona.com\/de\/verona\/sigurta-garten-park\/","url":"https:\/\/www.ctchotelverona.com\/de\/verona\/sigurta-garten-park\/","name":"Hotels in der N\u00e4he des Guardino Sigurt\u00e0 Parks - CTC Hotel Verona","isPartOf":{"@id":"https:\/\/www.ctchotelverona.com\/de\/#website"},"primaryImageOfPage":{"@id":"https:\/\/www.ctchotelverona.com\/de\/verona\/sigurta-garten-park\/#primaryimage"},"image":{"@id":"https:\/\/www.ctchotelverona.com\/de\/verona\/sigurta-garten-park\/#primaryimage"},"thumbnailUrl":"https:\/\/www.ctchotelverona.com\/wp-content\/uploads\/sites\/176\/2025\/05\/sigurta.webp","datePublished":"2025-05-20T09:51:15+00:00","dateModified":"2025-06-04T13:18:26+00:00","description":"Nur 30 Autominuten vom Best Western CTC Hotel Verona entfernt liegt einer der sch\u00f6nsten Parks Italiens: Parco Giardino Sigurt\u00e0.","breadcrumb":{"@id":"https:\/\/www.ctchotelverona.com\/de\/verona\/sigurta-garten-park\/#breadcrumb"},"inLanguage":"de","potentialAction":[{"@type":"ReadAction","target":["https:\/\/www.ctchotelverona.com\/de\/verona\/sigurta-garten-park\/"]}]},{"@type":"ImageObject","inLanguage":"de","@id":"https:\/\/www.ctchotelverona.com\/de\/verona\/sigurta-garten-park\/#primaryimage","url":"https:\/\/www.ctchotelverona.com\/wp-content\/uploads\/sites\/176\/2025\/05\/sigurta.webp","contentUrl":"https:\/\/www.ctchotelverona.com\/wp-content\/uploads\/sites\/176\/2025\/05\/sigurta.webp","width":1920,"height":1280,"caption":"Garden Park Sigurt\u00e0 - CTC Hotel Verona"},{"@type":"BreadcrumbList","@id":"https:\/\/www.ctchotelverona.com\/de\/verona\/sigurta-garten-park\/#breadcrumb","itemListElement":[{"@type":"ListItem","position":1,"name":"Home","item":"https:\/\/www.ctchotelverona.com\/de\/home\/"},{"@type":"ListItem","position":2,"name":"Verona","item":"https:\/\/www.ctchotelverona.com\/de\/verona\/"},{"@type":"ListItem","position":3,"name":"Sigurt\u00e0 Garten Park"}]},{"@type":"WebSite","@id":"https:\/\/www.ctchotelverona.com\/de\/#website","url":"https:\/\/www.ctchotelverona.com\/de\/","name":"98326 CTC Verona","description":"","publisher":{"@id":"https:\/\/www.ctchotelverona.com\/de\/#organization"},"potentialAction":[{"@type":"SearchAction","target":{"@type":"EntryPoint","urlTemplate":"https:\/\/www.ctchotelverona.com\/de\/?s={search_term_string}"},"query-input":{"@type":"PropertyValueSpecification","valueRequired":true,"valueName":"search_term_string"}}],"inLanguage":"de"},{"@type":"Organization","@id":"https:\/\/www.ctchotelverona.com\/de\/#organization","name":"98326 CTC Verona","url":"https:\/\/www.ctchotelverona.com\/de\/","logo":{"@type":"ImageObject","inLanguage":"de","@id":"https:\/\/www.ctchotelverona.com\/de\/#\/schema\/logo\/image\/","url":"https:\/\/www.ctchotelverona.com\/wp-content\/uploads\/sites\/176\/2024\/07\/BW-core.png","contentUrl":"https:\/\/www.ctchotelverona.com\/wp-content\/uploads\/sites\/176\/2024\/07\/BW-core.png","width":2500,"height":916,"caption":"98326 CTC Verona"},"image":{"@id":"https:\/\/www.ctchotelverona.com\/de\/#\/schema\/logo\/image\/"}}]}},"_links":{"self":[{"href":"https:\/\/www.ctchotelverona.com\/de\/wp-json\/wp\/v2\/pages\/3496","targetHints":{"allow":["GET"]}}],"collection":[{"href":"https:\/\/www.ctchotelverona.com\/de\/wp-json\/wp\/v2\/pages"}],"about":[{"href":"https:\/\/www.ctchotelverona.com\/de\/wp-json\/wp\/v2\/types\/page"}],"author":[{"embeddable":true,"href":"https:\/\/www.ctchotelverona.com\/de\/wp-json\/wp\/v2\/users\/6"}],"replies":[{"embeddable":true,"href":"https:\/\/www.ctchotelverona.com\/de\/wp-json\/wp\/v2\/comments?post=3496"}],"version-history":[{"count":1,"href":"https:\/\/www.ctchotelverona.com\/de\/wp-json\/wp\/v2\/pages\/3496\/revisions"}],"predecessor-version":[{"id":3497,"href":"https:\/\/www.ctchotelverona.com\/de\/wp-json\/wp\/v2\/pages\/3496\/revisions\/3497"}],"up":[{"embeddable":true,"href":"https:\/\/www.ctchotelverona.com\/de\/wp-json\/wp\/v2\/pages\/3480"}],"wp:featuredmedia":[{"embeddable":true,"href":"https:\/\/www.ctchotelverona.com\/de\/wp-json\/wp\/v2\/media\/3003"}],"wp:attachment":[{"href":"https:\/\/www.ctchotelverona.com\/de\/wp-json\/wp\/v2\/media?parent=3496"}],"curies":[{"name":"wp","href":"https:\/\/api.w.org\/{rel}","templated":true}]}}