{"id":3494,"date":"2025-05-20T12:27:38","date_gmt":"2025-05-20T10:27:38","guid":{"rendered":"https:\/\/98326-ctc-verona.tempwebsite.it\/verona\/vergnuegungsparks\/"},"modified":"2025-06-04T15:14:17","modified_gmt":"2025-06-04T13:14:17","slug":"vergnuegungsparks","status":"publish","type":"page","link":"https:\/\/www.ctchotelverona.com\/de\/verona\/vergnuegungsparks\/","title":{"rendered":"Vergn\u00fcgungsparks"},"content":{"rendered":"\t\t<div data-elementor-type=\"wp-page\" data-elementor-id=\"3494\" class=\"elementor elementor-3494 elementor-2285\" data-elementor-post-type=\"page\">\n\t\t\t\t<div class=\"elementor-element elementor-element-99a3ea4 e-flex e-con-boxed e-con e-parent\" data-id=\"99a3ea4\" data-element_type=\"container\" data-e-type=\"container\" data-settings=\"{&quot;background_background&quot;:&quot;classic&quot;,&quot;shape_divider_bottom&quot;:&quot;curve&quot;}\">\n\t\t\t\t\t<div class=\"e-con-inner\">\n\t\t\t\t<div class=\"elementor-shape elementor-shape-bottom\" aria-hidden=\"true\" data-negative=\"false\">\n\t\t\t<svg xmlns=\"http:\/\/www.w3.org\/2000\/svg\" viewBox=\"0 0 1000 100\" preserveAspectRatio=\"none\">\n    <path class=\"elementor-shape-fill\" d=\"M1000,4.3V0H0v4.3C0.9,23.1,126.7,99.2,500,100S1000,22.7,1000,4.3z\"\/>\n<\/svg>\t\t<\/div>\n\t\t\t\t\t<\/div>\n\t\t\t\t<\/div>\n\t\t<div class=\"elementor-element elementor-element-71d3e77 e-flex e-con-boxed e-con e-parent\" data-id=\"71d3e77\" data-element_type=\"container\" data-e-type=\"container\">\n\t\t\t\t\t<div class=\"e-con-inner\">\n\t\t\t\t<div class=\"elementor-element elementor-element-dda9a04 elementor-widget elementor-widget-heading\" data-id=\"dda9a04\" data-element_type=\"widget\" data-e-type=\"widget\" data-widget_type=\"heading.default\">\n\t\t\t\t<div class=\"elementor-widget-container\">\n\t\t\t\t\t<h1 class=\"elementor-heading-title elementor-size-default\">Vergn\u00fcgungsparks<\/h1>\t\t\t\t<\/div>\n\t\t\t\t<\/div>\n\t\t\t\t<div class=\"elementor-element elementor-element-7d7c75a elementor-widget elementor-widget-heading\" data-id=\"7d7c75a\" data-element_type=\"widget\" data-e-type=\"widget\" data-widget_type=\"heading.default\">\n\t\t\t\t<div class=\"elementor-widget-container\">\n\t\t\t\t\t<h2 class=\"elementor-heading-title elementor-size-default\">Entdecken Sie die Vergn\u00fcgungsparks mit CTC Hotel Verona<\/h2>\t\t\t\t<\/div>\n\t\t\t\t<\/div>\n\t\t\t\t<div class=\"elementor-element elementor-element-16ed236 elementor-widget-divider--view-line elementor-widget elementor-widget-divider\" data-id=\"16ed236\" data-element_type=\"widget\" data-e-type=\"widget\" data-widget_type=\"divider.default\">\n\t\t\t\t<div class=\"elementor-widget-container\">\n\t\t\t\t\t\t\t<div class=\"elementor-divider\">\n\t\t\t<span class=\"elementor-divider-separator\">\n\t\t\t\t\t\t<\/span>\n\t\t<\/div>\n\t\t\t\t\t\t<\/div>\n\t\t\t\t<\/div>\n\t\t\t\t<div class=\"elementor-element elementor-element-562a578 elementor-widget elementor-widget-text-editor\" data-id=\"562a578\" data-element_type=\"widget\" data-e-type=\"widget\" data-widget_type=\"text-editor.default\">\n\t\t\t\t<div class=\"elementor-widget-container\">\n\t\t\t\t\t\t\t\t\t<p>Das Gebiet des Gardasees, nur eine <strong>halbe Stunde Autos von der Stadt<\/strong> der Arena entfernt, erwartet Sie, um ein Erlebnis von purem und magischem Spa\u00df zu erleben. In der Tat gibt es in dieser Zone viele <strong>Vergn\u00fcgungsparks<\/strong>&#8230; Entdecken Sie alle mit dem Best Western CTC Hotel Verona! <\/p><p>Gardaland, der gr\u00f6\u00dfte Vergn\u00fcgungspark Italiens, liegt nur eine halbe Stunde vom Zentrum Veronas und dem Best Western CTC Hotel Verona entfernt. <a href=\"https:\/\/www.google.it\/maps\/dir\/Best+Western+CTC+Hotel+Verona,+Via+Monte+Pastello,+San+Giovanni+Lupatoto,+VR\/Gardaland,+Via+Derna,+Castelnuovo+del+Garda,+VR\/@45.4237693,10.7914447,12z\/am=t\/data=!4m14!4m13!1m5!1m1!1s0x477f5e4e100da459:0x16f7c34c7638e38!2m2!1d11.0159739!2d45.3988334!1m5!1m1!1s0x4781e96b6daa170f:0xbf51a7b9282e10ed!2m2!1d10.7137025!2d45.4549492!3e0?shorturl=1\" target=\"_blank\" rel=\"noopener\">Klicken Sie hier, um zu erfahren, wie Sie Gardaland von unserem Hotel aus erreichen<\/a>!<\/p>\t\t\t\t\t\t\t\t<\/div>\n\t\t\t\t<\/div>\n\t\t<div class=\"elementor-element elementor-element-8a79efe e-con-full e-flex e-con e-child\" data-id=\"8a79efe\" data-element_type=\"container\" data-e-type=\"container\">\n\t\t\t\t<div class=\"elementor-element elementor-element-742f545 elementor-mobile-align-center elementor-widget-mobile__width-inherit elementor-align-center elementor-invisible elementor-widget elementor-widget-button\" data-id=\"742f545\" data-element_type=\"widget\" data-e-type=\"widget\" data-settings=\"{&quot;_animation&quot;:&quot;fadeIn&quot;,&quot;_animation_mobile&quot;:&quot;none&quot;}\" data-widget_type=\"button.default\">\n\t\t\t\t<div class=\"elementor-widget-container\">\n\t\t\t\t\t\t\t\t\t<div class=\"elementor-button-wrapper\">\n\t\t\t\t\t<a class=\"elementor-button elementor-button-link elementor-size-sm\" href=\"https:\/\/book.bestwestern.it\/selectrooms.aspx?language=DE&#038;propid=98326&#038;sob=A128&#038;as=true\" target=\"_blank\">\n\t\t\t\t\t\t<span class=\"elementor-button-content-wrapper\">\n\t\t\t\t\t\t\t\t\t<span class=\"elementor-button-text\">JETZT BUCHEN<\/span>\n\t\t\t\t\t<\/span>\n\t\t\t\t\t<\/a>\n\t\t\t\t<\/div>\n\t\t\t\t\t\t\t\t<\/div>\n\t\t\t\t<\/div>\n\t\t\t\t<\/div>\n\t\t\t\t\t<\/div>\n\t\t\t\t<\/div>\n\t\t<div class=\"elementor-element elementor-element-1e270f0 e-flex e-con-boxed e-con e-parent\" data-id=\"1e270f0\" data-element_type=\"container\" data-e-type=\"container\" data-settings=\"{&quot;background_background&quot;:&quot;classic&quot;,&quot;shape_divider_top&quot;:&quot;curve&quot;}\">\n\t\t\t\t\t<div class=\"e-con-inner\">\n\t\t\t\t<div class=\"elementor-shape elementor-shape-top\" aria-hidden=\"true\" data-negative=\"false\">\n\t\t\t<svg xmlns=\"http:\/\/www.w3.org\/2000\/svg\" viewBox=\"0 0 1000 100\" preserveAspectRatio=\"none\">\n    <path class=\"elementor-shape-fill\" d=\"M1000,4.3V0H0v4.3C0.9,23.1,126.7,99.2,500,100S1000,22.7,1000,4.3z\"\/>\n<\/svg>\t\t<\/div>\n\t\t\t\t<div class=\"elementor-element elementor-element-3c082a0 elementor-widget-tablet__width-inherit elementor-widget-mobile__width-inherit elementor-widget elementor-widget-heading\" data-id=\"3c082a0\" data-element_type=\"widget\" data-e-type=\"widget\" data-widget_type=\"heading.default\">\n\t\t\t\t<div class=\"elementor-widget-container\">\n\t\t\t\t\t<h3 class=\"elementor-heading-title elementor-size-default\">Die Parks, die Sie nicht verpassen k\u00f6nnen<\/h3>\t\t\t\t<\/div>\n\t\t\t\t<\/div>\n\t\t\t\t<div class=\"elementor-element elementor-element-257ad89 elementor-widget elementor-widget-text-editor\" data-id=\"257ad89\" data-element_type=\"widget\" data-e-type=\"widget\" data-widget_type=\"text-editor.default\">\n\t\t\t\t<div class=\"elementor-widget-container\">\n\t\t\t\t\t\t\t\t\t<p>Ob Sie mit Familie und Kindern oder mit einer Gruppe von Freunden in Verona sind, auf dem Gebiet des Gardasees nicht weit von der Stadt finden Sie viele verschiedene M\u00f6glichkeiten, um unvergesslichen Tage zu verbringen.<\/p>\t\t\t\t\t\t\t\t<\/div>\n\t\t\t\t<\/div>\n\t\t<div class=\"elementor-element elementor-element-2921ac1 e-flex e-con-boxed e-con e-child\" data-id=\"2921ac1\" data-element_type=\"container\" data-e-type=\"container\">\n\t\t\t\t\t<div class=\"e-con-inner\">\n\t\t\t\t<div class=\"elementor-element elementor-element-5e42149 elementor-widget elementor-widget-n-accordion\" data-id=\"5e42149\" data-element_type=\"widget\" data-e-type=\"widget\" data-settings=\"{&quot;default_state&quot;:&quot;all_collapsed&quot;,&quot;max_items_expended&quot;:&quot;one&quot;,&quot;n_accordion_animation_duration&quot;:{&quot;unit&quot;:&quot;ms&quot;,&quot;size&quot;:400,&quot;sizes&quot;:[]}}\" data-widget_type=\"nested-accordion.default\">\n\t\t\t\t<div class=\"elementor-widget-container\">\n\t\t\t\t\t\t\t<div class=\"e-n-accordion\" aria-label=\"Accordion. Open links with Enter or Space, close with Escape, and navigate with Arrow Keys\">\n\t\t\t\t\t\t<details id=\"e-n-accordion-item-9880\" class=\"e-n-accordion-item\" >\n\t\t\t\t<summary class=\"e-n-accordion-item-title\" data-accordion-index=\"1\" tabindex=\"0\" aria-expanded=\"false\" aria-controls=\"e-n-accordion-item-9880\" >\n\t\t\t\t\t<span class='e-n-accordion-item-title-header'><div class=\"e-n-accordion-item-title-text\"> Gardaland <\/div><\/span>\n\t\t\t\t\t\t\t\t\t<\/summary>\n\t\t\t\t<div role=\"region\" aria-labelledby=\"e-n-accordion-item-9880\" class=\"elementor-element elementor-element-750f480 e-con-full e-flex e-con e-child\" data-id=\"750f480\" data-element_type=\"container\" data-e-type=\"container\">\n\t\t\t\t<div class=\"elementor-element elementor-element-9943796 elementor-widget elementor-widget-text-editor\" data-id=\"9943796\" data-element_type=\"widget\" data-e-type=\"widget\" data-widget_type=\"text-editor.default\">\n\t\t\t\t<div class=\"elementor-widget-container\">\n\t\t\t\t\t\t\t\t\t<p>Haben Sie schon alles in der Stadt besucht und jetzt ist es Zeit, sich etwas Spa\u00df zu g\u00f6nnen? Im Gardaland k\u00f6nnen Sie wirklich einzigartige Momente verbringen. <\/p><p>Fantasie, Abenteuer und Adrenalin erwarten Sie hier. Sie m\u00fcssen nur aus den vielen Attraktionen w\u00e4hlen: Spa\u00df ist garantiert!<\/p><p>W\u00e4hrend der Sommersaison (April-September) ist der Park immer ge\u00f6ffnet, w\u00e4hrend er in der Wintersaison (Oktober-M\u00e4rz) nur zu besonderen Anl\u00e4ssen ge\u00f6ffnet ist, wie zum Beispiel:<\/p><ul><li>Gardaland Magic Halloween im Oktober: Vampire, Hexen, K\u00fcrbisse, Flederm\u00e4use, Geister und alle gruseligen Kreaturen aus dieser und der n\u00e4chsten Welt warten darauf, Sie vor Spa\u00df zum Schreien zu bringen!<\/li><li>Winterzauber zwischen Ende Dezember und Anfang Januar: Der Zauber der Weihnachtszeit macht Ihren Tag voller Vergn\u00fcgen noch spezieller!<\/li><\/ul><p>F\u00fcr Informationen \u00fcber die Tage und \u00d6ffnungszeiten des Parks besuchen Sie die Seite: <a href=\"www.gardaland.it\/de\/\" target=\"_blank\" rel=\"noopener\">www.gardaland.it\/de\/<\/a><\/p>\t\t\t\t\t\t\t\t<\/div>\n\t\t\t\t<\/div>\n\t\t\t\t<\/div>\n\t\t\t\t\t<\/details>\n\t\t\t\t\t<\/div>\n\t\t\t\t\t\t<\/div>\n\t\t\t\t<\/div>\n\t\t\t\t<div class=\"elementor-element elementor-element-6b5e4b0 elementor-widget elementor-widget-n-accordion\" data-id=\"6b5e4b0\" data-element_type=\"widget\" data-e-type=\"widget\" data-settings=\"{&quot;default_state&quot;:&quot;all_collapsed&quot;,&quot;max_items_expended&quot;:&quot;one&quot;,&quot;n_accordion_animation_duration&quot;:{&quot;unit&quot;:&quot;ms&quot;,&quot;size&quot;:400,&quot;sizes&quot;:[]}}\" data-widget_type=\"nested-accordion.default\">\n\t\t\t\t<div class=\"elementor-widget-container\">\n\t\t\t\t\t\t\t<div class=\"e-n-accordion\" aria-label=\"Accordion. Open links with Enter or Space, close with Escape, and navigate with Arrow Keys\">\n\t\t\t\t\t\t<details id=\"e-n-accordion-item-1120\" class=\"e-n-accordion-item\" >\n\t\t\t\t<summary class=\"e-n-accordion-item-title\" data-accordion-index=\"1\" tabindex=\"0\" aria-expanded=\"false\" aria-controls=\"e-n-accordion-item-1120\" >\n\t\t\t\t\t<span class='e-n-accordion-item-title-header'><div class=\"e-n-accordion-item-title-text\"> Movieland <\/div><\/span>\n\t\t\t\t\t\t\t\t\t<\/summary>\n\t\t\t\t<div role=\"region\" aria-labelledby=\"e-n-accordion-item-1120\" class=\"elementor-element elementor-element-252321a e-con-full e-flex e-con e-child\" data-id=\"252321a\" data-element_type=\"container\" data-e-type=\"container\">\n\t\t\t\t<div class=\"elementor-element elementor-element-36ca2af elementor-widget elementor-widget-text-editor\" data-id=\"36ca2af\" data-element_type=\"widget\" data-e-type=\"widget\" data-widget_type=\"text-editor.default\">\n\t\t\t\t<div class=\"elementor-widget-container\">\n\t\t\t\t\t\t\t\t\t<p>Haben Sie eine Leidenschaft f\u00fcr das Kino? Also ist ein Ausflug nach Movieland ein Muss! <\/p><p>Besichtigen Sie mit uns dem Filmthemenpark, wo man sich wie ein echter Star f\u00fchlen kann! Furchtbare Horrorh\u00e4user, abenteuerliche Expeditionen in der Dschungel, spannende Roboterschlachten und vieles mehr erwarten Sie. <\/p><p>F\u00fcr Informationen \u00fcber die Tage und \u00d6ffnungszeiten des Parks besuchen Sie die Seite: <a href=\"www.movieland.it\/home-eng\" target=\"_blank\" rel=\"noopener\">www.movieland.it\/home-eng<\/a><\/p>\t\t\t\t\t\t\t\t<\/div>\n\t\t\t\t<\/div>\n\t\t\t\t<\/div>\n\t\t\t\t\t<\/details>\n\t\t\t\t\t<\/div>\n\t\t\t\t\t\t<\/div>\n\t\t\t\t<\/div>\n\t\t\t\t<div class=\"elementor-element elementor-element-f0a023c elementor-widget elementor-widget-n-accordion\" data-id=\"f0a023c\" data-element_type=\"widget\" data-e-type=\"widget\" data-settings=\"{&quot;default_state&quot;:&quot;all_collapsed&quot;,&quot;max_items_expended&quot;:&quot;one&quot;,&quot;n_accordion_animation_duration&quot;:{&quot;unit&quot;:&quot;ms&quot;,&quot;size&quot;:400,&quot;sizes&quot;:[]}}\" data-widget_type=\"nested-accordion.default\">\n\t\t\t\t<div class=\"elementor-widget-container\">\n\t\t\t\t\t\t\t<div class=\"e-n-accordion\" aria-label=\"Accordion. Open links with Enter or Space, close with Escape, and navigate with Arrow Keys\">\n\t\t\t\t\t\t<details id=\"e-n-accordion-item-2520\" class=\"e-n-accordion-item\" >\n\t\t\t\t<summary class=\"e-n-accordion-item-title\" data-accordion-index=\"1\" tabindex=\"0\" aria-expanded=\"false\" aria-controls=\"e-n-accordion-item-2520\" >\n\t\t\t\t\t<span class='e-n-accordion-item-title-header'><div class=\"e-n-accordion-item-title-text\"> Caneva World <\/div><\/span>\n\t\t\t\t\t\t\t\t\t<\/summary>\n\t\t\t\t<div role=\"region\" aria-labelledby=\"e-n-accordion-item-2520\" class=\"elementor-element elementor-element-3a7527f e-con-full e-flex e-con e-child\" data-id=\"3a7527f\" data-element_type=\"container\" data-e-type=\"container\">\n\t\t\t\t<div class=\"elementor-element elementor-element-1b07ffa elementor-widget elementor-widget-text-editor\" data-id=\"1b07ffa\" data-element_type=\"widget\" data-e-type=\"widget\" data-widget_type=\"text-editor.default\">\n\t\t\t\t<div class=\"elementor-widget-container\">\n\t\t\t\t\t\t\t\t\t<p>Wasser, Sonne und viele Rutschen! Caneva World erwartet Sie f\u00fcr einen Sprung im puren Spa\u00df!<\/p><p>In Caneva World Wasserpark, eine tropische Insel am Gardasee, werden Sie die Tage zwischen Spielen und Lachen verbringen. Hier brauchen Sie nicht zu w\u00e4hlen: Sie haben Adrenalin zur Verf\u00fcgung dank zahlreicher Rutschen, die f\u00fcr beide Erwachsene und Kinder geeignet sind oder Sie k\u00f6nnen sich einen Moment von Entspannung in die exklusiven Private Cabanas g\u00f6nnen. <\/p><p>F\u00fcr Informationen \u00fcber die Tage und \u00d6ffnungszeiten des Parks besuchen Sie die Seite: <a href=\"www.canevapark.it\/home-eng\" target=\"_blank\" rel=\"noopener\">www.canevapark.it\/home-eng<\/a><\/p>\t\t\t\t\t\t\t\t<\/div>\n\t\t\t\t<\/div>\n\t\t\t\t<\/div>\n\t\t\t\t\t<\/details>\n\t\t\t\t\t<\/div>\n\t\t\t\t\t\t<\/div>\n\t\t\t\t<\/div>\n\t\t\t\t\t<\/div>\n\t\t\t\t<\/div>\n\t\t\t\t\t<\/div>\n\t\t\t\t<\/div>\n\t\t\t\t<\/div>\n\t\t","protected":false},"excerpt":{"rendered":"<p>Vergn\u00fcgungsparks Entdecken Sie die Vergn\u00fcgungsparks mit CTC Hotel Verona Das Gebiet des Gardasees, nur eine halbe Stunde Autos von der Stadt der Arena entfernt, erwartet Sie, um ein Erlebnis von purem und magischem Spa\u00df zu erleben. In der Tat gibt es in dieser Zone viele Vergn\u00fcgungsparks&#8230; Entdecken Sie alle mit dem Best Western CTC Hotel [&hellip;]<\/p>\n","protected":false},"author":6,"featured_media":3005,"parent":3480,"menu_order":0,"comment_status":"closed","ping_status":"closed","template":"","meta":{"footnotes":""},"class_list":["post-3494","page","type-page","status-publish","has-post-thumbnail","hentry"],"yoast_head":"<!-- This site is optimized with the Yoast SEO plugin v27.3 - https:\/\/yoast.com\/product\/yoast-seo-wordpress\/ -->\n<title>Gardaland und Vergn\u00fcgungsparks Verona - BW CTC Hotel Verona<\/title>\n<meta name=\"description\" content=\"Entdecken Sie Gardaland und die anderen zahlreichen Vergn\u00fcgungsparks in Verona und Umgebung mit dem Best Western CTC Hotel Verona!\" \/>\n<meta name=\"robots\" content=\"index, follow, max-snippet:-1, max-image-preview:large, max-video-preview:-1\" \/>\n<link rel=\"canonical\" href=\"https:\/\/www.ctchotelverona.com\/de\/verona\/vergnuegungsparks\/\" \/>\n<meta property=\"og:locale\" content=\"de_DE\" \/>\n<meta property=\"og:type\" content=\"article\" \/>\n<meta property=\"og:title\" content=\"Gardaland und Vergn\u00fcgungsparks Verona - BW CTC Hotel Verona\" \/>\n<meta property=\"og:description\" content=\"Entdecken Sie Gardaland und die anderen zahlreichen Vergn\u00fcgungsparks in Verona und Umgebung mit dem Best Western CTC Hotel Verona!\" \/>\n<meta property=\"og:url\" content=\"https:\/\/www.ctchotelverona.com\/de\/verona\/vergnuegungsparks\/\" \/>\n<meta property=\"og:site_name\" content=\"98326 CTC Verona\" \/>\n<meta property=\"article:modified_time\" content=\"2025-06-04T13:14:17+00:00\" \/>\n<meta property=\"og:image\" content=\"https:\/\/bwh-cdn.neen.dev\/wp-content\/uploads\/sites\/176\/2025\/05\/gardaland.webp\" \/>\n\t<meta property=\"og:image:width\" content=\"1920\" \/>\n\t<meta property=\"og:image:height\" content=\"1277\" \/>\n\t<meta property=\"og:image:type\" content=\"image\/webp\" \/>\n<meta name=\"twitter:card\" content=\"summary_large_image\" \/>\n<meta name=\"twitter:label1\" content=\"Gesch\u00e4tzte Lesezeit\" \/>\n\t<meta name=\"twitter:data1\" content=\"4\u00a0Minuten\" \/>\n<script type=\"application\/ld+json\" class=\"yoast-schema-graph\">{\"@context\":\"https:\\\/\\\/schema.org\",\"@graph\":[{\"@type\":\"WebPage\",\"@id\":\"https:\\\/\\\/www.ctchotelverona.com\\\/de\\\/verona\\\/vergnuegungsparks\\\/\",\"url\":\"https:\\\/\\\/www.ctchotelverona.com\\\/de\\\/verona\\\/vergnuegungsparks\\\/\",\"name\":\"Gardaland und Vergn\u00fcgungsparks Verona - BW CTC Hotel Verona\",\"isPartOf\":{\"@id\":\"https:\\\/\\\/www.ctchotelverona.com\\\/de\\\/#website\"},\"primaryImageOfPage\":{\"@id\":\"https:\\\/\\\/www.ctchotelverona.com\\\/de\\\/verona\\\/vergnuegungsparks\\\/#primaryimage\"},\"image\":{\"@id\":\"https:\\\/\\\/www.ctchotelverona.com\\\/de\\\/verona\\\/vergnuegungsparks\\\/#primaryimage\"},\"thumbnailUrl\":\"https:\\\/\\\/www.ctchotelverona.com\\\/wp-content\\\/uploads\\\/sites\\\/176\\\/2025\\\/05\\\/gardaland.webp\",\"datePublished\":\"2025-05-20T10:27:38+00:00\",\"dateModified\":\"2025-06-04T13:14:17+00:00\",\"description\":\"Entdecken Sie Gardaland und die anderen zahlreichen Vergn\u00fcgungsparks in Verona und Umgebung mit dem Best Western CTC Hotel Verona!\",\"breadcrumb\":{\"@id\":\"https:\\\/\\\/www.ctchotelverona.com\\\/de\\\/verona\\\/vergnuegungsparks\\\/#breadcrumb\"},\"inLanguage\":\"de\",\"potentialAction\":[{\"@type\":\"ReadAction\",\"target\":[\"https:\\\/\\\/www.ctchotelverona.com\\\/de\\\/verona\\\/vergnuegungsparks\\\/\"]}]},{\"@type\":\"ImageObject\",\"inLanguage\":\"de\",\"@id\":\"https:\\\/\\\/www.ctchotelverona.com\\\/de\\\/verona\\\/vergnuegungsparks\\\/#primaryimage\",\"url\":\"https:\\\/\\\/www.ctchotelverona.com\\\/wp-content\\\/uploads\\\/sites\\\/176\\\/2025\\\/05\\\/gardaland.webp\",\"contentUrl\":\"https:\\\/\\\/www.ctchotelverona.com\\\/wp-content\\\/uploads\\\/sites\\\/176\\\/2025\\\/05\\\/gardaland.webp\",\"width\":1920,\"height\":1277,\"caption\":\"Gardaland Park - CTC Hotel Verona\"},{\"@type\":\"BreadcrumbList\",\"@id\":\"https:\\\/\\\/www.ctchotelverona.com\\\/de\\\/verona\\\/vergnuegungsparks\\\/#breadcrumb\",\"itemListElement\":[{\"@type\":\"ListItem\",\"position\":1,\"name\":\"Home\",\"item\":\"https:\\\/\\\/www.ctchotelverona.com\\\/de\\\/home\\\/\"},{\"@type\":\"ListItem\",\"position\":2,\"name\":\"Verona\",\"item\":\"https:\\\/\\\/www.ctchotelverona.com\\\/de\\\/verona\\\/\"},{\"@type\":\"ListItem\",\"position\":3,\"name\":\"Vergn\u00fcgungsparks\"}]},{\"@type\":\"WebSite\",\"@id\":\"https:\\\/\\\/www.ctchotelverona.com\\\/de\\\/#website\",\"url\":\"https:\\\/\\\/www.ctchotelverona.com\\\/de\\\/\",\"name\":\"98326 CTC Verona\",\"description\":\"\",\"publisher\":{\"@id\":\"https:\\\/\\\/www.ctchotelverona.com\\\/de\\\/#organization\"},\"potentialAction\":[{\"@type\":\"SearchAction\",\"target\":{\"@type\":\"EntryPoint\",\"urlTemplate\":\"https:\\\/\\\/www.ctchotelverona.com\\\/de\\\/?s={search_term_string}\"},\"query-input\":{\"@type\":\"PropertyValueSpecification\",\"valueRequired\":true,\"valueName\":\"search_term_string\"}}],\"inLanguage\":\"de\"},{\"@type\":\"Organization\",\"@id\":\"https:\\\/\\\/www.ctchotelverona.com\\\/de\\\/#organization\",\"name\":\"98326 CTC Verona\",\"url\":\"https:\\\/\\\/www.ctchotelverona.com\\\/de\\\/\",\"logo\":{\"@type\":\"ImageObject\",\"inLanguage\":\"de\",\"@id\":\"https:\\\/\\\/www.ctchotelverona.com\\\/de\\\/#\\\/schema\\\/logo\\\/image\\\/\",\"url\":\"https:\\\/\\\/www.ctchotelverona.com\\\/wp-content\\\/uploads\\\/sites\\\/176\\\/2024\\\/07\\\/BW-core.png\",\"contentUrl\":\"https:\\\/\\\/www.ctchotelverona.com\\\/wp-content\\\/uploads\\\/sites\\\/176\\\/2024\\\/07\\\/BW-core.png\",\"width\":2500,\"height\":916,\"caption\":\"98326 CTC Verona\"},\"image\":{\"@id\":\"https:\\\/\\\/www.ctchotelverona.com\\\/de\\\/#\\\/schema\\\/logo\\\/image\\\/\"}}]}<\/script>\n<!-- \/ Yoast SEO plugin. -->","yoast_head_json":{"title":"Gardaland und Vergn\u00fcgungsparks Verona - BW CTC Hotel Verona","description":"Entdecken Sie Gardaland und die anderen zahlreichen Vergn\u00fcgungsparks in Verona und Umgebung mit dem Best Western CTC Hotel Verona!","robots":{"index":"index","follow":"follow","max-snippet":"max-snippet:-1","max-image-preview":"max-image-preview:large","max-video-preview":"max-video-preview:-1"},"canonical":"https:\/\/www.ctchotelverona.com\/de\/verona\/vergnuegungsparks\/","og_locale":"de_DE","og_type":"article","og_title":"Gardaland und Vergn\u00fcgungsparks Verona - BW CTC Hotel Verona","og_description":"Entdecken Sie Gardaland und die anderen zahlreichen Vergn\u00fcgungsparks in Verona und Umgebung mit dem Best Western CTC Hotel Verona!","og_url":"https:\/\/www.ctchotelverona.com\/de\/verona\/vergnuegungsparks\/","og_site_name":"98326 CTC Verona","article_modified_time":"2025-06-04T13:14:17+00:00","og_image":[{"width":1920,"height":1277,"url":"https:\/\/bwh-cdn.neen.dev\/wp-content\/uploads\/sites\/176\/2025\/05\/gardaland.webp","type":"image\/webp"}],"twitter_card":"summary_large_image","twitter_misc":{"Gesch\u00e4tzte Lesezeit":"4\u00a0Minuten"},"schema":{"@context":"https:\/\/schema.org","@graph":[{"@type":"WebPage","@id":"https:\/\/www.ctchotelverona.com\/de\/verona\/vergnuegungsparks\/","url":"https:\/\/www.ctchotelverona.com\/de\/verona\/vergnuegungsparks\/","name":"Gardaland und Vergn\u00fcgungsparks Verona - BW CTC Hotel Verona","isPartOf":{"@id":"https:\/\/www.ctchotelverona.com\/de\/#website"},"primaryImageOfPage":{"@id":"https:\/\/www.ctchotelverona.com\/de\/verona\/vergnuegungsparks\/#primaryimage"},"image":{"@id":"https:\/\/www.ctchotelverona.com\/de\/verona\/vergnuegungsparks\/#primaryimage"},"thumbnailUrl":"https:\/\/www.ctchotelverona.com\/wp-content\/uploads\/sites\/176\/2025\/05\/gardaland.webp","datePublished":"2025-05-20T10:27:38+00:00","dateModified":"2025-06-04T13:14:17+00:00","description":"Entdecken Sie Gardaland und die anderen zahlreichen Vergn\u00fcgungsparks in Verona und Umgebung mit dem Best Western CTC Hotel Verona!","breadcrumb":{"@id":"https:\/\/www.ctchotelverona.com\/de\/verona\/vergnuegungsparks\/#breadcrumb"},"inLanguage":"de","potentialAction":[{"@type":"ReadAction","target":["https:\/\/www.ctchotelverona.com\/de\/verona\/vergnuegungsparks\/"]}]},{"@type":"ImageObject","inLanguage":"de","@id":"https:\/\/www.ctchotelverona.com\/de\/verona\/vergnuegungsparks\/#primaryimage","url":"https:\/\/www.ctchotelverona.com\/wp-content\/uploads\/sites\/176\/2025\/05\/gardaland.webp","contentUrl":"https:\/\/www.ctchotelverona.com\/wp-content\/uploads\/sites\/176\/2025\/05\/gardaland.webp","width":1920,"height":1277,"caption":"Gardaland Park - CTC Hotel Verona"},{"@type":"BreadcrumbList","@id":"https:\/\/www.ctchotelverona.com\/de\/verona\/vergnuegungsparks\/#breadcrumb","itemListElement":[{"@type":"ListItem","position":1,"name":"Home","item":"https:\/\/www.ctchotelverona.com\/de\/home\/"},{"@type":"ListItem","position":2,"name":"Verona","item":"https:\/\/www.ctchotelverona.com\/de\/verona\/"},{"@type":"ListItem","position":3,"name":"Vergn\u00fcgungsparks"}]},{"@type":"WebSite","@id":"https:\/\/www.ctchotelverona.com\/de\/#website","url":"https:\/\/www.ctchotelverona.com\/de\/","name":"98326 CTC Verona","description":"","publisher":{"@id":"https:\/\/www.ctchotelverona.com\/de\/#organization"},"potentialAction":[{"@type":"SearchAction","target":{"@type":"EntryPoint","urlTemplate":"https:\/\/www.ctchotelverona.com\/de\/?s={search_term_string}"},"query-input":{"@type":"PropertyValueSpecification","valueRequired":true,"valueName":"search_term_string"}}],"inLanguage":"de"},{"@type":"Organization","@id":"https:\/\/www.ctchotelverona.com\/de\/#organization","name":"98326 CTC Verona","url":"https:\/\/www.ctchotelverona.com\/de\/","logo":{"@type":"ImageObject","inLanguage":"de","@id":"https:\/\/www.ctchotelverona.com\/de\/#\/schema\/logo\/image\/","url":"https:\/\/www.ctchotelverona.com\/wp-content\/uploads\/sites\/176\/2024\/07\/BW-core.png","contentUrl":"https:\/\/www.ctchotelverona.com\/wp-content\/uploads\/sites\/176\/2024\/07\/BW-core.png","width":2500,"height":916,"caption":"98326 CTC Verona"},"image":{"@id":"https:\/\/www.ctchotelverona.com\/de\/#\/schema\/logo\/image\/"}}]}},"_links":{"self":[{"href":"https:\/\/www.ctchotelverona.com\/de\/wp-json\/wp\/v2\/pages\/3494","targetHints":{"allow":["GET"]}}],"collection":[{"href":"https:\/\/www.ctchotelverona.com\/de\/wp-json\/wp\/v2\/pages"}],"about":[{"href":"https:\/\/www.ctchotelverona.com\/de\/wp-json\/wp\/v2\/types\/page"}],"author":[{"embeddable":true,"href":"https:\/\/www.ctchotelverona.com\/de\/wp-json\/wp\/v2\/users\/6"}],"replies":[{"embeddable":true,"href":"https:\/\/www.ctchotelverona.com\/de\/wp-json\/wp\/v2\/comments?post=3494"}],"version-history":[{"count":1,"href":"https:\/\/www.ctchotelverona.com\/de\/wp-json\/wp\/v2\/pages\/3494\/revisions"}],"predecessor-version":[{"id":3495,"href":"https:\/\/www.ctchotelverona.com\/de\/wp-json\/wp\/v2\/pages\/3494\/revisions\/3495"}],"up":[{"embeddable":true,"href":"https:\/\/www.ctchotelverona.com\/de\/wp-json\/wp\/v2\/pages\/3480"}],"wp:featuredmedia":[{"embeddable":true,"href":"https:\/\/www.ctchotelverona.com\/de\/wp-json\/wp\/v2\/media\/3005"}],"wp:attachment":[{"href":"https:\/\/www.ctchotelverona.com\/de\/wp-json\/wp\/v2\/media?parent=3494"}],"curies":[{"name":"wp","href":"https:\/\/api.w.org\/{rel}","templated":true}]}}