{"id":3421,"date":"2025-05-13T14:15:55","date_gmt":"2025-05-13T12:15:55","guid":{"rendered":"https:\/\/98326-ctc-verona.tempwebsite.it\/dienste\/smart-working-room\/"},"modified":"2025-06-03T15:55:36","modified_gmt":"2025-06-03T13:55:36","slug":"smart-working-room","status":"publish","type":"page","link":"https:\/\/www.ctchotelverona.com\/de\/dienste-hotel-verona\/smart-working-room\/","title":{"rendered":"Smart Working Room"},"content":{"rendered":"\t\t<div data-elementor-type=\"wp-page\" data-elementor-id=\"3421\" class=\"elementor elementor-3421 elementor-1709\" data-elementor-post-type=\"page\">\n\t\t\t\t<div class=\"elementor-element elementor-element-99a3ea4 e-flex e-con-boxed e-con e-parent\" data-id=\"99a3ea4\" data-element_type=\"container\" data-e-type=\"container\" data-settings=\"{&quot;background_background&quot;:&quot;classic&quot;,&quot;shape_divider_bottom&quot;:&quot;curve&quot;}\">\n\t\t\t\t\t<div class=\"e-con-inner\">\n\t\t\t\t<div class=\"elementor-shape elementor-shape-bottom\" aria-hidden=\"true\" data-negative=\"false\">\n\t\t\t<svg xmlns=\"http:\/\/www.w3.org\/2000\/svg\" viewBox=\"0 0 1000 100\" preserveAspectRatio=\"none\">\n    <path class=\"elementor-shape-fill\" d=\"M1000,4.3V0H0v4.3C0.9,23.1,126.7,99.2,500,100S1000,22.7,1000,4.3z\"\/>\n<\/svg>\t\t<\/div>\n\t\t\t\t\t<\/div>\n\t\t\t\t<\/div>\n\t\t<div class=\"elementor-element elementor-element-71d3e77 e-flex e-con-boxed e-con e-parent\" data-id=\"71d3e77\" data-element_type=\"container\" data-e-type=\"container\">\n\t\t\t\t\t<div class=\"e-con-inner\">\n\t\t\t\t<div class=\"elementor-element elementor-element-dda9a04 elementor-widget elementor-widget-heading\" data-id=\"dda9a04\" data-element_type=\"widget\" data-e-type=\"widget\" data-widget_type=\"heading.default\">\n\t\t\t\t<div class=\"elementor-widget-container\">\n\t\t\t\t\t<h1 class=\"elementor-heading-title elementor-size-default\">Smart Working Room<\/h1>\t\t\t\t<\/div>\n\t\t\t\t<\/div>\n\t\t\t\t<div class=\"elementor-element elementor-element-7d7c75a elementor-widget elementor-widget-heading\" data-id=\"7d7c75a\" data-element_type=\"widget\" data-e-type=\"widget\" data-widget_type=\"heading.default\">\n\t\t\t\t<div class=\"elementor-widget-container\">\n\t\t\t\t\t<h2 class=\"elementor-heading-title elementor-size-default\">Hotelkomfort, der Ihrer Arbeit zu Diensten steht<\/h2>\t\t\t\t<\/div>\n\t\t\t\t<\/div>\n\t\t\t\t<div class=\"elementor-element elementor-element-16ed236 elementor-widget-divider--view-line elementor-widget elementor-widget-divider\" data-id=\"16ed236\" data-element_type=\"widget\" data-e-type=\"widget\" data-widget_type=\"divider.default\">\n\t\t\t\t<div class=\"elementor-widget-container\">\n\t\t\t\t\t\t\t<div class=\"elementor-divider\">\n\t\t\t<span class=\"elementor-divider-separator\">\n\t\t\t\t\t\t<\/span>\n\t\t<\/div>\n\t\t\t\t\t\t<\/div>\n\t\t\t\t<\/div>\n\t\t\t\t<div class=\"elementor-element elementor-element-562a578 elementor-widget elementor-widget-text-editor\" data-id=\"562a578\" data-element_type=\"widget\" data-e-type=\"widget\" data-widget_type=\"text-editor.default\">\n\t\t\t\t<div class=\"elementor-widget-container\">\n\t\t\t\t\t\t\t\t\t<p>Ist die Arbeit von zu Hause aus eine Herausforderung f\u00fcr Sie? Stille und Konzentration sind nur noch eine wage Erinnerung? Das <strong>Best Western CTC Hotel Verona<\/strong> hat die richtige L\u00f6sung f\u00fcr Sie!  <\/p><p>Mit dem <strong>SmartWorking Room<\/strong> gewinnen Sie Ihre Konzentration in einer komfortablen, privaten und sicheren Umgebung zur\u00fcck!<\/p><p>Zus\u00e4tzlich zu den Einzeltagen k\u00f6nnen Sie auch <strong>exklusive Pakete mit 5 oder 20 Buchungen<\/strong> zu einem Sonderpreis erwerben.<\/p>\t\t\t\t\t\t\t\t<\/div>\n\t\t\t\t<\/div>\n\t\t<div class=\"elementor-element elementor-element-cd5198e e-con-full e-flex e-con e-child\" data-id=\"cd5198e\" data-element_type=\"container\" data-e-type=\"container\">\n\t\t<div class=\"elementor-element elementor-element-35e7c68 e-con-full e-flex e-con e-child\" data-id=\"35e7c68\" data-element_type=\"container\" data-e-type=\"container\">\n\t\t\t\t<div class=\"elementor-element elementor-element-deac464 elementor-widget elementor-widget-heading\" data-id=\"deac464\" data-element_type=\"widget\" data-e-type=\"widget\" data-widget_type=\"heading.default\">\n\t\t\t\t<div class=\"elementor-widget-container\">\n\t\t\t\t\t<h3 class=\"elementor-heading-title elementor-size-default\">Ein privater Raum zum Arbeiten in Ruhe und Sicherheit<\/h3>\t\t\t\t<\/div>\n\t\t\t\t<\/div>\n\t\t\t\t<div class=\"elementor-element elementor-element-ba293aa elementor-widget elementor-widget-text-editor\" data-id=\"ba293aa\" data-element_type=\"widget\" data-e-type=\"widget\" data-widget_type=\"text-editor.default\">\n\t\t\t\t<div class=\"elementor-widget-container\">\n\t\t\t\t\t\t\t\t\t<ul><li><strong>Privatzimmer<\/strong> mit eigenem Bad<\/li><li>Komfortabler<strong> Arbeitsplatz<\/strong><\/li><li><strong>Hochgeschwindigkeits-WLAN-Verbindung<\/strong><\/li><li>Maximale<strong> Privatsph\u00e4re<\/strong><\/li><li><strong>Strenge Standards f\u00fcr Sauberkeit und Hygiene<\/strong><\/li><li>Coffee Corner<\/li><\/ul>\t\t\t\t\t\t\t\t<\/div>\n\t\t\t\t<\/div>\n\t\t\t\t<\/div>\n\t\t<div class=\"elementor-element elementor-element-178aa2e e-con-full e-flex e-con e-child\" data-id=\"178aa2e\" data-element_type=\"container\" data-e-type=\"container\">\n\t\t\t\t<div class=\"elementor-element elementor-element-1f24dd6 elementor-widget elementor-widget-heading\" data-id=\"1f24dd6\" data-element_type=\"widget\" data-e-type=\"widget\" data-widget_type=\"heading.default\">\n\t\t\t\t<div class=\"elementor-widget-container\">\n\t\t\t\t\t<h3 class=\"elementor-heading-title elementor-size-default\">Die effizienten Dienstleistungen einer Hotelrezeption<\/h3>\t\t\t\t<\/div>\n\t\t\t\t<\/div>\n\t\t\t\t<div class=\"elementor-element elementor-element-83212b1 elementor-widget elementor-widget-text-editor\" data-id=\"83212b1\" data-element_type=\"widget\" data-e-type=\"widget\" data-widget_type=\"text-editor.default\">\n\t\t\t\t<div class=\"elementor-widget-container\">\n\t\t\t\t\t\t\t\t\t<ul><li>Rezeption und <strong>Concierge<\/strong><\/li><li>Abholung und Zustellung von Paketen<\/li><li><strong>Druckservice<\/strong>: bis zu 20 Blatt s\/w kostenlos, danach nach Verbrauch<\/li><\/ul>\t\t\t\t\t\t\t\t<\/div>\n\t\t\t\t<\/div>\n\t\t\t\t<\/div>\n\t\t<div class=\"elementor-element elementor-element-9d7f8a0 e-con-full e-flex e-con e-child\" data-id=\"9d7f8a0\" data-element_type=\"container\" data-e-type=\"container\">\n\t\t\t\t<div class=\"elementor-element elementor-element-47c07ab elementor-widget elementor-widget-heading\" data-id=\"47c07ab\" data-element_type=\"widget\" data-e-type=\"widget\" data-widget_type=\"heading.default\">\n\t\t\t\t<div class=\"elementor-widget-container\">\n\t\t\t\t\t<h3 class=\"elementor-heading-title elementor-size-default\">Au\u00dferdem: zus\u00e4tzliche Annehmlichkeiten in Reichweite<\/h3>\t\t\t\t<\/div>\n\t\t\t\t<\/div>\n\t\t\t\t<div class=\"elementor-element elementor-element-0e85cba elementor-widget elementor-widget-text-editor\" data-id=\"0e85cba\" data-element_type=\"widget\" data-e-type=\"widget\" data-widget_type=\"text-editor.default\">\n\t\t\t\t<div class=\"elementor-widget-container\">\n\t\t\t\t\t\t\t\t\t<ul><li><strong>Kostenlose Parkpl\u00e4tze<\/strong><\/li><li><strong>Zugang zum Fitnessraum<\/strong> <\/li><li><strong>Room Service<\/strong> (auf Anfrage)<\/li><\/ul>\t\t\t\t\t\t\t\t<\/div>\n\t\t\t\t<\/div>\n\t\t\t\t<\/div>\n\t\t\t\t<\/div>\n\t\t\t\t<div class=\"elementor-element elementor-element-acdc0d6 elementor-widget-mobile__width-inherit elementor-mobile-align-center elementor-align-center elementor-invisible elementor-widget elementor-widget-button\" data-id=\"acdc0d6\" data-element_type=\"widget\" data-e-type=\"widget\" data-settings=\"{&quot;_animation&quot;:&quot;fadeIn&quot;,&quot;_animation_mobile&quot;:&quot;none&quot;}\" data-widget_type=\"button.default\">\n\t\t\t\t<div class=\"elementor-widget-container\">\n\t\t\t\t\t\t\t\t\t<div class=\"elementor-button-wrapper\">\n\t\t\t\t\t<a class=\"elementor-button elementor-button-link elementor-size-sm\" href=\"mailto:%20info@ctchotelverona.com?subject=Anfrage%20Smart%20Working%20Room\">\n\t\t\t\t\t\t<span class=\"elementor-button-content-wrapper\">\n\t\t\t\t\t\t\t\t\t<span class=\"elementor-button-text\">Senden Sie Ihre Anfrage<\/span>\n\t\t\t\t\t<\/span>\n\t\t\t\t\t<\/a>\n\t\t\t\t<\/div>\n\t\t\t\t\t\t\t\t<\/div>\n\t\t\t\t<\/div>\n\t\t\t\t\t<\/div>\n\t\t\t\t<\/div>\n\t\t<div class=\"elementor-element elementor-element-a1602ab e-con-full e-flex e-con e-parent\" data-id=\"a1602ab\" data-element_type=\"container\" data-e-type=\"container\">\n\t\t<div class=\"elementor-element elementor-element-6c26333 e-con-full e-flex e-con e-child\" data-id=\"6c26333\" data-element_type=\"container\" data-e-type=\"container\">\n\t\t\t\t<div class=\"elementor-element elementor-element-01a8cf9 elementor-view-default elementor-widget elementor-widget-icon\" data-id=\"01a8cf9\" data-element_type=\"widget\" data-e-type=\"widget\" data-widget_type=\"icon.default\">\n\t\t\t\t<div class=\"elementor-widget-container\">\n\t\t\t\t\t\t\t<div class=\"elementor-icon-wrapper\">\n\t\t\t<div class=\"elementor-icon\">\n\t\t\t<svg aria-hidden=\"true\" class=\"e-font-icon-svg e-fas-info-circle\" viewBox=\"0 0 512 512\" xmlns=\"http:\/\/www.w3.org\/2000\/svg\"><path d=\"M256 8C119.043 8 8 119.083 8 256c0 136.997 111.043 248 248 248s248-111.003 248-248C504 119.083 392.957 8 256 8zm0 110c23.196 0 42 18.804 42 42s-18.804 42-42 42-42-18.804-42-42 18.804-42 42-42zm56 254c0 6.627-5.373 12-12 12h-88c-6.627 0-12-5.373-12-12v-24c0-6.627 5.373-12 12-12h12v-64h-12c-6.627 0-12-5.373-12-12v-24c0-6.627 5.373-12 12-12h64c6.627 0 12 5.373 12 12v100h12c6.627 0 12 5.373 12 12v24z\"><\/path><\/svg>\t\t\t<\/div>\n\t\t<\/div>\n\t\t\t\t\t\t<\/div>\n\t\t\t\t<\/div>\n\t\t\t\t<div class=\"elementor-element elementor-element-1bd1f4e elementor-widget elementor-widget-heading\" data-id=\"1bd1f4e\" data-element_type=\"widget\" data-e-type=\"widget\" data-widget_type=\"heading.default\">\n\t\t\t\t<div class=\"elementor-widget-container\">\n\t\t\t\t\t<span class=\"elementor-heading-title elementor-size-default\">Fristen und Bedingungen<\/span>\t\t\t\t<\/div>\n\t\t\t\t<\/div>\n\t\t\t\t<div class=\"elementor-element elementor-element-853b953 elementor-widget elementor-widget-text-editor\" data-id=\"853b953\" data-element_type=\"widget\" data-e-type=\"widget\" data-widget_type=\"text-editor.default\">\n\t\t\t\t<div class=\"elementor-widget-container\">\n\t\t\t\t\t\t\t\t\t<p>Die Reservierung des SmartWorking-Rooms ist abh\u00e4ngig von der Verf\u00fcgbarkeit und wird direkt vom Hotel per E-Mail best\u00e4tigt.<br>Die Reservierung gilt f\u00fcr eine Einzelbelegung.<br>Garantierte Verf\u00fcgbarkeit von 9:00 bis 18:00 Uhr<br>F\u00fcr die Reservierung werden 250 BWR-Punkte vergeben.<br>Die Zahlung erfolgt direkt im Hotel.<br>Die Stornierung muss bis 18:00 Uhr am Tag vor der Nutzung erfolgen.<\/p>\t\t\t\t\t\t\t\t<\/div>\n\t\t\t\t<\/div>\n\t\t\t\t<\/div>\n\t\t\t\t<\/div>\n\t\t<div class=\"elementor-element elementor-element-8bada97 e-flex e-con-boxed e-con e-parent\" data-id=\"8bada97\" data-element_type=\"container\" data-e-type=\"container\">\n\t\t\t\t\t<div class=\"e-con-inner\">\n\t\t\t\t<div class=\"elementor-element elementor-element-8f057be elementor-widget-mobile__width-inherit elementor-mobile-align-center elementor-align-center elementor-invisible elementor-widget elementor-widget-button\" data-id=\"8f057be\" data-element_type=\"widget\" data-e-type=\"widget\" data-settings=\"{&quot;_animation&quot;:&quot;fadeIn&quot;,&quot;_animation_mobile&quot;:&quot;none&quot;}\" data-widget_type=\"button.default\">\n\t\t\t\t<div class=\"elementor-widget-container\">\n\t\t\t\t\t\t\t\t\t<div class=\"elementor-button-wrapper\">\n\t\t\t\t\t<a class=\"elementor-button elementor-button-link elementor-size-sm\" href=\"https:\/\/www.ctchotelverona.com\/de\/dienste-hotel-verona\/\">\n\t\t\t\t\t\t<span class=\"elementor-button-content-wrapper\">\n\t\t\t\t\t\t<span class=\"elementor-button-icon\">\n\t\t\t\t<svg aria-hidden=\"true\" class=\"e-font-icon-svg e-fas-angle-right\" viewBox=\"0 0 256 512\" xmlns=\"http:\/\/www.w3.org\/2000\/svg\"><path d=\"M224.3 273l-136 136c-9.4 9.4-24.6 9.4-33.9 0l-22.6-22.6c-9.4-9.4-9.4-24.6 0-33.9l96.4-96.4-96.4-96.4c-9.4-9.4-9.4-24.6 0-33.9L54.3 103c9.4-9.4 24.6-9.4 33.9 0l136 136c9.5 9.4 9.5 24.6.1 34z\"><\/path><\/svg>\t\t\t<\/span>\n\t\t\t\t\t\t\t\t\t<span class=\"elementor-button-text\">Zur\u00fcck zu den Leistungen<\/span>\n\t\t\t\t\t<\/span>\n\t\t\t\t\t<\/a>\n\t\t\t\t<\/div>\n\t\t\t\t\t\t\t\t<\/div>\n\t\t\t\t<\/div>\n\t\t\t\t\t<\/div>\n\t\t\t\t<\/div>\n\t\t\t\t<\/div>\n\t\t","protected":false},"excerpt":{"rendered":"<p>Smart Working Room Hotelkomfort, der Ihrer Arbeit zu Diensten steht Ist die Arbeit von zu Hause aus eine Herausforderung f\u00fcr Sie? Stille und Konzentration sind nur noch eine wage Erinnerung? Das Best Western CTC Hotel Verona hat die richtige L\u00f6sung f\u00fcr Sie! Mit dem SmartWorking Room gewinnen Sie Ihre Konzentration in einer komfortablen, privaten und [&hellip;]<\/p>\n","protected":false},"author":6,"featured_media":2887,"parent":3398,"menu_order":0,"comment_status":"closed","ping_status":"closed","template":"","meta":{"footnotes":""},"class_list":["post-3421","page","type-page","status-publish","has-post-thumbnail","hentry"],"yoast_head":"<!-- This site is optimized with the Yoast SEO plugin v27.3 - https:\/\/yoast.com\/product\/yoast-seo-wordpress\/ -->\n<title>Smart Working Room Verona - CTC Hotel Verona 4 Sterne<\/title>\n<meta name=\"description\" content=\"Gewinnen Sie Ihre Konzentration in einer komfortablen, privaten und sicheren Umgebung zur\u00fcck: Im CTC Hotel Verona finden Sie Highspeed-Verbindungen und Dienste f\u00fcr die Fernarbeit!\" \/>\n<meta name=\"robots\" content=\"index, follow, max-snippet:-1, max-image-preview:large, max-video-preview:-1\" \/>\n<link rel=\"canonical\" href=\"https:\/\/www.ctchotelverona.com\/de\/dienste-hotel-verona\/smart-working-room\/\" \/>\n<meta property=\"og:locale\" content=\"de_DE\" \/>\n<meta property=\"og:type\" content=\"article\" \/>\n<meta property=\"og:title\" content=\"Smart Working Room Verona - CTC Hotel Verona 4 Sterne\" \/>\n<meta property=\"og:description\" content=\"Gewinnen Sie Ihre Konzentration in einer komfortablen, privaten und sicheren Umgebung zur\u00fcck: Im CTC Hotel Verona finden Sie Highspeed-Verbindungen und Dienste f\u00fcr die Fernarbeit!\" \/>\n<meta property=\"og:url\" content=\"https:\/\/www.ctchotelverona.com\/de\/dienste-hotel-verona\/smart-working-room\/\" \/>\n<meta property=\"og:site_name\" content=\"98326 CTC Verona\" \/>\n<meta property=\"article:modified_time\" content=\"2025-06-03T13:55:36+00:00\" \/>\n<meta property=\"og:image\" content=\"https:\/\/bwh-cdn.neen.dev\/wp-content\/uploads\/sites\/176\/2025\/05\/smartworking-room.webp\" \/>\n\t<meta property=\"og:image:width\" content=\"1920\" \/>\n\t<meta property=\"og:image:height\" content=\"1280\" \/>\n\t<meta property=\"og:image:type\" content=\"image\/webp\" \/>\n<meta name=\"twitter:card\" content=\"summary_large_image\" \/>\n<meta name=\"twitter:label1\" content=\"Gesch\u00e4tzte Lesezeit\" \/>\n\t<meta name=\"twitter:data1\" content=\"2\u00a0Minuten\" \/>\n<script type=\"application\/ld+json\" class=\"yoast-schema-graph\">{\"@context\":\"https:\\\/\\\/schema.org\",\"@graph\":[{\"@type\":\"WebPage\",\"@id\":\"https:\\\/\\\/www.ctchotelverona.com\\\/de\\\/dienste-hotel-verona\\\/smart-working-room\\\/\",\"url\":\"https:\\\/\\\/www.ctchotelverona.com\\\/de\\\/dienste-hotel-verona\\\/smart-working-room\\\/\",\"name\":\"Smart Working Room Verona - CTC Hotel Verona 4 Sterne\",\"isPartOf\":{\"@id\":\"https:\\\/\\\/www.ctchotelverona.com\\\/de\\\/#website\"},\"primaryImageOfPage\":{\"@id\":\"https:\\\/\\\/www.ctchotelverona.com\\\/de\\\/dienste-hotel-verona\\\/smart-working-room\\\/#primaryimage\"},\"image\":{\"@id\":\"https:\\\/\\\/www.ctchotelverona.com\\\/de\\\/dienste-hotel-verona\\\/smart-working-room\\\/#primaryimage\"},\"thumbnailUrl\":\"https:\\\/\\\/www.ctchotelverona.com\\\/wp-content\\\/uploads\\\/sites\\\/176\\\/2025\\\/05\\\/smartworking-room.webp\",\"datePublished\":\"2025-05-13T12:15:55+00:00\",\"dateModified\":\"2025-06-03T13:55:36+00:00\",\"description\":\"Gewinnen Sie Ihre Konzentration in einer komfortablen, privaten und sicheren Umgebung zur\u00fcck: Im CTC Hotel Verona finden Sie Highspeed-Verbindungen und Dienste f\u00fcr die Fernarbeit!\",\"breadcrumb\":{\"@id\":\"https:\\\/\\\/www.ctchotelverona.com\\\/de\\\/dienste-hotel-verona\\\/smart-working-room\\\/#breadcrumb\"},\"inLanguage\":\"de\",\"potentialAction\":[{\"@type\":\"ReadAction\",\"target\":[\"https:\\\/\\\/www.ctchotelverona.com\\\/de\\\/dienste-hotel-verona\\\/smart-working-room\\\/\"]}]},{\"@type\":\"ImageObject\",\"inLanguage\":\"de\",\"@id\":\"https:\\\/\\\/www.ctchotelverona.com\\\/de\\\/dienste-hotel-verona\\\/smart-working-room\\\/#primaryimage\",\"url\":\"https:\\\/\\\/www.ctchotelverona.com\\\/wp-content\\\/uploads\\\/sites\\\/176\\\/2025\\\/05\\\/smartworking-room.webp\",\"contentUrl\":\"https:\\\/\\\/www.ctchotelverona.com\\\/wp-content\\\/uploads\\\/sites\\\/176\\\/2025\\\/05\\\/smartworking-room.webp\",\"width\":1920,\"height\":1280,\"caption\":\"Smartworking Room - CTC Hotel Verona\"},{\"@type\":\"BreadcrumbList\",\"@id\":\"https:\\\/\\\/www.ctchotelverona.com\\\/de\\\/dienste-hotel-verona\\\/smart-working-room\\\/#breadcrumb\",\"itemListElement\":[{\"@type\":\"ListItem\",\"position\":1,\"name\":\"Home\",\"item\":\"https:\\\/\\\/www.ctchotelverona.com\\\/de\\\/home\\\/\"},{\"@type\":\"ListItem\",\"position\":2,\"name\":\"Dienste\",\"item\":\"https:\\\/\\\/www.ctchotelverona.com\\\/de\\\/dienste-hotel-verona\\\/\"},{\"@type\":\"ListItem\",\"position\":3,\"name\":\"Smart Working Room\"}]},{\"@type\":\"WebSite\",\"@id\":\"https:\\\/\\\/www.ctchotelverona.com\\\/de\\\/#website\",\"url\":\"https:\\\/\\\/www.ctchotelverona.com\\\/de\\\/\",\"name\":\"98326 CTC Verona\",\"description\":\"\",\"publisher\":{\"@id\":\"https:\\\/\\\/www.ctchotelverona.com\\\/de\\\/#organization\"},\"potentialAction\":[{\"@type\":\"SearchAction\",\"target\":{\"@type\":\"EntryPoint\",\"urlTemplate\":\"https:\\\/\\\/www.ctchotelverona.com\\\/de\\\/?s={search_term_string}\"},\"query-input\":{\"@type\":\"PropertyValueSpecification\",\"valueRequired\":true,\"valueName\":\"search_term_string\"}}],\"inLanguage\":\"de\"},{\"@type\":\"Organization\",\"@id\":\"https:\\\/\\\/www.ctchotelverona.com\\\/de\\\/#organization\",\"name\":\"98326 CTC Verona\",\"url\":\"https:\\\/\\\/www.ctchotelverona.com\\\/de\\\/\",\"logo\":{\"@type\":\"ImageObject\",\"inLanguage\":\"de\",\"@id\":\"https:\\\/\\\/www.ctchotelverona.com\\\/de\\\/#\\\/schema\\\/logo\\\/image\\\/\",\"url\":\"https:\\\/\\\/www.ctchotelverona.com\\\/wp-content\\\/uploads\\\/sites\\\/176\\\/2024\\\/07\\\/BW-core.png\",\"contentUrl\":\"https:\\\/\\\/www.ctchotelverona.com\\\/wp-content\\\/uploads\\\/sites\\\/176\\\/2024\\\/07\\\/BW-core.png\",\"width\":2500,\"height\":916,\"caption\":\"98326 CTC Verona\"},\"image\":{\"@id\":\"https:\\\/\\\/www.ctchotelverona.com\\\/de\\\/#\\\/schema\\\/logo\\\/image\\\/\"}}]}<\/script>\n<!-- \/ Yoast SEO plugin. -->","yoast_head_json":{"title":"Smart Working Room Verona - CTC Hotel Verona 4 Sterne","description":"Gewinnen Sie Ihre Konzentration in einer komfortablen, privaten und sicheren Umgebung zur\u00fcck: Im CTC Hotel Verona finden Sie Highspeed-Verbindungen und Dienste f\u00fcr die Fernarbeit!","robots":{"index":"index","follow":"follow","max-snippet":"max-snippet:-1","max-image-preview":"max-image-preview:large","max-video-preview":"max-video-preview:-1"},"canonical":"https:\/\/www.ctchotelverona.com\/de\/dienste-hotel-verona\/smart-working-room\/","og_locale":"de_DE","og_type":"article","og_title":"Smart Working Room Verona - CTC Hotel Verona 4 Sterne","og_description":"Gewinnen Sie Ihre Konzentration in einer komfortablen, privaten und sicheren Umgebung zur\u00fcck: Im CTC Hotel Verona finden Sie Highspeed-Verbindungen und Dienste f\u00fcr die Fernarbeit!","og_url":"https:\/\/www.ctchotelverona.com\/de\/dienste-hotel-verona\/smart-working-room\/","og_site_name":"98326 CTC Verona","article_modified_time":"2025-06-03T13:55:36+00:00","og_image":[{"width":1920,"height":1280,"url":"https:\/\/bwh-cdn.neen.dev\/wp-content\/uploads\/sites\/176\/2025\/05\/smartworking-room.webp","type":"image\/webp"}],"twitter_card":"summary_large_image","twitter_misc":{"Gesch\u00e4tzte Lesezeit":"2\u00a0Minuten"},"schema":{"@context":"https:\/\/schema.org","@graph":[{"@type":"WebPage","@id":"https:\/\/www.ctchotelverona.com\/de\/dienste-hotel-verona\/smart-working-room\/","url":"https:\/\/www.ctchotelverona.com\/de\/dienste-hotel-verona\/smart-working-room\/","name":"Smart Working Room Verona - CTC Hotel Verona 4 Sterne","isPartOf":{"@id":"https:\/\/www.ctchotelverona.com\/de\/#website"},"primaryImageOfPage":{"@id":"https:\/\/www.ctchotelverona.com\/de\/dienste-hotel-verona\/smart-working-room\/#primaryimage"},"image":{"@id":"https:\/\/www.ctchotelverona.com\/de\/dienste-hotel-verona\/smart-working-room\/#primaryimage"},"thumbnailUrl":"https:\/\/www.ctchotelverona.com\/wp-content\/uploads\/sites\/176\/2025\/05\/smartworking-room.webp","datePublished":"2025-05-13T12:15:55+00:00","dateModified":"2025-06-03T13:55:36+00:00","description":"Gewinnen Sie Ihre Konzentration in einer komfortablen, privaten und sicheren Umgebung zur\u00fcck: Im CTC Hotel Verona finden Sie Highspeed-Verbindungen und Dienste f\u00fcr die Fernarbeit!","breadcrumb":{"@id":"https:\/\/www.ctchotelverona.com\/de\/dienste-hotel-verona\/smart-working-room\/#breadcrumb"},"inLanguage":"de","potentialAction":[{"@type":"ReadAction","target":["https:\/\/www.ctchotelverona.com\/de\/dienste-hotel-verona\/smart-working-room\/"]}]},{"@type":"ImageObject","inLanguage":"de","@id":"https:\/\/www.ctchotelverona.com\/de\/dienste-hotel-verona\/smart-working-room\/#primaryimage","url":"https:\/\/www.ctchotelverona.com\/wp-content\/uploads\/sites\/176\/2025\/05\/smartworking-room.webp","contentUrl":"https:\/\/www.ctchotelverona.com\/wp-content\/uploads\/sites\/176\/2025\/05\/smartworking-room.webp","width":1920,"height":1280,"caption":"Smartworking Room - CTC Hotel Verona"},{"@type":"BreadcrumbList","@id":"https:\/\/www.ctchotelverona.com\/de\/dienste-hotel-verona\/smart-working-room\/#breadcrumb","itemListElement":[{"@type":"ListItem","position":1,"name":"Home","item":"https:\/\/www.ctchotelverona.com\/de\/home\/"},{"@type":"ListItem","position":2,"name":"Dienste","item":"https:\/\/www.ctchotelverona.com\/de\/dienste-hotel-verona\/"},{"@type":"ListItem","position":3,"name":"Smart Working Room"}]},{"@type":"WebSite","@id":"https:\/\/www.ctchotelverona.com\/de\/#website","url":"https:\/\/www.ctchotelverona.com\/de\/","name":"98326 CTC Verona","description":"","publisher":{"@id":"https:\/\/www.ctchotelverona.com\/de\/#organization"},"potentialAction":[{"@type":"SearchAction","target":{"@type":"EntryPoint","urlTemplate":"https:\/\/www.ctchotelverona.com\/de\/?s={search_term_string}"},"query-input":{"@type":"PropertyValueSpecification","valueRequired":true,"valueName":"search_term_string"}}],"inLanguage":"de"},{"@type":"Organization","@id":"https:\/\/www.ctchotelverona.com\/de\/#organization","name":"98326 CTC Verona","url":"https:\/\/www.ctchotelverona.com\/de\/","logo":{"@type":"ImageObject","inLanguage":"de","@id":"https:\/\/www.ctchotelverona.com\/de\/#\/schema\/logo\/image\/","url":"https:\/\/www.ctchotelverona.com\/wp-content\/uploads\/sites\/176\/2024\/07\/BW-core.png","contentUrl":"https:\/\/www.ctchotelverona.com\/wp-content\/uploads\/sites\/176\/2024\/07\/BW-core.png","width":2500,"height":916,"caption":"98326 CTC Verona"},"image":{"@id":"https:\/\/www.ctchotelverona.com\/de\/#\/schema\/logo\/image\/"}}]}},"_links":{"self":[{"href":"https:\/\/www.ctchotelverona.com\/de\/wp-json\/wp\/v2\/pages\/3421","targetHints":{"allow":["GET"]}}],"collection":[{"href":"https:\/\/www.ctchotelverona.com\/de\/wp-json\/wp\/v2\/pages"}],"about":[{"href":"https:\/\/www.ctchotelverona.com\/de\/wp-json\/wp\/v2\/types\/page"}],"author":[{"embeddable":true,"href":"https:\/\/www.ctchotelverona.com\/de\/wp-json\/wp\/v2\/users\/6"}],"replies":[{"embeddable":true,"href":"https:\/\/www.ctchotelverona.com\/de\/wp-json\/wp\/v2\/comments?post=3421"}],"version-history":[{"count":3,"href":"https:\/\/www.ctchotelverona.com\/de\/wp-json\/wp\/v2\/pages\/3421\/revisions"}],"predecessor-version":[{"id":3425,"href":"https:\/\/www.ctchotelverona.com\/de\/wp-json\/wp\/v2\/pages\/3421\/revisions\/3425"}],"up":[{"embeddable":true,"href":"https:\/\/www.ctchotelverona.com\/de\/wp-json\/wp\/v2\/pages\/3398"}],"wp:featuredmedia":[{"embeddable":true,"href":"https:\/\/www.ctchotelverona.com\/de\/wp-json\/wp\/v2\/media\/2887"}],"wp:attachment":[{"href":"https:\/\/www.ctchotelverona.com\/de\/wp-json\/wp\/v2\/media?parent=3421"}],"curies":[{"name":"wp","href":"https:\/\/api.w.org\/{rel}","templated":true}]}}