{"id":3406,"date":"2025-05-13T13:52:05","date_gmt":"2025-05-13T11:52:05","guid":{"rendered":"https:\/\/98326-ctc-verona.tempwebsite.it\/dienste\/barrierefreies-hotel\/"},"modified":"2025-06-03T15:29:13","modified_gmt":"2025-06-03T13:29:13","slug":"barrierefreies-hotel","status":"publish","type":"page","link":"https:\/\/www.ctchotelverona.com\/de\/dienste-hotel-verona\/barrierefreies-hotel\/","title":{"rendered":"Barrierefreies Hotel"},"content":{"rendered":"\t\t<div data-elementor-type=\"wp-page\" data-elementor-id=\"3406\" class=\"elementor elementor-3406 elementor-1677\" data-elementor-post-type=\"page\">\n\t\t\t\t<div class=\"elementor-element elementor-element-99a3ea4 e-flex e-con-boxed e-con e-parent\" data-id=\"99a3ea4\" data-element_type=\"container\" data-e-type=\"container\" data-settings=\"{&quot;background_background&quot;:&quot;classic&quot;,&quot;shape_divider_bottom&quot;:&quot;curve&quot;}\">\n\t\t\t\t\t<div class=\"e-con-inner\">\n\t\t\t\t<div class=\"elementor-shape elementor-shape-bottom\" aria-hidden=\"true\" data-negative=\"false\">\n\t\t\t<svg xmlns=\"http:\/\/www.w3.org\/2000\/svg\" viewBox=\"0 0 1000 100\" preserveAspectRatio=\"none\">\n    <path class=\"elementor-shape-fill\" d=\"M1000,4.3V0H0v4.3C0.9,23.1,126.7,99.2,500,100S1000,22.7,1000,4.3z\"\/>\n<\/svg>\t\t<\/div>\n\t\t\t\t\t<\/div>\n\t\t\t\t<\/div>\n\t\t<div class=\"elementor-element elementor-element-71d3e77 e-flex e-con-boxed e-con e-parent\" data-id=\"71d3e77\" data-element_type=\"container\" data-e-type=\"container\">\n\t\t\t\t\t<div class=\"e-con-inner\">\n\t\t\t\t<div class=\"elementor-element elementor-element-dda9a04 elementor-widget elementor-widget-heading\" data-id=\"dda9a04\" data-element_type=\"widget\" data-e-type=\"widget\" data-widget_type=\"heading.default\">\n\t\t\t\t<div class=\"elementor-widget-container\">\n\t\t\t\t\t<h1 class=\"elementor-heading-title elementor-size-default\">Barrierefreies Hotel<\/h1>\t\t\t\t<\/div>\n\t\t\t\t<\/div>\n\t\t\t\t<div class=\"elementor-element elementor-element-7d7c75a elementor-widget elementor-widget-heading\" data-id=\"7d7c75a\" data-element_type=\"widget\" data-e-type=\"widget\" data-widget_type=\"heading.default\">\n\t\t\t\t<div class=\"elementor-widget-container\">\n\t\t\t\t\t<h2 class=\"elementor-heading-title elementor-size-default\">Unsere Aufmerksamkeiten f\u00fcr Ihren barrierefreien Aufenthalt in Verona<\/h2>\t\t\t\t<\/div>\n\t\t\t\t<\/div>\n\t\t\t\t<div class=\"elementor-element elementor-element-16ed236 elementor-widget-divider--view-line elementor-widget elementor-widget-divider\" data-id=\"16ed236\" data-element_type=\"widget\" data-e-type=\"widget\" data-widget_type=\"divider.default\">\n\t\t\t\t<div class=\"elementor-widget-container\">\n\t\t\t\t\t\t\t<div class=\"elementor-divider\">\n\t\t\t<span class=\"elementor-divider-separator\">\n\t\t\t\t\t\t<\/span>\n\t\t<\/div>\n\t\t\t\t\t\t<\/div>\n\t\t\t\t<\/div>\n\t\t\t\t<div class=\"elementor-element elementor-element-562a578 elementor-widget elementor-widget-text-editor\" data-id=\"562a578\" data-element_type=\"widget\" data-e-type=\"widget\" data-widget_type=\"text-editor.default\">\n\t\t\t\t<div class=\"elementor-widget-container\">\n\t\t\t\t\t\t\t\t\t<p>Um unseren G\u00e4sten bestm\u00f6glich entgegenzukommen<strong>, haben wir barrierefreie Zimmer eingerichtet, Gemeinschaftsr\u00e4ume analysiert und Informationsbl\u00e4tter erstellt<\/strong>, damit jeder das Hotel vor seinem Aufenthalt so gut wie m\u00f6glich kennen lernen kann.<\/p><p>Auf diese Weise wird es m\u00f6glich sein, das Zimmer oder den Raum zu finden, der den spezifischen Bed\u00fcrfnissen jedes Einzelnen am besten entspricht, um einen Aufenthalt in Komfort und Sicherheit zu erleben.<\/p>\t\t\t\t\t\t\t\t<\/div>\n\t\t\t\t<\/div>\n\t\t\t\t\t<\/div>\n\t\t\t\t<\/div>\n\t\t<div class=\"elementor-element elementor-element-7a6842e e-flex e-con-boxed e-con e-parent\" data-id=\"7a6842e\" data-element_type=\"container\" data-e-type=\"container\" data-settings=\"{&quot;animation_mobile&quot;:&quot;none&quot;}\">\n\t\t\t\t\t<div class=\"e-con-inner\">\n\t\t<div class=\"elementor-element elementor-element-3b6e2e5 e-con-full e-flex elementor-invisible e-con e-child\" data-id=\"3b6e2e5\" data-element_type=\"container\" data-e-type=\"container\" data-settings=\"{&quot;motion_fx_motion_fx_scrolling&quot;:&quot;yes&quot;,&quot;animation&quot;:&quot;fadeInLeft&quot;,&quot;animation_mobile&quot;:&quot;fadeIn&quot;,&quot;background_background&quot;:&quot;classic&quot;,&quot;motion_fx_devices&quot;:[&quot;desktop&quot;,&quot;tablet&quot;,&quot;mobile&quot;]}\">\n\t\t<div class=\"elementor-element elementor-element-9cd4f7b e-con-full e-flex e-con e-child\" data-id=\"9cd4f7b\" data-element_type=\"container\" data-e-type=\"container\" data-settings=\"{&quot;animation_mobile&quot;:&quot;none&quot;}\">\n\t\t\t\t<div class=\"elementor-element elementor-element-9570186 elementor-widget elementor-widget-heading\" data-id=\"9570186\" data-element_type=\"widget\" data-e-type=\"widget\" data-settings=\"{&quot;_animation_mobile&quot;:&quot;none&quot;}\" data-widget_type=\"heading.default\">\n\t\t\t\t<div class=\"elementor-widget-container\">\n\t\t\t\t\t<h3 class=\"elementor-heading-title elementor-size-default\">Unser Engagement<\/h3>\t\t\t\t<\/div>\n\t\t\t\t<\/div>\n\t\t\t\t<div class=\"elementor-element elementor-element-c1db0b9 elementor-widget elementor-widget-text-editor\" data-id=\"c1db0b9\" data-element_type=\"widget\" data-e-type=\"widget\" data-settings=\"{&quot;_animation_mobile&quot;:&quot;none&quot;}\" data-widget_type=\"text-editor.default\">\n\t\t\t\t<div class=\"elementor-widget-container\">\n\t\t\t\t\t\t\t\t\t<p>Wir haben daher ein technisches Schaufenster vorbereitet, das Sie unten herunterladen k\u00f6nnen. Es enth\u00e4lt alle Informationen, die Sie f\u00fcr Ihren Aufenthalt ben\u00f6tigen: Parkpl\u00e4tze, \u00f6ffentliche Bereiche, Sanit\u00e4ranlagen, Speiser\u00e4ume und Details zu den Zimmern und B\u00e4dern, so dass Sie im Voraus alle logistischen Informationen \u00fcber das Hotel und die verf\u00fcgbaren Dienstleistungen in Erfahrung bringen k\u00f6nnen.<\/p>\t\t\t\t\t\t\t\t<\/div>\n\t\t\t\t<\/div>\n\t\t\t\t<div class=\"elementor-element elementor-element-5721ce0 elementor-mobile-align-center elementor-widget-mobile__width-inherit elementor-tablet-align-center elementor-invisible elementor-widget elementor-widget-button\" data-id=\"5721ce0\" data-element_type=\"widget\" data-e-type=\"widget\" data-settings=\"{&quot;_animation&quot;:&quot;fadeIn&quot;,&quot;_animation_mobile&quot;:&quot;none&quot;}\" data-widget_type=\"button.default\">\n\t\t\t\t<div class=\"elementor-widget-container\">\n\t\t\t\t\t\t\t\t\t<div class=\"elementor-button-wrapper\">\n\t\t\t\t\t<a class=\"elementor-button elementor-button-link elementor-size-sm\" href=\"\/wp-content\/uploads\/sites\/176\/2025\/05\/Hotel-Accessibile_98326-eng.pdf\" target=\"_blank\">\n\t\t\t\t\t\t<span class=\"elementor-button-content-wrapper\">\n\t\t\t\t\t\t\t\t\t<span class=\"elementor-button-text\">Download des technischen Schaufensters<\/span>\n\t\t\t\t\t<\/span>\n\t\t\t\t\t<\/a>\n\t\t\t\t<\/div>\n\t\t\t\t\t\t\t\t<\/div>\n\t\t\t\t<\/div>\n\t\t\t\t<\/div>\n\t\t\t\t<\/div>\n\t\t<div class=\"elementor-element elementor-element-72a49fc e-con-full e-flex elementor-invisible e-con e-child\" data-id=\"72a49fc\" data-element_type=\"container\" data-e-type=\"container\" data-settings=\"{&quot;background_background&quot;:&quot;classic&quot;,&quot;animation&quot;:&quot;fadeInRight&quot;,&quot;animation_mobile&quot;:&quot;none&quot;}\">\n\t\t<div class=\"elementor-element elementor-element-35d4722 e-con-full e-flex e-con e-child\" data-id=\"35d4722\" data-element_type=\"container\" data-e-type=\"container\">\n\t\t\t\t<div class=\"elementor-element elementor-element-e91fb75 elementor-widget elementor-widget-heading\" data-id=\"e91fb75\" data-element_type=\"widget\" data-e-type=\"widget\" data-widget_type=\"heading.default\">\n\t\t\t\t<div class=\"elementor-widget-container\">\n\t\t\t\t\t<h3 class=\"elementor-heading-title elementor-size-default\">So buchen Sie ein Zimmer<\/h3>\t\t\t\t<\/div>\n\t\t\t\t<\/div>\n\t\t\t\t<div class=\"elementor-element elementor-element-5d445d0 elementor-widget-tablet__width-initial elementor-widget-mobile__width-inherit elementor-widget__width-inherit elementor-widget elementor-widget-text-editor\" data-id=\"5d445d0\" data-element_type=\"widget\" data-e-type=\"widget\" data-widget_type=\"text-editor.default\">\n\t\t\t\t<div class=\"elementor-widget-container\">\n\t\t\t\t\t\t\t\t\t<p>Wenn Sie ein spezielles Zimmer buchen m\u00f6chten, <a href=\"mailto:info@ctchotelverona.com\">kontaktieren Sie bitte das Hotel<\/a> und teilen Sie uns Ihre W\u00fcnsche mit, oder geben Sie diese bei der Online-Buchung im Feld \u201eAnmerkungen\u201c an.<\/p>\t\t\t\t\t\t\t\t<\/div>\n\t\t\t\t<\/div>\n\t\t\t\t<\/div>\n\t\t\t\t<\/div>\n\t\t\t\t\t<\/div>\n\t\t\t\t<\/div>\n\t\t<div class=\"elementor-element elementor-element-4712434 e-flex e-con-boxed e-con e-parent\" data-id=\"4712434\" data-element_type=\"container\" data-e-type=\"container\">\n\t\t\t\t\t<div class=\"e-con-inner\">\n\t\t\t\t<div class=\"elementor-element elementor-element-d700d3c elementor-widget-mobile__width-inherit elementor-mobile-align-center elementor-align-center elementor-invisible elementor-widget elementor-widget-button\" data-id=\"d700d3c\" data-element_type=\"widget\" data-e-type=\"widget\" data-settings=\"{&quot;_animation&quot;:&quot;fadeIn&quot;,&quot;_animation_mobile&quot;:&quot;none&quot;}\" data-widget_type=\"button.default\">\n\t\t\t\t<div class=\"elementor-widget-container\">\n\t\t\t\t\t\t\t\t\t<div class=\"elementor-button-wrapper\">\n\t\t\t\t\t<a class=\"elementor-button elementor-button-link elementor-size-sm\" href=\"https:\/\/www.ctchotelverona.com\/de\/dienste-hotel-verona\/\">\n\t\t\t\t\t\t<span class=\"elementor-button-content-wrapper\">\n\t\t\t\t\t\t<span class=\"elementor-button-icon\">\n\t\t\t\t<svg aria-hidden=\"true\" class=\"e-font-icon-svg e-fas-angle-right\" viewBox=\"0 0 256 512\" xmlns=\"http:\/\/www.w3.org\/2000\/svg\"><path d=\"M224.3 273l-136 136c-9.4 9.4-24.6 9.4-33.9 0l-22.6-22.6c-9.4-9.4-9.4-24.6 0-33.9l96.4-96.4-96.4-96.4c-9.4-9.4-9.4-24.6 0-33.9L54.3 103c9.4-9.4 24.6-9.4 33.9 0l136 136c9.5 9.4 9.5 24.6.1 34z\"><\/path><\/svg>\t\t\t<\/span>\n\t\t\t\t\t\t\t\t\t<span class=\"elementor-button-text\">Zur\u00fcck zu den Leistungen<\/span>\n\t\t\t\t\t<\/span>\n\t\t\t\t\t<\/a>\n\t\t\t\t<\/div>\n\t\t\t\t\t\t\t\t<\/div>\n\t\t\t\t<\/div>\n\t\t\t\t\t<\/div>\n\t\t\t\t<\/div>\n\t\t\t\t<\/div>\n\t\t","protected":false},"excerpt":{"rendered":"<p>Barrierefreies Hotel Unsere Aufmerksamkeiten f\u00fcr Ihren barrierefreien Aufenthalt in Verona Um unseren G\u00e4sten bestm\u00f6glich entgegenzukommen, haben wir barrierefreie Zimmer eingerichtet, Gemeinschaftsr\u00e4ume analysiert und Informationsbl\u00e4tter erstellt, damit jeder das Hotel vor seinem Aufenthalt so gut wie m\u00f6glich kennen lernen kann. Auf diese Weise wird es m\u00f6glich sein, das Zimmer oder den Raum zu finden, der den [&hellip;]<\/p>\n","protected":false},"author":6,"featured_media":2889,"parent":3398,"menu_order":0,"comment_status":"closed","ping_status":"closed","template":"","meta":{"footnotes":""},"class_list":["post-3406","page","type-page","status-publish","has-post-thumbnail","hentry"],"yoast_head":"<!-- This site is optimized with the Yoast SEO plugin v27.3 - https:\/\/yoast.com\/product\/yoast-seo-wordpress\/ -->\n<title>Barrierefreies Hotel in Verona \u2013 Best Western CTC Hotel Verona<\/title>\n<meta name=\"description\" content=\"Das CTC Hotel Verona ist ein barrierefreies 4-Sterne-Hotel mit behindertengerechten Zimmern, geschultem und freundlichem Personal und Dienstleistungen f\u00fcr Menschen mit besonderen Bed\u00fcrfnissen.\" \/>\n<meta name=\"robots\" content=\"index, follow, max-snippet:-1, max-image-preview:large, max-video-preview:-1\" \/>\n<link rel=\"canonical\" href=\"https:\/\/www.ctchotelverona.com\/de\/dienste-hotel-verona\/barrierefreies-hotel\/\" \/>\n<meta property=\"og:locale\" content=\"de_DE\" \/>\n<meta property=\"og:type\" content=\"article\" \/>\n<meta property=\"og:title\" content=\"Barrierefreies Hotel in Verona \u2013 Best Western CTC Hotel Verona\" \/>\n<meta property=\"og:description\" content=\"Das CTC Hotel Verona ist ein barrierefreies 4-Sterne-Hotel mit behindertengerechten Zimmern, geschultem und freundlichem Personal und Dienstleistungen f\u00fcr Menschen mit besonderen Bed\u00fcrfnissen.\" \/>\n<meta property=\"og:url\" content=\"https:\/\/www.ctchotelverona.com\/de\/dienste-hotel-verona\/barrierefreies-hotel\/\" \/>\n<meta property=\"og:site_name\" content=\"98326 CTC Verona\" \/>\n<meta property=\"article:modified_time\" content=\"2025-06-03T13:29:13+00:00\" \/>\n<meta property=\"og:image\" content=\"https:\/\/bwh-cdn.neen.dev\/wp-content\/uploads\/sites\/176\/2025\/05\/hotel-accessibile.webp\" \/>\n\t<meta property=\"og:image:width\" content=\"1920\" \/>\n\t<meta property=\"og:image:height\" content=\"800\" \/>\n\t<meta property=\"og:image:type\" content=\"image\/webp\" \/>\n<meta name=\"twitter:card\" content=\"summary_large_image\" \/>\n<meta name=\"twitter:label1\" content=\"Gesch\u00e4tzte Lesezeit\" \/>\n\t<meta name=\"twitter:data1\" content=\"1\u00a0Minute\" \/>\n<script type=\"application\/ld+json\" class=\"yoast-schema-graph\">{\"@context\":\"https:\\\/\\\/schema.org\",\"@graph\":[{\"@type\":\"WebPage\",\"@id\":\"https:\\\/\\\/www.ctchotelverona.com\\\/de\\\/dienste-hotel-verona\\\/barrierefreies-hotel\\\/\",\"url\":\"https:\\\/\\\/www.ctchotelverona.com\\\/de\\\/dienste-hotel-verona\\\/barrierefreies-hotel\\\/\",\"name\":\"Barrierefreies Hotel in Verona \u2013 Best Western CTC Hotel Verona\",\"isPartOf\":{\"@id\":\"https:\\\/\\\/www.ctchotelverona.com\\\/de\\\/#website\"},\"primaryImageOfPage\":{\"@id\":\"https:\\\/\\\/www.ctchotelverona.com\\\/de\\\/dienste-hotel-verona\\\/barrierefreies-hotel\\\/#primaryimage\"},\"image\":{\"@id\":\"https:\\\/\\\/www.ctchotelverona.com\\\/de\\\/dienste-hotel-verona\\\/barrierefreies-hotel\\\/#primaryimage\"},\"thumbnailUrl\":\"https:\\\/\\\/www.ctchotelverona.com\\\/wp-content\\\/uploads\\\/sites\\\/176\\\/2025\\\/05\\\/hotel-accessibile.webp\",\"datePublished\":\"2025-05-13T11:52:05+00:00\",\"dateModified\":\"2025-06-03T13:29:13+00:00\",\"description\":\"Das CTC Hotel Verona ist ein barrierefreies 4-Sterne-Hotel mit behindertengerechten Zimmern, geschultem und freundlichem Personal und Dienstleistungen f\u00fcr Menschen mit besonderen Bed\u00fcrfnissen.\",\"breadcrumb\":{\"@id\":\"https:\\\/\\\/www.ctchotelverona.com\\\/de\\\/dienste-hotel-verona\\\/barrierefreies-hotel\\\/#breadcrumb\"},\"inLanguage\":\"de\",\"potentialAction\":[{\"@type\":\"ReadAction\",\"target\":[\"https:\\\/\\\/www.ctchotelverona.com\\\/de\\\/dienste-hotel-verona\\\/barrierefreies-hotel\\\/\"]}]},{\"@type\":\"ImageObject\",\"inLanguage\":\"de\",\"@id\":\"https:\\\/\\\/www.ctchotelverona.com\\\/de\\\/dienste-hotel-verona\\\/barrierefreies-hotel\\\/#primaryimage\",\"url\":\"https:\\\/\\\/www.ctchotelverona.com\\\/wp-content\\\/uploads\\\/sites\\\/176\\\/2025\\\/05\\\/hotel-accessibile.webp\",\"contentUrl\":\"https:\\\/\\\/www.ctchotelverona.com\\\/wp-content\\\/uploads\\\/sites\\\/176\\\/2025\\\/05\\\/hotel-accessibile.webp\",\"width\":1920,\"height\":800,\"caption\":\"Accessible Hotel - CTC Hotel Verona\"},{\"@type\":\"BreadcrumbList\",\"@id\":\"https:\\\/\\\/www.ctchotelverona.com\\\/de\\\/dienste-hotel-verona\\\/barrierefreies-hotel\\\/#breadcrumb\",\"itemListElement\":[{\"@type\":\"ListItem\",\"position\":1,\"name\":\"Home\",\"item\":\"https:\\\/\\\/www.ctchotelverona.com\\\/de\\\/home\\\/\"},{\"@type\":\"ListItem\",\"position\":2,\"name\":\"Dienstleistungen\",\"item\":\"https:\\\/\\\/www.ctchotelverona.com\\\/de\\\/dienste-hotel-verona\\\/\"},{\"@type\":\"ListItem\",\"position\":3,\"name\":\"Barrierefreies Hotel\"}]},{\"@type\":\"WebSite\",\"@id\":\"https:\\\/\\\/www.ctchotelverona.com\\\/de\\\/#website\",\"url\":\"https:\\\/\\\/www.ctchotelverona.com\\\/de\\\/\",\"name\":\"98326 CTC Verona\",\"description\":\"\",\"publisher\":{\"@id\":\"https:\\\/\\\/www.ctchotelverona.com\\\/de\\\/#organization\"},\"potentialAction\":[{\"@type\":\"SearchAction\",\"target\":{\"@type\":\"EntryPoint\",\"urlTemplate\":\"https:\\\/\\\/www.ctchotelverona.com\\\/de\\\/?s={search_term_string}\"},\"query-input\":{\"@type\":\"PropertyValueSpecification\",\"valueRequired\":true,\"valueName\":\"search_term_string\"}}],\"inLanguage\":\"de\"},{\"@type\":\"Organization\",\"@id\":\"https:\\\/\\\/www.ctchotelverona.com\\\/de\\\/#organization\",\"name\":\"98326 CTC Verona\",\"url\":\"https:\\\/\\\/www.ctchotelverona.com\\\/de\\\/\",\"logo\":{\"@type\":\"ImageObject\",\"inLanguage\":\"de\",\"@id\":\"https:\\\/\\\/www.ctchotelverona.com\\\/de\\\/#\\\/schema\\\/logo\\\/image\\\/\",\"url\":\"https:\\\/\\\/www.ctchotelverona.com\\\/wp-content\\\/uploads\\\/sites\\\/176\\\/2024\\\/07\\\/BW-core.png\",\"contentUrl\":\"https:\\\/\\\/www.ctchotelverona.com\\\/wp-content\\\/uploads\\\/sites\\\/176\\\/2024\\\/07\\\/BW-core.png\",\"width\":2500,\"height\":916,\"caption\":\"98326 CTC Verona\"},\"image\":{\"@id\":\"https:\\\/\\\/www.ctchotelverona.com\\\/de\\\/#\\\/schema\\\/logo\\\/image\\\/\"}}]}<\/script>\n<!-- \/ Yoast SEO plugin. -->","yoast_head_json":{"title":"Barrierefreies Hotel in Verona \u2013 Best Western CTC Hotel Verona","description":"Das CTC Hotel Verona ist ein barrierefreies 4-Sterne-Hotel mit behindertengerechten Zimmern, geschultem und freundlichem Personal und Dienstleistungen f\u00fcr Menschen mit besonderen Bed\u00fcrfnissen.","robots":{"index":"index","follow":"follow","max-snippet":"max-snippet:-1","max-image-preview":"max-image-preview:large","max-video-preview":"max-video-preview:-1"},"canonical":"https:\/\/www.ctchotelverona.com\/de\/dienste-hotel-verona\/barrierefreies-hotel\/","og_locale":"de_DE","og_type":"article","og_title":"Barrierefreies Hotel in Verona \u2013 Best Western CTC Hotel Verona","og_description":"Das CTC Hotel Verona ist ein barrierefreies 4-Sterne-Hotel mit behindertengerechten Zimmern, geschultem und freundlichem Personal und Dienstleistungen f\u00fcr Menschen mit besonderen Bed\u00fcrfnissen.","og_url":"https:\/\/www.ctchotelverona.com\/de\/dienste-hotel-verona\/barrierefreies-hotel\/","og_site_name":"98326 CTC Verona","article_modified_time":"2025-06-03T13:29:13+00:00","og_image":[{"width":1920,"height":800,"url":"https:\/\/bwh-cdn.neen.dev\/wp-content\/uploads\/sites\/176\/2025\/05\/hotel-accessibile.webp","type":"image\/webp"}],"twitter_card":"summary_large_image","twitter_misc":{"Gesch\u00e4tzte Lesezeit":"1\u00a0Minute"},"schema":{"@context":"https:\/\/schema.org","@graph":[{"@type":"WebPage","@id":"https:\/\/www.ctchotelverona.com\/de\/dienste-hotel-verona\/barrierefreies-hotel\/","url":"https:\/\/www.ctchotelverona.com\/de\/dienste-hotel-verona\/barrierefreies-hotel\/","name":"Barrierefreies Hotel in Verona \u2013 Best Western CTC Hotel Verona","isPartOf":{"@id":"https:\/\/www.ctchotelverona.com\/de\/#website"},"primaryImageOfPage":{"@id":"https:\/\/www.ctchotelverona.com\/de\/dienste-hotel-verona\/barrierefreies-hotel\/#primaryimage"},"image":{"@id":"https:\/\/www.ctchotelverona.com\/de\/dienste-hotel-verona\/barrierefreies-hotel\/#primaryimage"},"thumbnailUrl":"https:\/\/www.ctchotelverona.com\/wp-content\/uploads\/sites\/176\/2025\/05\/hotel-accessibile.webp","datePublished":"2025-05-13T11:52:05+00:00","dateModified":"2025-06-03T13:29:13+00:00","description":"Das CTC Hotel Verona ist ein barrierefreies 4-Sterne-Hotel mit behindertengerechten Zimmern, geschultem und freundlichem Personal und Dienstleistungen f\u00fcr Menschen mit besonderen Bed\u00fcrfnissen.","breadcrumb":{"@id":"https:\/\/www.ctchotelverona.com\/de\/dienste-hotel-verona\/barrierefreies-hotel\/#breadcrumb"},"inLanguage":"de","potentialAction":[{"@type":"ReadAction","target":["https:\/\/www.ctchotelverona.com\/de\/dienste-hotel-verona\/barrierefreies-hotel\/"]}]},{"@type":"ImageObject","inLanguage":"de","@id":"https:\/\/www.ctchotelverona.com\/de\/dienste-hotel-verona\/barrierefreies-hotel\/#primaryimage","url":"https:\/\/www.ctchotelverona.com\/wp-content\/uploads\/sites\/176\/2025\/05\/hotel-accessibile.webp","contentUrl":"https:\/\/www.ctchotelverona.com\/wp-content\/uploads\/sites\/176\/2025\/05\/hotel-accessibile.webp","width":1920,"height":800,"caption":"Accessible Hotel - CTC Hotel Verona"},{"@type":"BreadcrumbList","@id":"https:\/\/www.ctchotelverona.com\/de\/dienste-hotel-verona\/barrierefreies-hotel\/#breadcrumb","itemListElement":[{"@type":"ListItem","position":1,"name":"Home","item":"https:\/\/www.ctchotelverona.com\/de\/home\/"},{"@type":"ListItem","position":2,"name":"Dienstleistungen","item":"https:\/\/www.ctchotelverona.com\/de\/dienste-hotel-verona\/"},{"@type":"ListItem","position":3,"name":"Barrierefreies Hotel"}]},{"@type":"WebSite","@id":"https:\/\/www.ctchotelverona.com\/de\/#website","url":"https:\/\/www.ctchotelverona.com\/de\/","name":"98326 CTC Verona","description":"","publisher":{"@id":"https:\/\/www.ctchotelverona.com\/de\/#organization"},"potentialAction":[{"@type":"SearchAction","target":{"@type":"EntryPoint","urlTemplate":"https:\/\/www.ctchotelverona.com\/de\/?s={search_term_string}"},"query-input":{"@type":"PropertyValueSpecification","valueRequired":true,"valueName":"search_term_string"}}],"inLanguage":"de"},{"@type":"Organization","@id":"https:\/\/www.ctchotelverona.com\/de\/#organization","name":"98326 CTC Verona","url":"https:\/\/www.ctchotelverona.com\/de\/","logo":{"@type":"ImageObject","inLanguage":"de","@id":"https:\/\/www.ctchotelverona.com\/de\/#\/schema\/logo\/image\/","url":"https:\/\/www.ctchotelverona.com\/wp-content\/uploads\/sites\/176\/2024\/07\/BW-core.png","contentUrl":"https:\/\/www.ctchotelverona.com\/wp-content\/uploads\/sites\/176\/2024\/07\/BW-core.png","width":2500,"height":916,"caption":"98326 CTC Verona"},"image":{"@id":"https:\/\/www.ctchotelverona.com\/de\/#\/schema\/logo\/image\/"}}]}},"_links":{"self":[{"href":"https:\/\/www.ctchotelverona.com\/de\/wp-json\/wp\/v2\/pages\/3406","targetHints":{"allow":["GET"]}}],"collection":[{"href":"https:\/\/www.ctchotelverona.com\/de\/wp-json\/wp\/v2\/pages"}],"about":[{"href":"https:\/\/www.ctchotelverona.com\/de\/wp-json\/wp\/v2\/types\/page"}],"author":[{"embeddable":true,"href":"https:\/\/www.ctchotelverona.com\/de\/wp-json\/wp\/v2\/users\/6"}],"replies":[{"embeddable":true,"href":"https:\/\/www.ctchotelverona.com\/de\/wp-json\/wp\/v2\/comments?post=3406"}],"version-history":[{"count":3,"href":"https:\/\/www.ctchotelverona.com\/de\/wp-json\/wp\/v2\/pages\/3406\/revisions"}],"predecessor-version":[{"id":3410,"href":"https:\/\/www.ctchotelverona.com\/de\/wp-json\/wp\/v2\/pages\/3406\/revisions\/3410"}],"up":[{"embeddable":true,"href":"https:\/\/www.ctchotelverona.com\/de\/wp-json\/wp\/v2\/pages\/3398"}],"wp:featuredmedia":[{"embeddable":true,"href":"https:\/\/www.ctchotelverona.com\/de\/wp-json\/wp\/v2\/media\/2889"}],"wp:attachment":[{"href":"https:\/\/www.ctchotelverona.com\/de\/wp-json\/wp\/v2\/media?parent=3406"}],"curies":[{"name":"wp","href":"https:\/\/api.w.org\/{rel}","templated":true}]}}