{"id":3404,"date":"2025-05-13T14:43:21","date_gmt":"2025-05-13T12:43:21","guid":{"rendered":"https:\/\/98326-ctc-verona.tempwebsite.it\/dienste\/business-hotel\/"},"modified":"2026-04-23T21:29:52","modified_gmt":"2026-04-23T19:29:52","slug":"business-hotel","status":"publish","type":"page","link":"https:\/\/www.ctchotelverona.com\/de\/personalisieren-urlaub-extra-dienste\/business-hotel\/","title":{"rendered":"Business Hotel"},"content":{"rendered":"\t\t<div data-elementor-type=\"wp-page\" data-elementor-id=\"3404\" class=\"elementor elementor-3404 elementor-1718\" data-elementor-post-type=\"page\">\n\t\t\t\t<div class=\"elementor-element elementor-element-0af297d e-flex e-con-boxed e-con e-parent\" data-id=\"0af297d\" data-element_type=\"container\" data-e-type=\"container\" data-settings=\"{&quot;background_background&quot;:&quot;classic&quot;,&quot;shape_divider_bottom&quot;:&quot;curve&quot;}\">\n\t\t\t\t\t<div class=\"e-con-inner\">\n\t\t\t\t<div class=\"elementor-shape elementor-shape-bottom\" aria-hidden=\"true\" data-negative=\"false\">\n\t\t\t<svg xmlns=\"http:\/\/www.w3.org\/2000\/svg\" viewBox=\"0 0 1000 100\" preserveAspectRatio=\"none\">\n    <path class=\"elementor-shape-fill\" d=\"M1000,4.3V0H0v4.3C0.9,23.1,126.7,99.2,500,100S1000,22.7,1000,4.3z\"\/>\n<\/svg>\t\t<\/div>\n\t\t\t\t\t<\/div>\n\t\t\t\t<\/div>\n\t\t<div class=\"elementor-element elementor-element-50b9849 e-flex e-con-boxed e-con e-parent\" data-id=\"50b9849\" data-element_type=\"container\" data-e-type=\"container\">\n\t\t\t\t\t<div class=\"e-con-inner\">\n\t\t\t\t<div class=\"elementor-element elementor-element-6a45d85 elementor-widget elementor-widget-heading\" data-id=\"6a45d85\" data-element_type=\"widget\" data-e-type=\"widget\" data-widget_type=\"heading.default\">\n\t\t\t\t<div class=\"elementor-widget-container\">\n\t\t\t\t\t<h1 class=\"elementor-heading-title elementor-size-default\">Business Hotel<\/h1>\t\t\t\t<\/div>\n\t\t\t\t<\/div>\n\t\t\t\t<div class=\"elementor-element elementor-element-8c5b316 elementor-widget elementor-widget-heading\" data-id=\"8c5b316\" data-element_type=\"widget\" data-e-type=\"widget\" data-widget_type=\"heading.default\">\n\t\t\t\t<div class=\"elementor-widget-container\">\n\t\t\t\t\t<h2 class=\"elementor-heading-title elementor-size-default\">Gesch\u00e4ftsreise? W\u00e4hlen Sie das CTC Hotel Verona <\/h2>\t\t\t\t<\/div>\n\t\t\t\t<\/div>\n\t\t\t\t<div class=\"elementor-element elementor-element-31219fa elementor-widget-divider--view-line elementor-widget elementor-widget-divider\" data-id=\"31219fa\" data-element_type=\"widget\" data-e-type=\"widget\" data-widget_type=\"divider.default\">\n\t\t\t\t<div class=\"elementor-widget-container\">\n\t\t\t\t\t\t\t<div class=\"elementor-divider\">\n\t\t\t<span class=\"elementor-divider-separator\">\n\t\t\t\t\t\t<\/span>\n\t\t<\/div>\n\t\t\t\t\t\t<\/div>\n\t\t\t\t<\/div>\n\t\t\t\t<div class=\"elementor-element elementor-element-825aaa7 elementor-widget elementor-widget-text-editor\" data-id=\"825aaa7\" data-element_type=\"widget\" data-e-type=\"widget\" data-widget_type=\"text-editor.default\">\n\t\t\t\t<div class=\"elementor-widget-container\">\n\t\t\t\t\t\t\t\t\t<p>Das eigens <strong>f\u00fcr die Bed\u00fcrfnisse von Gesch\u00e4ftsreisenden<\/strong> konzipierte Best Western CTC Hotel Verona bietet viele Leistungen an, damit Ihre Gesch\u00e4ftsreise angenehm und entspannt wird.<\/p><p>Das Hotel ist mit seiner <strong>strategischen Lage in der N\u00e4he von Verona und an der Ausfahrt der Tangenziale Sud <\/strong>zu den Autobahnen gut zu erreichen und mit unserem <strong>kostenlosen Shuttleservice<\/strong> sehr gut an die Stadt angebunden.<\/p><p>Der <strong>gro\u00dfe Parkplatz steht G\u00e4sten<\/strong>, die mit dem Auto anreisen, zur vollen Verf\u00fcgung, der kostenlose Fitnessraum ist immer ge\u00f6ffnet und eine Extraleistung f\u00fcr unsere G\u00e4ste, die oft beruflich auf Reise sind.<\/p><p>Au\u00dferdem erhalten Sie mit unserem Business-Paket viele Services zur Personalisierung Ihres Zimmers!<\/p>\t\t\t\t\t\t\t\t<\/div>\n\t\t\t\t<\/div>\n\t\t\t\t\t<\/div>\n\t\t\t\t<\/div>\n\t\t<div class=\"elementor-element elementor-element-28468fc e-flex e-con-boxed e-con e-parent\" data-id=\"28468fc\" data-element_type=\"container\" data-e-type=\"container\" data-settings=\"{&quot;animation_mobile&quot;:&quot;none&quot;}\">\n\t\t\t\t\t<div class=\"e-con-inner\">\n\t\t<div class=\"elementor-element elementor-element-7ea09c3 e-con-full e-flex elementor-invisible e-con e-child\" data-id=\"7ea09c3\" data-element_type=\"container\" data-e-type=\"container\" data-settings=\"{&quot;motion_fx_motion_fx_scrolling&quot;:&quot;yes&quot;,&quot;animation&quot;:&quot;fadeInLeft&quot;,&quot;animation_mobile&quot;:&quot;fadeIn&quot;,&quot;background_background&quot;:&quot;classic&quot;,&quot;motion_fx_devices&quot;:[&quot;desktop&quot;,&quot;tablet&quot;,&quot;mobile&quot;]}\">\n\t\t<div class=\"elementor-element elementor-element-da32ed1 e-con-full e-flex e-con e-child\" data-id=\"da32ed1\" data-element_type=\"container\" data-e-type=\"container\" data-settings=\"{&quot;animation_mobile&quot;:&quot;none&quot;}\">\n\t\t\t\t<div class=\"elementor-element elementor-element-72b9eba elementor-widget elementor-widget-heading\" data-id=\"72b9eba\" data-element_type=\"widget\" data-e-type=\"widget\" data-settings=\"{&quot;_animation_mobile&quot;:&quot;none&quot;}\" data-widget_type=\"heading.default\">\n\t\t\t\t<div class=\"elementor-widget-container\">\n\t\t\t\t\t<h3 class=\"elementor-heading-title elementor-size-default\">Kostenlose Leistungen f\u00fcr unsere Businessg\u00e4ste<\/h3>\t\t\t\t<\/div>\n\t\t\t\t<\/div>\n\t\t\t\t<div class=\"elementor-element elementor-element-41d8c9d elementor-widget elementor-widget-text-editor\" data-id=\"41d8c9d\" data-element_type=\"widget\" data-e-type=\"widget\" data-settings=\"{&quot;_animation_mobile&quot;:&quot;none&quot;}\" data-widget_type=\"text-editor.default\">\n\t\t\t\t<div class=\"elementor-widget-container\">\n\t\t\t\t\t\t\t\t\t<ul><li>Kostenloses WLAN im Zimmer und im gesamten Hotelbereich;<\/li><li>Business Point mit Computer, Scanner, Drucker und schnellem Internetanschluss;<\/li><li>Fr\u00fches Fr\u00fchst\u00fcck mit Kaffeebuffet ab 5 Uhr morgens;<\/li><li>Schnelles Auschecken auf Wunsch f\u00fcr eine schnellere Abreise;<\/li><li>Freier Zugang zum Fitnessraum;<\/li><li>Safes f\u00fcr Laptops an der Zimmer;<\/li><li>Universalladeger\u00e4t f\u00fcr Handys auf Anfrage.<\/li><\/ul>\t\t\t\t\t\t\t\t<\/div>\n\t\t\t\t<\/div>\n\t\t\t\t<\/div>\n\t\t\t\t<\/div>\n\t\t<div class=\"elementor-element elementor-element-4de4fed e-con-full e-flex elementor-invisible e-con e-child\" data-id=\"4de4fed\" data-element_type=\"container\" data-e-type=\"container\" data-settings=\"{&quot;background_background&quot;:&quot;classic&quot;,&quot;animation&quot;:&quot;fadeInRight&quot;,&quot;animation_mobile&quot;:&quot;none&quot;}\">\n\t\t<div class=\"elementor-element elementor-element-81687d5 e-con-full e-flex e-con e-child\" data-id=\"81687d5\" data-element_type=\"container\" data-e-type=\"container\">\n\t\t\t\t<div class=\"elementor-element elementor-element-4d59e10 elementor-widget elementor-widget-heading\" data-id=\"4d59e10\" data-element_type=\"widget\" data-e-type=\"widget\" data-widget_type=\"heading.default\">\n\t\t\t\t<div class=\"elementor-widget-container\">\n\t\t\t\t\t<h3 class=\"elementor-heading-title elementor-size-default\">Business-Paket<\/h3>\t\t\t\t<\/div>\n\t\t\t\t<\/div>\n\t\t\t\t<div class=\"elementor-element elementor-element-46afc51 elementor-widget-tablet__width-initial elementor-widget-mobile__width-inherit elementor-widget__width-inherit elementor-widget elementor-widget-text-editor\" data-id=\"46afc51\" data-element_type=\"widget\" data-e-type=\"widget\" data-widget_type=\"text-editor.default\">\n\t\t\t\t<div class=\"elementor-widget-container\">\n\t\t\t\t\t\t\t\t\t<p>Dar\u00fcber hinaus k\u00f6nnen Sie Ihren Aufenthalt individuell gestalten, indem Sie Ihrer Buchung das Business-Paket hinzuf\u00fcgen. <strong>Zum Preis von 5 \u20ac<\/strong> erhalten Sie:<\/p><ul><li><strong>kostenlose Minibar<\/strong>;<\/li><li><strong>Begr\u00fc\u00dfungsset<\/strong>;<\/li><li><strong>Wasserkocher<\/strong> f\u00fcr Tee und Kaffe;<\/li><li><strong>Lap Tray<\/strong> f\u00fcrs Notebook.<\/li><\/ul><p><br><strong>F\u00fcgen Sie das Business-Paket nach der Zimmerauswahl Ihrer Buchung<\/strong> hinzu oder fordern Sie es direkt beim Hotel an.<br><\/p>\t\t\t\t\t\t\t\t<\/div>\n\t\t\t\t<\/div>\n\t\t\t\t<\/div>\n\t\t\t\t<\/div>\n\t\t\t\t\t<\/div>\n\t\t\t\t<\/div>\n\t\t<div class=\"elementor-element elementor-element-8ae1ce1 e-flex e-con-boxed e-con e-parent\" data-id=\"8ae1ce1\" data-element_type=\"container\" data-e-type=\"container\">\n\t\t\t\t\t<div class=\"e-con-inner\">\n\t\t\t\t<div class=\"elementor-element elementor-element-723ba55 elementor-widget-mobile__width-inherit elementor-mobile-align-center elementor-align-center elementor-invisible elementor-widget elementor-widget-button\" data-id=\"723ba55\" data-element_type=\"widget\" data-e-type=\"widget\" data-settings=\"{&quot;_animation&quot;:&quot;fadeIn&quot;,&quot;_animation_mobile&quot;:&quot;none&quot;}\" data-widget_type=\"button.default\">\n\t\t\t\t<div class=\"elementor-widget-container\">\n\t\t\t\t\t\t\t\t\t<div class=\"elementor-button-wrapper\">\n\t\t\t\t\t<a class=\"elementor-button elementor-button-link elementor-size-sm\" href=\"https:\/\/www.ctchotelverona.com\/de\/personalisieren-urlaub-extra-dienste\/\">\n\t\t\t\t\t\t<span class=\"elementor-button-content-wrapper\">\n\t\t\t\t\t\t<span class=\"elementor-button-icon\">\n\t\t\t\t<svg aria-hidden=\"true\" class=\"e-font-icon-svg e-fas-angle-right\" viewBox=\"0 0 256 512\" xmlns=\"http:\/\/www.w3.org\/2000\/svg\"><path d=\"M224.3 273l-136 136c-9.4 9.4-24.6 9.4-33.9 0l-22.6-22.6c-9.4-9.4-9.4-24.6 0-33.9l96.4-96.4-96.4-96.4c-9.4-9.4-9.4-24.6 0-33.9L54.3 103c9.4-9.4 24.6-9.4 33.9 0l136 136c9.5 9.4 9.5 24.6.1 34z\"><\/path><\/svg>\t\t\t<\/span>\n\t\t\t\t\t\t\t\t\t<span class=\"elementor-button-text\">Entdecken Sie die weiteren Zusatzleistungen<\/span>\n\t\t\t\t\t<\/span>\n\t\t\t\t\t<\/a>\n\t\t\t\t<\/div>\n\t\t\t\t\t\t\t\t<\/div>\n\t\t\t\t<\/div>\n\t\t\t\t\t<\/div>\n\t\t\t\t<\/div>\n\t\t\t\t<\/div>\n\t\t","protected":false},"excerpt":{"rendered":"<p>Business Hotel Gesch\u00e4ftsreise? W\u00e4hlen Sie das CTC Hotel Verona Das eigens f\u00fcr die Bed\u00fcrfnisse von Gesch\u00e4ftsreisenden konzipierte Best Western CTC Hotel Verona bietet viele Leistungen an, damit Ihre Gesch\u00e4ftsreise angenehm und entspannt wird. Das Hotel ist mit seiner strategischen Lage in der N\u00e4he von Verona und an der Ausfahrt der Tangenziale Sud zu den Autobahnen [&hellip;]<\/p>\n","protected":false},"author":6,"featured_media":3039,"parent":3419,"menu_order":0,"comment_status":"closed","ping_status":"closed","template":"","meta":{"footnotes":""},"class_list":["post-3404","page","type-page","status-publish","has-post-thumbnail","hentry"],"yoast_head":"<!-- This site is optimized with the Yoast SEO plugin v27.3 - https:\/\/yoast.com\/product\/yoast-seo-wordpress\/ -->\n<title>Business-Hotel und Dienstleistungen f\u00fcr Gesch\u00e4ftsreisen \u2013 CTC Hotel Verona<\/title>\n<meta name=\"description\" content=\"CTC Hotel Verona, Business Hotel 4 stelle, con il Pacchetto Business riceverai tanti servizi appositamente concepiti per il viaggiatore d&#039;affari.\" \/>\n<meta name=\"robots\" content=\"index, follow, max-snippet:-1, max-image-preview:large, max-video-preview:-1\" \/>\n<link rel=\"canonical\" href=\"https:\/\/www.ctchotelverona.com\/de\/personalisieren-urlaub-extra-dienste\/business-hotel\/\" \/>\n<meta property=\"og:locale\" content=\"de_DE\" \/>\n<meta property=\"og:type\" content=\"article\" \/>\n<meta property=\"og:title\" content=\"Business-Hotel und Dienstleistungen f\u00fcr Gesch\u00e4ftsreisen \u2013 CTC Hotel Verona\" \/>\n<meta property=\"og:description\" content=\"CTC Hotel Verona, Business Hotel 4 stelle, con il Pacchetto Business riceverai tanti servizi appositamente concepiti per il viaggiatore d&#039;affari.\" \/>\n<meta property=\"og:url\" content=\"https:\/\/www.ctchotelverona.com\/de\/personalisieren-urlaub-extra-dienste\/business-hotel\/\" \/>\n<meta property=\"og:site_name\" content=\"98326 CTC Verona\" \/>\n<meta property=\"article:modified_time\" content=\"2026-04-23T19:29:52+00:00\" \/>\n<meta property=\"og:image\" content=\"https:\/\/www.ctchotelverona.com\/wp-content\/uploads\/sites\/176\/2025\/05\/Verona-Fiere-e-Business-Hotel.webp\" \/>\n\t<meta property=\"og:image:width\" content=\"1920\" \/>\n\t<meta property=\"og:image:height\" content=\"1080\" \/>\n\t<meta property=\"og:image:type\" content=\"image\/webp\" \/>\n<meta name=\"twitter:card\" content=\"summary_large_image\" \/>\n<meta name=\"twitter:label1\" content=\"Gesch\u00e4tzte Lesezeit\" \/>\n\t<meta name=\"twitter:data1\" content=\"1\u00a0Minute\" \/>\n<script type=\"application\/ld+json\" class=\"yoast-schema-graph\">{\"@context\":\"https:\\\/\\\/schema.org\",\"@graph\":[{\"@type\":\"WebPage\",\"@id\":\"https:\\\/\\\/www.ctchotelverona.com\\\/de\\\/personalisieren-urlaub-extra-dienste\\\/business-hotel\\\/\",\"url\":\"https:\\\/\\\/www.ctchotelverona.com\\\/de\\\/personalisieren-urlaub-extra-dienste\\\/business-hotel\\\/\",\"name\":\"Business-Hotel und Dienstleistungen f\u00fcr Gesch\u00e4ftsreisen \u2013 CTC Hotel Verona\",\"isPartOf\":{\"@id\":\"https:\\\/\\\/www.ctchotelverona.com\\\/de\\\/#website\"},\"primaryImageOfPage\":{\"@id\":\"https:\\\/\\\/www.ctchotelverona.com\\\/de\\\/personalisieren-urlaub-extra-dienste\\\/business-hotel\\\/#primaryimage\"},\"image\":{\"@id\":\"https:\\\/\\\/www.ctchotelverona.com\\\/de\\\/personalisieren-urlaub-extra-dienste\\\/business-hotel\\\/#primaryimage\"},\"thumbnailUrl\":\"https:\\\/\\\/www.ctchotelverona.com\\\/wp-content\\\/uploads\\\/sites\\\/176\\\/2025\\\/05\\\/Verona-Fiere-e-Business-Hotel.webp\",\"datePublished\":\"2025-05-13T12:43:21+00:00\",\"dateModified\":\"2026-04-23T19:29:52+00:00\",\"description\":\"CTC Hotel Verona, Business Hotel 4 stelle, con il Pacchetto Business riceverai tanti servizi appositamente concepiti per il viaggiatore d'affari.\",\"breadcrumb\":{\"@id\":\"https:\\\/\\\/www.ctchotelverona.com\\\/de\\\/personalisieren-urlaub-extra-dienste\\\/business-hotel\\\/#breadcrumb\"},\"inLanguage\":\"de\",\"potentialAction\":[{\"@type\":\"ReadAction\",\"target\":[\"https:\\\/\\\/www.ctchotelverona.com\\\/de\\\/personalisieren-urlaub-extra-dienste\\\/business-hotel\\\/\"]}]},{\"@type\":\"ImageObject\",\"inLanguage\":\"de\",\"@id\":\"https:\\\/\\\/www.ctchotelverona.com\\\/de\\\/personalisieren-urlaub-extra-dienste\\\/business-hotel\\\/#primaryimage\",\"url\":\"https:\\\/\\\/www.ctchotelverona.com\\\/wp-content\\\/uploads\\\/sites\\\/176\\\/2025\\\/05\\\/Verona-Fiere-e-Business-Hotel.webp\",\"contentUrl\":\"https:\\\/\\\/www.ctchotelverona.com\\\/wp-content\\\/uploads\\\/sites\\\/176\\\/2025\\\/05\\\/Verona-Fiere-e-Business-Hotel.webp\",\"width\":1920,\"height\":1080,\"caption\":\"Hotel Business Verona Fiere - CTC Hotel Verona\"},{\"@type\":\"BreadcrumbList\",\"@id\":\"https:\\\/\\\/www.ctchotelverona.com\\\/de\\\/personalisieren-urlaub-extra-dienste\\\/business-hotel\\\/#breadcrumb\",\"itemListElement\":[{\"@type\":\"ListItem\",\"position\":1,\"name\":\"Home\",\"item\":\"https:\\\/\\\/www.ctchotelverona.com\\\/de\\\/home\\\/\"},{\"@type\":\"ListItem\",\"position\":2,\"name\":\"Personalisieren Sie Ihren Urlaub\",\"item\":\"https:\\\/\\\/www.ctchotelverona.com\\\/de\\\/personalisieren-urlaub-extra-dienste\\\/\"},{\"@type\":\"ListItem\",\"position\":3,\"name\":\"Business Hotel\"}]},{\"@type\":\"WebSite\",\"@id\":\"https:\\\/\\\/www.ctchotelverona.com\\\/de\\\/#website\",\"url\":\"https:\\\/\\\/www.ctchotelverona.com\\\/de\\\/\",\"name\":\"98326 CTC Verona\",\"description\":\"\",\"publisher\":{\"@id\":\"https:\\\/\\\/www.ctchotelverona.com\\\/de\\\/#organization\"},\"potentialAction\":[{\"@type\":\"SearchAction\",\"target\":{\"@type\":\"EntryPoint\",\"urlTemplate\":\"https:\\\/\\\/www.ctchotelverona.com\\\/de\\\/?s={search_term_string}\"},\"query-input\":{\"@type\":\"PropertyValueSpecification\",\"valueRequired\":true,\"valueName\":\"search_term_string\"}}],\"inLanguage\":\"de\"},{\"@type\":\"Organization\",\"@id\":\"https:\\\/\\\/www.ctchotelverona.com\\\/de\\\/#organization\",\"name\":\"98326 CTC Verona\",\"url\":\"https:\\\/\\\/www.ctchotelverona.com\\\/de\\\/\",\"logo\":{\"@type\":\"ImageObject\",\"inLanguage\":\"de\",\"@id\":\"https:\\\/\\\/www.ctchotelverona.com\\\/de\\\/#\\\/schema\\\/logo\\\/image\\\/\",\"url\":\"https:\\\/\\\/www.ctchotelverona.com\\\/wp-content\\\/uploads\\\/sites\\\/176\\\/2024\\\/07\\\/BW-core.png\",\"contentUrl\":\"https:\\\/\\\/www.ctchotelverona.com\\\/wp-content\\\/uploads\\\/sites\\\/176\\\/2024\\\/07\\\/BW-core.png\",\"width\":2500,\"height\":916,\"caption\":\"98326 CTC Verona\"},\"image\":{\"@id\":\"https:\\\/\\\/www.ctchotelverona.com\\\/de\\\/#\\\/schema\\\/logo\\\/image\\\/\"}}]}<\/script>\n<!-- \/ Yoast SEO plugin. -->","yoast_head_json":{"title":"Business-Hotel und Dienstleistungen f\u00fcr Gesch\u00e4ftsreisen \u2013 CTC Hotel Verona","description":"CTC Hotel Verona, Business Hotel 4 stelle, con il Pacchetto Business riceverai tanti servizi appositamente concepiti per il viaggiatore d'affari.","robots":{"index":"index","follow":"follow","max-snippet":"max-snippet:-1","max-image-preview":"max-image-preview:large","max-video-preview":"max-video-preview:-1"},"canonical":"https:\/\/www.ctchotelverona.com\/de\/personalisieren-urlaub-extra-dienste\/business-hotel\/","og_locale":"de_DE","og_type":"article","og_title":"Business-Hotel und Dienstleistungen f\u00fcr Gesch\u00e4ftsreisen \u2013 CTC Hotel Verona","og_description":"CTC Hotel Verona, Business Hotel 4 stelle, con il Pacchetto Business riceverai tanti servizi appositamente concepiti per il viaggiatore d'affari.","og_url":"https:\/\/www.ctchotelverona.com\/de\/personalisieren-urlaub-extra-dienste\/business-hotel\/","og_site_name":"98326 CTC Verona","article_modified_time":"2026-04-23T19:29:52+00:00","og_image":[{"width":1920,"height":1080,"url":"https:\/\/www.ctchotelverona.com\/wp-content\/uploads\/sites\/176\/2025\/05\/Verona-Fiere-e-Business-Hotel.webp","type":"image\/webp"}],"twitter_card":"summary_large_image","twitter_misc":{"Gesch\u00e4tzte Lesezeit":"1\u00a0Minute"},"schema":{"@context":"https:\/\/schema.org","@graph":[{"@type":"WebPage","@id":"https:\/\/www.ctchotelverona.com\/de\/personalisieren-urlaub-extra-dienste\/business-hotel\/","url":"https:\/\/www.ctchotelverona.com\/de\/personalisieren-urlaub-extra-dienste\/business-hotel\/","name":"Business-Hotel und Dienstleistungen f\u00fcr Gesch\u00e4ftsreisen \u2013 CTC Hotel Verona","isPartOf":{"@id":"https:\/\/www.ctchotelverona.com\/de\/#website"},"primaryImageOfPage":{"@id":"https:\/\/www.ctchotelverona.com\/de\/personalisieren-urlaub-extra-dienste\/business-hotel\/#primaryimage"},"image":{"@id":"https:\/\/www.ctchotelverona.com\/de\/personalisieren-urlaub-extra-dienste\/business-hotel\/#primaryimage"},"thumbnailUrl":"https:\/\/www.ctchotelverona.com\/wp-content\/uploads\/sites\/176\/2025\/05\/Verona-Fiere-e-Business-Hotel.webp","datePublished":"2025-05-13T12:43:21+00:00","dateModified":"2026-04-23T19:29:52+00:00","description":"CTC Hotel Verona, Business Hotel 4 stelle, con il Pacchetto Business riceverai tanti servizi appositamente concepiti per il viaggiatore d'affari.","breadcrumb":{"@id":"https:\/\/www.ctchotelverona.com\/de\/personalisieren-urlaub-extra-dienste\/business-hotel\/#breadcrumb"},"inLanguage":"de","potentialAction":[{"@type":"ReadAction","target":["https:\/\/www.ctchotelverona.com\/de\/personalisieren-urlaub-extra-dienste\/business-hotel\/"]}]},{"@type":"ImageObject","inLanguage":"de","@id":"https:\/\/www.ctchotelverona.com\/de\/personalisieren-urlaub-extra-dienste\/business-hotel\/#primaryimage","url":"https:\/\/www.ctchotelverona.com\/wp-content\/uploads\/sites\/176\/2025\/05\/Verona-Fiere-e-Business-Hotel.webp","contentUrl":"https:\/\/www.ctchotelverona.com\/wp-content\/uploads\/sites\/176\/2025\/05\/Verona-Fiere-e-Business-Hotel.webp","width":1920,"height":1080,"caption":"Hotel Business Verona Fiere - CTC Hotel Verona"},{"@type":"BreadcrumbList","@id":"https:\/\/www.ctchotelverona.com\/de\/personalisieren-urlaub-extra-dienste\/business-hotel\/#breadcrumb","itemListElement":[{"@type":"ListItem","position":1,"name":"Home","item":"https:\/\/www.ctchotelverona.com\/de\/home\/"},{"@type":"ListItem","position":2,"name":"Personalisieren Sie Ihren Urlaub","item":"https:\/\/www.ctchotelverona.com\/de\/personalisieren-urlaub-extra-dienste\/"},{"@type":"ListItem","position":3,"name":"Business Hotel"}]},{"@type":"WebSite","@id":"https:\/\/www.ctchotelverona.com\/de\/#website","url":"https:\/\/www.ctchotelverona.com\/de\/","name":"98326 CTC Verona","description":"","publisher":{"@id":"https:\/\/www.ctchotelverona.com\/de\/#organization"},"potentialAction":[{"@type":"SearchAction","target":{"@type":"EntryPoint","urlTemplate":"https:\/\/www.ctchotelverona.com\/de\/?s={search_term_string}"},"query-input":{"@type":"PropertyValueSpecification","valueRequired":true,"valueName":"search_term_string"}}],"inLanguage":"de"},{"@type":"Organization","@id":"https:\/\/www.ctchotelverona.com\/de\/#organization","name":"98326 CTC Verona","url":"https:\/\/www.ctchotelverona.com\/de\/","logo":{"@type":"ImageObject","inLanguage":"de","@id":"https:\/\/www.ctchotelverona.com\/de\/#\/schema\/logo\/image\/","url":"https:\/\/www.ctchotelverona.com\/wp-content\/uploads\/sites\/176\/2024\/07\/BW-core.png","contentUrl":"https:\/\/www.ctchotelverona.com\/wp-content\/uploads\/sites\/176\/2024\/07\/BW-core.png","width":2500,"height":916,"caption":"98326 CTC Verona"},"image":{"@id":"https:\/\/www.ctchotelverona.com\/de\/#\/schema\/logo\/image\/"}}]}},"_links":{"self":[{"href":"https:\/\/www.ctchotelverona.com\/de\/wp-json\/wp\/v2\/pages\/3404","targetHints":{"allow":["GET"]}}],"collection":[{"href":"https:\/\/www.ctchotelverona.com\/de\/wp-json\/wp\/v2\/pages"}],"about":[{"href":"https:\/\/www.ctchotelverona.com\/de\/wp-json\/wp\/v2\/types\/page"}],"author":[{"embeddable":true,"href":"https:\/\/www.ctchotelverona.com\/de\/wp-json\/wp\/v2\/users\/6"}],"replies":[{"embeddable":true,"href":"https:\/\/www.ctchotelverona.com\/de\/wp-json\/wp\/v2\/comments?post=3404"}],"version-history":[{"count":3,"href":"https:\/\/www.ctchotelverona.com\/de\/wp-json\/wp\/v2\/pages\/3404\/revisions"}],"predecessor-version":[{"id":4954,"href":"https:\/\/www.ctchotelverona.com\/de\/wp-json\/wp\/v2\/pages\/3404\/revisions\/4954"}],"up":[{"embeddable":true,"href":"https:\/\/www.ctchotelverona.com\/de\/wp-json\/wp\/v2\/pages\/3419"}],"wp:featuredmedia":[{"embeddable":true,"href":"https:\/\/www.ctchotelverona.com\/de\/wp-json\/wp\/v2\/media\/3039"}],"wp:attachment":[{"href":"https:\/\/www.ctchotelverona.com\/de\/wp-json\/wp\/v2\/media?parent=3404"}],"curies":[{"name":"wp","href":"https:\/\/api.w.org\/{rel}","templated":true}]}}