{"id":3402,"date":"2025-05-13T15:54:33","date_gmt":"2025-05-13T13:54:33","guid":{"rendered":"https:\/\/98326-ctc-verona.tempwebsite.it\/dienste\/silver-hotel\/"},"modified":"2026-03-25T16:44:49","modified_gmt":"2026-03-25T15:44:49","slug":"silver-hotel","status":"publish","type":"page","link":"https:\/\/www.ctchotelverona.com\/de\/personalisieren-urlaub-extra-dienste\/silver-hotel\/","title":{"rendered":"Silver Hotel"},"content":{"rendered":"\t\t<div data-elementor-type=\"wp-page\" data-elementor-id=\"3402\" class=\"elementor elementor-3402 elementor-1785\" data-elementor-post-type=\"page\">\n\t\t\t\t<div class=\"elementor-element elementor-element-0af297d e-flex e-con-boxed e-con e-parent\" data-id=\"0af297d\" data-element_type=\"container\" data-e-type=\"container\" data-settings=\"{&quot;background_background&quot;:&quot;classic&quot;,&quot;shape_divider_bottom&quot;:&quot;curve&quot;}\">\n\t\t\t\t\t<div class=\"e-con-inner\">\n\t\t\t\t<div class=\"elementor-shape elementor-shape-bottom\" aria-hidden=\"true\" data-negative=\"false\">\n\t\t\t<svg xmlns=\"http:\/\/www.w3.org\/2000\/svg\" viewBox=\"0 0 1000 100\" preserveAspectRatio=\"none\">\n    <path class=\"elementor-shape-fill\" d=\"M1000,4.3V0H0v4.3C0.9,23.1,126.7,99.2,500,100S1000,22.7,1000,4.3z\"\/>\n<\/svg>\t\t<\/div>\n\t\t\t\t\t<\/div>\n\t\t\t\t<\/div>\n\t\t<div class=\"elementor-element elementor-element-50b9849 e-flex e-con-boxed e-con e-parent\" data-id=\"50b9849\" data-element_type=\"container\" data-e-type=\"container\">\n\t\t\t\t\t<div class=\"e-con-inner\">\n\t\t\t\t<div class=\"elementor-element elementor-element-6a45d85 elementor-widget elementor-widget-heading\" data-id=\"6a45d85\" data-element_type=\"widget\" data-e-type=\"widget\" data-widget_type=\"heading.default\">\n\t\t\t\t<div class=\"elementor-widget-container\">\n\t\t\t\t\t<h1 class=\"elementor-heading-title elementor-size-default\">Silver Hotel<\/h1>\t\t\t\t<\/div>\n\t\t\t\t<\/div>\n\t\t\t\t<div class=\"elementor-element elementor-element-8c5b316 elementor-widget elementor-widget-heading\" data-id=\"8c5b316\" data-element_type=\"widget\" data-e-type=\"widget\" data-widget_type=\"heading.default\">\n\t\t\t\t<div class=\"elementor-widget-container\">\n\t\t\t\t\t<h2 class=\"elementor-heading-title elementor-size-default\">Sind Sie ein Reisender \u00fcber 65? W\u00e4hlen Sie uns f\u00fcr Ihren Aufenthalt!  <\/h2>\t\t\t\t<\/div>\n\t\t\t\t<\/div>\n\t\t\t\t<div class=\"elementor-element elementor-element-31219fa elementor-widget-divider--view-line elementor-widget elementor-widget-divider\" data-id=\"31219fa\" data-element_type=\"widget\" data-e-type=\"widget\" data-widget_type=\"divider.default\">\n\t\t\t\t<div class=\"elementor-widget-container\">\n\t\t\t\t\t\t\t<div class=\"elementor-divider\">\n\t\t\t<span class=\"elementor-divider-separator\">\n\t\t\t\t\t\t<\/span>\n\t\t<\/div>\n\t\t\t\t\t\t<\/div>\n\t\t\t\t<\/div>\n\t\t\t\t<div class=\"elementor-element elementor-element-825aaa7 elementor-widget elementor-widget-text-editor\" data-id=\"825aaa7\" data-element_type=\"widget\" data-e-type=\"widget\" data-widget_type=\"text-editor.default\">\n\t\t\t\t<div class=\"elementor-widget-container\">\n\t\t\t\t\t\t\t\t\t<p>Im Best western CTC Hotel Verona bieten wir viele <strong>Aufmerksamkeiten<\/strong> f\u00fcr diejenigen, die den <strong>Slow Tourismus<\/strong> lieben und die Stadt und ihre Laubeng\u00e4nge mit allem<strong> Komfort<\/strong> erkunden m\u00f6chten!<\/p><p>F\u00fcr<strong> Reisende \u00fcber 65<\/strong>, die Verona besuchen m\u00f6chten, gibt es viele <strong>Dienstleistungen und Annehmlichkeiten<\/strong> wie <strong>eine kostenlose Flasche Wasser bei der Ankunft, einen kostenlosen Gep\u00e4ckservice, 10 % Rabatt auf interne Hoteldienstleistungen<\/strong> sowie Beratung und Wegbeschreibungen zu lokalen Sehensw\u00fcrdigkeiten und Servicereservierungen.<\/p>\t\t\t\t\t\t\t\t<\/div>\n\t\t\t\t<\/div>\n\t\t\t\t\t<\/div>\n\t\t\t\t<\/div>\n\t\t<div class=\"elementor-element elementor-element-28468fc e-flex e-con-boxed e-con e-parent\" data-id=\"28468fc\" data-element_type=\"container\" data-e-type=\"container\" data-settings=\"{&quot;animation_mobile&quot;:&quot;none&quot;}\">\n\t\t\t\t\t<div class=\"e-con-inner\">\n\t\t<div class=\"elementor-element elementor-element-7ea09c3 e-con-full e-flex elementor-invisible e-con e-child\" data-id=\"7ea09c3\" data-element_type=\"container\" data-e-type=\"container\" data-settings=\"{&quot;motion_fx_motion_fx_scrolling&quot;:&quot;yes&quot;,&quot;animation&quot;:&quot;fadeInLeft&quot;,&quot;animation_mobile&quot;:&quot;fadeIn&quot;,&quot;background_background&quot;:&quot;classic&quot;,&quot;motion_fx_devices&quot;:[&quot;desktop&quot;,&quot;tablet&quot;,&quot;mobile&quot;]}\">\n\t\t<div class=\"elementor-element elementor-element-da32ed1 e-con-full e-flex e-con e-child\" data-id=\"da32ed1\" data-element_type=\"container\" data-e-type=\"container\" data-settings=\"{&quot;animation_mobile&quot;:&quot;none&quot;}\">\n\t\t\t\t<div class=\"elementor-element elementor-element-72b9eba elementor-widget elementor-widget-heading\" data-id=\"72b9eba\" data-element_type=\"widget\" data-e-type=\"widget\" data-settings=\"{&quot;_animation_mobile&quot;:&quot;none&quot;}\" data-widget_type=\"heading.default\">\n\t\t\t\t<div class=\"elementor-widget-container\">\n\t\t\t\t\t<h3 class=\"elementor-heading-title elementor-size-default\">Kostenlose Leistungen<\/h3>\t\t\t\t<\/div>\n\t\t\t\t<\/div>\n\t\t\t\t<div class=\"elementor-element elementor-element-41d8c9d elementor-widget elementor-widget-text-editor\" data-id=\"41d8c9d\" data-element_type=\"widget\" data-e-type=\"widget\" data-settings=\"{&quot;_animation_mobile&quot;:&quot;none&quot;}\" data-widget_type=\"text-editor.default\">\n\t\t\t\t<div class=\"elementor-widget-container\">\n\t\t\t\t\t\t\t\t\t<ul><li>Ein f\u00fcrsorglicher Concierge unterst\u00fctzt Sie bei der digitalen Anbindung, beim Ein- und Auschecken und gibt Ihnen Wegbeschreibungen, Tipps und Ratschl\u00e4ge zu lokalen Sehensw\u00fcrdigkeiten und Servicebuchungen;<\/li><li>Kostenlose Wasserflasche bei der Ankunft;<\/li><li>10 % Rabatt auf interne Hoteldienstleistungen;<\/li><li>Parkplatz, bequem und in der N\u00e4he des Eingangs;<\/li><li>Fr\u00fchst\u00fccksecke mit nat\u00fcrlichen und gesunden Produkten;<\/li><li>Vorschlag f\u00fcr lokale Erlebnisse, die mit Anbietern vor Ort organisiert werden;<\/li><li>Transferservice auf Anfrage;<\/li><li>Kostenlose Gep\u00e4ckaufbewahrung;<\/li><li>Wenden Sie sich an den medizinischen Notdienst, der rund um die Uhr erreichbar ist.<\/li><\/ul><p><br>Das Hotel verf\u00fcgt \u00fcber barrierefreie Zimmer, jederzeit zug\u00e4ngliche Gemeinschaftsr\u00e4ume, einen Restaurant-Service f\u00fcr die drei Hauptmahlzeiten \u2013 Fr\u00fchst\u00fcck, Mittag- und Abendessen \u2013 und eine rund um die Uhr ge\u00f6ffnete Bar.<\/p><ul><li style=\"list-style-type: none;\"> <\/li><\/ul>\t\t\t\t\t\t\t\t<\/div>\n\t\t\t\t<\/div>\n\t\t\t\t<\/div>\n\t\t\t\t<\/div>\n\t\t<div class=\"elementor-element elementor-element-4de4fed e-con-full e-flex elementor-invisible e-con e-child\" data-id=\"4de4fed\" data-element_type=\"container\" data-e-type=\"container\" data-settings=\"{&quot;background_background&quot;:&quot;classic&quot;,&quot;animation&quot;:&quot;fadeInRight&quot;,&quot;animation_mobile&quot;:&quot;none&quot;}\">\n\t\t<div class=\"elementor-element elementor-element-81687d5 e-con-full e-flex e-con e-child\" data-id=\"81687d5\" data-element_type=\"container\" data-e-type=\"container\">\n\t\t\t\t<div class=\"elementor-element elementor-element-4d59e10 elementor-widget elementor-widget-heading\" data-id=\"4d59e10\" data-element_type=\"widget\" data-e-type=\"widget\" data-widget_type=\"heading.default\">\n\t\t\t\t<div class=\"elementor-widget-container\">\n\t\t\t\t\t<h3 class=\"elementor-heading-title elementor-size-default\">Silver-Paket<\/h3>\t\t\t\t<\/div>\n\t\t\t\t<\/div>\n\t\t\t\t<div class=\"elementor-element elementor-element-46afc51 elementor-widget-tablet__width-initial elementor-widget-mobile__width-inherit elementor-widget__width-inherit elementor-widget elementor-widget-text-editor\" data-id=\"46afc51\" data-element_type=\"widget\" data-e-type=\"widget\" data-widget_type=\"text-editor.default\">\n\t\t\t\t<div class=\"elementor-widget-container\">\n\t\t\t\t\t\t\t\t\t<p>Dar\u00fcber hinaus k\u00f6nnen Sie Ihren Aufenthalt individuell gestalten, indem Sie das<strong> Silver-Paket<\/strong> f\u00fcr <strong>10 \u20ac pro Zimmer <\/strong>zu Ihrer Buchung hinzuf\u00fcgen und erhalten:<\/p><ul><li>Einen <strong>Wasserkocher <\/strong>mit einer Auswahl an Tees auf dem Zimmer;<\/li><li><strong>Pantoffeln und Bademantel<\/strong>;<\/li><li><strong>H\u00f6flichkeitslinie<\/strong>;<\/li><li>Free Minibar mit Snacks und Erfrischungsgetr\u00e4nken (1 Flasche stilles Wasser, 1 Flasche Wasser mit Kohlens\u00e4ure, 1 Dose Cola, 1 P\u00e4ckchen Erdn\u00fcsse und 1 P\u00e4ckchen Kekse)<\/li><\/ul><p><strong>F\u00fcgen Sie das Silver-Paket Ihrer Buchung hinzu<\/strong>, nachdem Sie Ihr Zimmer ausgew\u00e4hlt haben, oder fordern Sie es direkt beim Hotel a<\/p>\t\t\t\t\t\t\t\t<\/div>\n\t\t\t\t<\/div>\n\t\t\t\t<\/div>\n\t\t\t\t<\/div>\n\t\t\t\t\t<\/div>\n\t\t\t\t<\/div>\n\t\t<div class=\"elementor-element elementor-element-8ae1ce1 e-flex e-con-boxed e-con e-parent\" data-id=\"8ae1ce1\" data-element_type=\"container\" data-e-type=\"container\">\n\t\t\t\t\t<div class=\"e-con-inner\">\n\t\t\t\t<div class=\"elementor-element elementor-element-723ba55 elementor-widget-mobile__width-inherit elementor-mobile-align-center elementor-align-center elementor-invisible elementor-widget elementor-widget-button\" data-id=\"723ba55\" data-element_type=\"widget\" data-e-type=\"widget\" data-settings=\"{&quot;_animation&quot;:&quot;fadeIn&quot;,&quot;_animation_mobile&quot;:&quot;none&quot;}\" data-widget_type=\"button.default\">\n\t\t\t\t<div class=\"elementor-widget-container\">\n\t\t\t\t\t\t\t\t\t<div class=\"elementor-button-wrapper\">\n\t\t\t\t\t<a class=\"elementor-button elementor-button-link elementor-size-sm\" href=\"https:\/\/www.ctchotelverona.com\/de\/dienste-hotel-verona\/\">\n\t\t\t\t\t\t<span class=\"elementor-button-content-wrapper\">\n\t\t\t\t\t\t<span class=\"elementor-button-icon\">\n\t\t\t\t<svg aria-hidden=\"true\" class=\"e-font-icon-svg e-fas-angle-right\" viewBox=\"0 0 256 512\" xmlns=\"http:\/\/www.w3.org\/2000\/svg\"><path d=\"M224.3 273l-136 136c-9.4 9.4-24.6 9.4-33.9 0l-22.6-22.6c-9.4-9.4-9.4-24.6 0-33.9l96.4-96.4-96.4-96.4c-9.4-9.4-9.4-24.6 0-33.9L54.3 103c9.4-9.4 24.6-9.4 33.9 0l136 136c9.5 9.4 9.5 24.6.1 34z\"><\/path><\/svg>\t\t\t<\/span>\n\t\t\t\t\t\t\t\t\t<span class=\"elementor-button-text\">Zur\u00fcck zu den Leistungen<\/span>\n\t\t\t\t\t<\/span>\n\t\t\t\t\t<\/a>\n\t\t\t\t<\/div>\n\t\t\t\t\t\t\t\t<\/div>\n\t\t\t\t<\/div>\n\t\t\t\t\t<\/div>\n\t\t\t\t<\/div>\n\t\t\t\t<\/div>\n\t\t","protected":false},"excerpt":{"rendered":"<p>Silver Hotel Sind Sie ein Reisender \u00fcber 65? W\u00e4hlen Sie uns f\u00fcr Ihren Aufenthalt! Im Best western CTC Hotel Verona bieten wir viele Aufmerksamkeiten f\u00fcr diejenigen, die den Slow Tourismus lieben und die Stadt und ihre Laubeng\u00e4nge mit allem Komfort erkunden m\u00f6chten! F\u00fcr Reisende \u00fcber 65, die Verona besuchen m\u00f6chten, gibt es viele Dienstleistungen und [&hellip;]<\/p>\n","protected":false},"author":6,"featured_media":2907,"parent":3419,"menu_order":0,"comment_status":"closed","ping_status":"closed","template":"","meta":{"footnotes":""},"class_list":["post-3402","page","type-page","status-publish","has-post-thumbnail","hentry"],"yoast_head":"<!-- This site is optimized with the Yoast SEO plugin v27.3 - https:\/\/yoast.com\/product\/yoast-seo-wordpress\/ -->\n<title>Silver Hotel - Angebote f\u00fcr \u00fcber 65-J\u00e4hrige - Best Western CTC Hotel Verona<\/title>\n<meta name=\"description\" content=\"Viel Aufmerksamkeit f\u00fcr Reisende \u00fcber 65, die die Sch\u00f6nheiten von Verona in vollem Komfort besichtigen m\u00f6chten.\" \/>\n<meta name=\"robots\" content=\"index, follow, max-snippet:-1, max-image-preview:large, max-video-preview:-1\" \/>\n<link rel=\"canonical\" href=\"https:\/\/www.ctchotelverona.com\/de\/personalisieren-urlaub-extra-dienste\/silver-hotel\/\" \/>\n<meta property=\"og:locale\" content=\"de_DE\" \/>\n<meta property=\"og:type\" content=\"article\" \/>\n<meta property=\"og:title\" content=\"Silver Hotel - Angebote f\u00fcr \u00fcber 65-J\u00e4hrige - Best Western CTC Hotel Verona\" \/>\n<meta property=\"og:description\" content=\"Viel Aufmerksamkeit f\u00fcr Reisende \u00fcber 65, die die Sch\u00f6nheiten von Verona in vollem Komfort besichtigen m\u00f6chten.\" \/>\n<meta property=\"og:url\" content=\"https:\/\/www.ctchotelverona.com\/de\/personalisieren-urlaub-extra-dienste\/silver-hotel\/\" \/>\n<meta property=\"og:site_name\" content=\"98326 CTC Verona\" \/>\n<meta property=\"article:modified_time\" content=\"2026-03-25T15:44:49+00:00\" \/>\n<meta property=\"og:image\" content=\"https:\/\/www.ctchotelverona.com\/wp-content\/uploads\/sites\/176\/2025\/05\/silver2.webp\" \/>\n\t<meta property=\"og:image:width\" content=\"1920\" \/>\n\t<meta property=\"og:image:height\" content=\"1280\" \/>\n\t<meta property=\"og:image:type\" content=\"image\/webp\" \/>\n<meta name=\"twitter:card\" content=\"summary_large_image\" \/>\n<meta name=\"twitter:label1\" content=\"Gesch\u00e4tzte Lesezeit\" \/>\n\t<meta name=\"twitter:data1\" content=\"2\u00a0Minuten\" \/>\n<script type=\"application\/ld+json\" class=\"yoast-schema-graph\">{\"@context\":\"https:\\\/\\\/schema.org\",\"@graph\":[{\"@type\":\"WebPage\",\"@id\":\"https:\\\/\\\/www.ctchotelverona.com\\\/de\\\/personalisieren-urlaub-extra-dienste\\\/silver-hotel\\\/\",\"url\":\"https:\\\/\\\/www.ctchotelverona.com\\\/de\\\/personalisieren-urlaub-extra-dienste\\\/silver-hotel\\\/\",\"name\":\"Silver Hotel - Angebote f\u00fcr \u00fcber 65-J\u00e4hrige - Best Western CTC Hotel Verona\",\"isPartOf\":{\"@id\":\"https:\\\/\\\/www.ctchotelverona.com\\\/de\\\/#website\"},\"primaryImageOfPage\":{\"@id\":\"https:\\\/\\\/www.ctchotelverona.com\\\/de\\\/personalisieren-urlaub-extra-dienste\\\/silver-hotel\\\/#primaryimage\"},\"image\":{\"@id\":\"https:\\\/\\\/www.ctchotelverona.com\\\/de\\\/personalisieren-urlaub-extra-dienste\\\/silver-hotel\\\/#primaryimage\"},\"thumbnailUrl\":\"https:\\\/\\\/www.ctchotelverona.com\\\/wp-content\\\/uploads\\\/sites\\\/176\\\/2025\\\/05\\\/silver2.webp\",\"datePublished\":\"2025-05-13T13:54:33+00:00\",\"dateModified\":\"2026-03-25T15:44:49+00:00\",\"description\":\"Viel Aufmerksamkeit f\u00fcr Reisende \u00fcber 65, die die Sch\u00f6nheiten von Verona in vollem Komfort besichtigen m\u00f6chten.\",\"breadcrumb\":{\"@id\":\"https:\\\/\\\/www.ctchotelverona.com\\\/de\\\/personalisieren-urlaub-extra-dienste\\\/silver-hotel\\\/#breadcrumb\"},\"inLanguage\":\"de\",\"potentialAction\":[{\"@type\":\"ReadAction\",\"target\":[\"https:\\\/\\\/www.ctchotelverona.com\\\/de\\\/personalisieren-urlaub-extra-dienste\\\/silver-hotel\\\/\"]}]},{\"@type\":\"ImageObject\",\"inLanguage\":\"de\",\"@id\":\"https:\\\/\\\/www.ctchotelverona.com\\\/de\\\/personalisieren-urlaub-extra-dienste\\\/silver-hotel\\\/#primaryimage\",\"url\":\"https:\\\/\\\/www.ctchotelverona.com\\\/wp-content\\\/uploads\\\/sites\\\/176\\\/2025\\\/05\\\/silver2.webp\",\"contentUrl\":\"https:\\\/\\\/www.ctchotelverona.com\\\/wp-content\\\/uploads\\\/sites\\\/176\\\/2025\\\/05\\\/silver2.webp\",\"width\":1920,\"height\":1280,\"caption\":\"Silver Hotel - CTC Hotel Verona\"},{\"@type\":\"BreadcrumbList\",\"@id\":\"https:\\\/\\\/www.ctchotelverona.com\\\/de\\\/personalisieren-urlaub-extra-dienste\\\/silver-hotel\\\/#breadcrumb\",\"itemListElement\":[{\"@type\":\"ListItem\",\"position\":1,\"name\":\"Home\",\"item\":\"https:\\\/\\\/www.ctchotelverona.com\\\/de\\\/home\\\/\"},{\"@type\":\"ListItem\",\"position\":2,\"name\":\"Dienste\",\"item\":\"https:\\\/\\\/www.ctchotelverona.com\\\/de\\\/dienste-hotel-verona\\\/\"},{\"@type\":\"ListItem\",\"position\":3,\"name\":\"Silver Hotel\"}]},{\"@type\":\"WebSite\",\"@id\":\"https:\\\/\\\/www.ctchotelverona.com\\\/de\\\/#website\",\"url\":\"https:\\\/\\\/www.ctchotelverona.com\\\/de\\\/\",\"name\":\"98326 CTC Verona\",\"description\":\"\",\"publisher\":{\"@id\":\"https:\\\/\\\/www.ctchotelverona.com\\\/de\\\/#organization\"},\"potentialAction\":[{\"@type\":\"SearchAction\",\"target\":{\"@type\":\"EntryPoint\",\"urlTemplate\":\"https:\\\/\\\/www.ctchotelverona.com\\\/de\\\/?s={search_term_string}\"},\"query-input\":{\"@type\":\"PropertyValueSpecification\",\"valueRequired\":true,\"valueName\":\"search_term_string\"}}],\"inLanguage\":\"de\"},{\"@type\":\"Organization\",\"@id\":\"https:\\\/\\\/www.ctchotelverona.com\\\/de\\\/#organization\",\"name\":\"98326 CTC Verona\",\"url\":\"https:\\\/\\\/www.ctchotelverona.com\\\/de\\\/\",\"logo\":{\"@type\":\"ImageObject\",\"inLanguage\":\"de\",\"@id\":\"https:\\\/\\\/www.ctchotelverona.com\\\/de\\\/#\\\/schema\\\/logo\\\/image\\\/\",\"url\":\"https:\\\/\\\/www.ctchotelverona.com\\\/wp-content\\\/uploads\\\/sites\\\/176\\\/2024\\\/07\\\/BW-core.png\",\"contentUrl\":\"https:\\\/\\\/www.ctchotelverona.com\\\/wp-content\\\/uploads\\\/sites\\\/176\\\/2024\\\/07\\\/BW-core.png\",\"width\":2500,\"height\":916,\"caption\":\"98326 CTC Verona\"},\"image\":{\"@id\":\"https:\\\/\\\/www.ctchotelverona.com\\\/de\\\/#\\\/schema\\\/logo\\\/image\\\/\"}}]}<\/script>\n<!-- \/ Yoast SEO plugin. -->","yoast_head_json":{"title":"Silver Hotel - Angebote f\u00fcr \u00fcber 65-J\u00e4hrige - Best Western CTC Hotel Verona","description":"Viel Aufmerksamkeit f\u00fcr Reisende \u00fcber 65, die die Sch\u00f6nheiten von Verona in vollem Komfort besichtigen m\u00f6chten.","robots":{"index":"index","follow":"follow","max-snippet":"max-snippet:-1","max-image-preview":"max-image-preview:large","max-video-preview":"max-video-preview:-1"},"canonical":"https:\/\/www.ctchotelverona.com\/de\/personalisieren-urlaub-extra-dienste\/silver-hotel\/","og_locale":"de_DE","og_type":"article","og_title":"Silver Hotel - Angebote f\u00fcr \u00fcber 65-J\u00e4hrige - Best Western CTC Hotel Verona","og_description":"Viel Aufmerksamkeit f\u00fcr Reisende \u00fcber 65, die die Sch\u00f6nheiten von Verona in vollem Komfort besichtigen m\u00f6chten.","og_url":"https:\/\/www.ctchotelverona.com\/de\/personalisieren-urlaub-extra-dienste\/silver-hotel\/","og_site_name":"98326 CTC Verona","article_modified_time":"2026-03-25T15:44:49+00:00","og_image":[{"width":1920,"height":1280,"url":"https:\/\/www.ctchotelverona.com\/wp-content\/uploads\/sites\/176\/2025\/05\/silver2.webp","type":"image\/webp"}],"twitter_card":"summary_large_image","twitter_misc":{"Gesch\u00e4tzte Lesezeit":"2\u00a0Minuten"},"schema":{"@context":"https:\/\/schema.org","@graph":[{"@type":"WebPage","@id":"https:\/\/www.ctchotelverona.com\/de\/personalisieren-urlaub-extra-dienste\/silver-hotel\/","url":"https:\/\/www.ctchotelverona.com\/de\/personalisieren-urlaub-extra-dienste\/silver-hotel\/","name":"Silver Hotel - Angebote f\u00fcr \u00fcber 65-J\u00e4hrige - Best Western CTC Hotel Verona","isPartOf":{"@id":"https:\/\/www.ctchotelverona.com\/de\/#website"},"primaryImageOfPage":{"@id":"https:\/\/www.ctchotelverona.com\/de\/personalisieren-urlaub-extra-dienste\/silver-hotel\/#primaryimage"},"image":{"@id":"https:\/\/www.ctchotelverona.com\/de\/personalisieren-urlaub-extra-dienste\/silver-hotel\/#primaryimage"},"thumbnailUrl":"https:\/\/www.ctchotelverona.com\/wp-content\/uploads\/sites\/176\/2025\/05\/silver2.webp","datePublished":"2025-05-13T13:54:33+00:00","dateModified":"2026-03-25T15:44:49+00:00","description":"Viel Aufmerksamkeit f\u00fcr Reisende \u00fcber 65, die die Sch\u00f6nheiten von Verona in vollem Komfort besichtigen m\u00f6chten.","breadcrumb":{"@id":"https:\/\/www.ctchotelverona.com\/de\/personalisieren-urlaub-extra-dienste\/silver-hotel\/#breadcrumb"},"inLanguage":"de","potentialAction":[{"@type":"ReadAction","target":["https:\/\/www.ctchotelverona.com\/de\/personalisieren-urlaub-extra-dienste\/silver-hotel\/"]}]},{"@type":"ImageObject","inLanguage":"de","@id":"https:\/\/www.ctchotelverona.com\/de\/personalisieren-urlaub-extra-dienste\/silver-hotel\/#primaryimage","url":"https:\/\/www.ctchotelverona.com\/wp-content\/uploads\/sites\/176\/2025\/05\/silver2.webp","contentUrl":"https:\/\/www.ctchotelverona.com\/wp-content\/uploads\/sites\/176\/2025\/05\/silver2.webp","width":1920,"height":1280,"caption":"Silver Hotel - CTC Hotel Verona"},{"@type":"BreadcrumbList","@id":"https:\/\/www.ctchotelverona.com\/de\/personalisieren-urlaub-extra-dienste\/silver-hotel\/#breadcrumb","itemListElement":[{"@type":"ListItem","position":1,"name":"Home","item":"https:\/\/www.ctchotelverona.com\/de\/home\/"},{"@type":"ListItem","position":2,"name":"Dienste","item":"https:\/\/www.ctchotelverona.com\/de\/dienste-hotel-verona\/"},{"@type":"ListItem","position":3,"name":"Silver Hotel"}]},{"@type":"WebSite","@id":"https:\/\/www.ctchotelverona.com\/de\/#website","url":"https:\/\/www.ctchotelverona.com\/de\/","name":"98326 CTC Verona","description":"","publisher":{"@id":"https:\/\/www.ctchotelverona.com\/de\/#organization"},"potentialAction":[{"@type":"SearchAction","target":{"@type":"EntryPoint","urlTemplate":"https:\/\/www.ctchotelverona.com\/de\/?s={search_term_string}"},"query-input":{"@type":"PropertyValueSpecification","valueRequired":true,"valueName":"search_term_string"}}],"inLanguage":"de"},{"@type":"Organization","@id":"https:\/\/www.ctchotelverona.com\/de\/#organization","name":"98326 CTC Verona","url":"https:\/\/www.ctchotelverona.com\/de\/","logo":{"@type":"ImageObject","inLanguage":"de","@id":"https:\/\/www.ctchotelverona.com\/de\/#\/schema\/logo\/image\/","url":"https:\/\/www.ctchotelverona.com\/wp-content\/uploads\/sites\/176\/2024\/07\/BW-core.png","contentUrl":"https:\/\/www.ctchotelverona.com\/wp-content\/uploads\/sites\/176\/2024\/07\/BW-core.png","width":2500,"height":916,"caption":"98326 CTC Verona"},"image":{"@id":"https:\/\/www.ctchotelverona.com\/de\/#\/schema\/logo\/image\/"}}]}},"_links":{"self":[{"href":"https:\/\/www.ctchotelverona.com\/de\/wp-json\/wp\/v2\/pages\/3402","targetHints":{"allow":["GET"]}}],"collection":[{"href":"https:\/\/www.ctchotelverona.com\/de\/wp-json\/wp\/v2\/pages"}],"about":[{"href":"https:\/\/www.ctchotelverona.com\/de\/wp-json\/wp\/v2\/types\/page"}],"author":[{"embeddable":true,"href":"https:\/\/www.ctchotelverona.com\/de\/wp-json\/wp\/v2\/users\/6"}],"replies":[{"embeddable":true,"href":"https:\/\/www.ctchotelverona.com\/de\/wp-json\/wp\/v2\/comments?post=3402"}],"version-history":[{"count":1,"href":"https:\/\/www.ctchotelverona.com\/de\/wp-json\/wp\/v2\/pages\/3402\/revisions"}],"predecessor-version":[{"id":3403,"href":"https:\/\/www.ctchotelverona.com\/de\/wp-json\/wp\/v2\/pages\/3402\/revisions\/3403"}],"up":[{"embeddable":true,"href":"https:\/\/www.ctchotelverona.com\/de\/wp-json\/wp\/v2\/pages\/3419"}],"wp:featuredmedia":[{"embeddable":true,"href":"https:\/\/www.ctchotelverona.com\/de\/wp-json\/wp\/v2\/media\/2907"}],"wp:attachment":[{"href":"https:\/\/www.ctchotelverona.com\/de\/wp-json\/wp\/v2\/media?parent=3402"}],"curies":[{"name":"wp","href":"https:\/\/api.w.org\/{rel}","templated":true}]}}